{"id":16264,"date":"2024-10-10T14:09:50","date_gmt":"2024-10-10T14:09:50","guid":{"rendered":"https:\/\/italchamber.qc.ca\/services\/wine\/"},"modified":"2025-05-15T17:12:59","modified_gmt":"2025-05-15T17:12:59","slug":"wine","status":"publish","type":"page","link":"https:\/\/italchamber.qc.ca\/it\/services\/wine\/","title":{"rendered":"Wine"},"content":{"rendered":"\t\t<div data-elementor-type=\"wp-page\" data-elementor-id=\"16264\" class=\"elementor elementor-16264 elementor-3332\" data-elementor-post-type=\"page\">\n\t\t\t\t<div class=\"elementor-element elementor-element-8906892 e-con-full e-flex e-con e-parent\" data-id=\"8906892\" data-element_type=\"container\" data-e-type=\"container\">\n\t\t<div class=\"elementor-element elementor-element-b5d2728 e-con-full e-flex e-con e-child\" data-id=\"b5d2728\" data-element_type=\"container\" data-e-type=\"container\">\n\t\t<div class=\"elementor-element elementor-element-28ae25c e-con-full e-flex e-con e-child\" data-id=\"28ae25c\" data-element_type=\"container\" data-e-type=\"container\" data-settings=\"{&quot;background_background&quot;:&quot;classic&quot;}\">\n\t\t<div class=\"elementor-element elementor-element-8ff9d22 e-flex e-con-boxed e-con e-child\" data-id=\"8ff9d22\" data-element_type=\"container\" data-e-type=\"container\">\n\t\t\t\t\t<div class=\"e-con-inner\">\n\t\t<div class=\"elementor-element elementor-element-f3a50aa e-con-full e-flex e-con e-child\" data-id=\"f3a50aa\" data-element_type=\"container\" data-e-type=\"container\">\n\t\t\t\t<div class=\"elementor-element elementor-element-db1b454 elementor-widget elementor-widget-heading\" data-id=\"db1b454\" data-element_type=\"widget\" data-e-type=\"widget\" data-widget_type=\"heading.default\">\n\t\t\t\t<div class=\"elementor-widget-container\">\n\t\t\t\t\t<h1 class=\"elementor-heading-title elementor-size-default\">Wine<\/h1>\t\t\t\t<\/div>\n\t\t\t\t<\/div>\n\t\t<div class=\"elementor-element elementor-element-e60fdd9 e-con-full e-flex e-con e-child\" data-id=\"e60fdd9\" data-element_type=\"container\" data-e-type=\"container\">\n\t\t\t\t<div class=\"elementor-element elementor-element-30c9801 elementor-widget elementor-widget-text-editor\" data-id=\"30c9801\" data-element_type=\"widget\" data-e-type=\"widget\" data-widget_type=\"text-editor.default\">\n\t\t\t\t<div class=\"elementor-widget-container\">\n\t\t\t\t\t\t\t\t\t<article class=\"text-token-text-primary w-full\" dir=\"auto\" data-testid=\"conversation-turn-6\" data-scroll-anchor=\"true\"><div class=\"text-base my-auto mx-auto py-5 [--thread-content-margin:--spacing(4)] @[37rem]:[--thread-content-margin:--spacing(6)] @[72rem]:[--thread-content-margin:--spacing(16)] px-(--thread-content-margin)\"><div class=\"[--thread-content-max-width:32rem] @[34rem]:[--thread-content-max-width:40rem] @[64rem]:[--thread-content-max-width:48rem] mx-auto flex max-w-(--thread-content-max-width) flex-1 text-base gap-4 md:gap-5 lg:gap-6 group\/turn-messages focus-visible:outline-hidden\" tabindex=\"-1\"><div class=\"group\/conversation-turn relative flex w-full min-w-0 flex-col agent-turn\"><div class=\"relative flex-col gap-1 md:gap-3\"><div class=\"flex max-w-full flex-col grow\"><div class=\"min-h-8 text-message relative flex w-full flex-col items-end gap-2 text-start break-words whitespace-normal [.text-message+&amp;]:mt-5\" dir=\"auto\" data-message-author-role=\"assistant\" data-message-id=\"71867669-f97a-4139-b1da-82b043846c30\" data-message-model-slug=\"gpt-4o\"><div class=\"flex w-full flex-col gap-1 empty:hidden first:pt-[3px]\"><div class=\"markdown prose dark:prose-invert w-full break-words dark\"><p class=\"\" data-start=\"0\" data-end=\"110\">Facilitare la crescita e la collaborazione attraverso una rete dinamica di risorse, partnership e opportunit\u00e0.<\/p><\/div><\/div><\/div><\/div><\/div><\/div><\/div><\/div><\/article>\t\t\t\t\t\t\t\t<\/div>\n\t\t\t\t<\/div>\n\t\t\t\t<\/div>\n\t\t\t\t<\/div>\n\t\t\t\t\t<\/div>\n\t\t\t\t<\/div>\n\t\t\t\t<\/div>\n\t\t\t\t<\/div>\n\t\t\t\t<\/div>\n\t\t<div class=\"elementor-element elementor-element-f5118ed e-con-full e-flex e-con e-parent\" data-id=\"f5118ed\" data-element_type=\"container\" data-e-type=\"container\">\n\t\t<div class=\"elementor-element elementor-element-68250a6 e-flex e-con-boxed e-con e-child\" data-id=\"68250a6\" data-element_type=\"container\" data-e-type=\"container\">\n\t\t\t\t\t<div class=\"e-con-inner\">\n\t\t<div class=\"elementor-element elementor-element-0bf3146 e-con-full e-flex e-con e-child\" data-id=\"0bf3146\" data-element_type=\"container\" data-e-type=\"container\" data-settings=\"{&quot;background_background&quot;:&quot;classic&quot;}\">\n\t\t\t\t<\/div>\n\t\t<div class=\"elementor-element elementor-element-9659ff9 e-con-full e-flex e-con e-child\" data-id=\"9659ff9\" data-element_type=\"container\" data-e-type=\"container\" data-settings=\"{&quot;background_background&quot;:&quot;classic&quot;}\">\n\t\t\t\t<div class=\"elementor-element elementor-element-636dddf elementor-widget elementor-widget-text-editor\" data-id=\"636dddf\" data-element_type=\"widget\" data-e-type=\"widget\" data-widget_type=\"text-editor.default\">\n\t\t\t\t<div class=\"elementor-widget-container\">\n\t\t\t\t\t\t\t\t\t<p>Il Canada \u00e8 il quinto maggior paese di importazione a livello mondiale in termini di volume ed il trend di consumo di vino cresce tre volte pi\u00f9 velocemente della media mondiale. Il posizionamento competitivo dell\u2019Italia in Canada \u00e8 particolarmente forte in Qu\u00e9bec. I consumatori Qu\u00e9becchesi apprezzano il vino italiano e amano scoprire nuovi vitigni autoctoni.<\/p><p>Il settore enologico rappresenta uno dei pi\u00f9 importanti ambiti di intervento della CCIC. Nel settore, lavoriamo con un team di esperti settoriali \u2013 sommelier, esperti di mercato, media specializzati \u2013 di rinomata e consolidata esperienza. Da anni,<\/p>\t\t\t\t\t\t\t\t<\/div>\n\t\t\t\t<\/div>\n\t\t\t\t<\/div>\n\t\t\t\t\t<\/div>\n\t\t\t\t<\/div>\n\t\t<div class=\"elementor-element elementor-element-c2fa513 e-flex e-con-boxed e-con e-child\" data-id=\"c2fa513\" data-element_type=\"container\" data-e-type=\"container\">\n\t\t\t\t\t<div class=\"e-con-inner\">\n\t\t<div class=\"elementor-element elementor-element-b8f7fa8 e-con-full e-flex e-con e-child\" data-id=\"b8f7fa8\" data-element_type=\"container\" data-e-type=\"container\" data-settings=\"{&quot;background_background&quot;:&quot;classic&quot;}\">\n\t\t\t\t<div class=\"elementor-element elementor-element-e1296ec elementor-widget elementor-widget-text-editor\" data-id=\"e1296ec\" data-element_type=\"widget\" data-e-type=\"widget\" data-widget_type=\"text-editor.default\">\n\t\t\t\t<div class=\"elementor-widget-container\">\n\t\t\t\t\t\t\t\t\t<p>operiamo in stretto collegamento con i Monopoli e conosciamo bene le regole del gioco del processo di importazione. Le agenzie di rappresentanza apprezzano la nostra expertise e la nostra vasta rete di contatti per identificare nuovi prodotti da introdurre sul mercato canadese.<\/p><p>Noi stessi siamo certificati dal Monopolio di Stato come agenzia di vino. Questo ci consente di aiutare le cantine di pi\u00f9 piccole dimensioni ad accedere ad un mercato dalle barriere all\u2019ingresso elevate, come quello canadese, a causa dell\u2019esistenza dei Monopoli.<\/p><p>Abbiamo servizi fortemente segmentati in funzione degli obiettivi commerciali dei nostri clienti: cantine non ancora presenti sul mercato, cantine gi\u00e0 presenti che vogliano aumentare il volume di vendite, Consorzi di tutela che vogliano promuovere branding e posizionamento sul mercato della propria denominazione e dei propri associati.<\/p>\t\t\t\t\t\t\t\t<\/div>\n\t\t\t\t<\/div>\n\t\t\t\t<\/div>\n\t\t\t\t\t<\/div>\n\t\t\t\t<\/div>\n\t\t<div class=\"elementor-element elementor-element-e82ffc1 e-grid e-con-boxed e-con e-child\" data-id=\"e82ffc1\" data-element_type=\"container\" data-e-type=\"container\">\n\t\t\t\t\t<div class=\"e-con-inner\">\n\t\t<div class=\"elementor-element elementor-element-43686f5 e-con-full e-flex e-con e-child\" data-id=\"43686f5\" data-element_type=\"container\" data-e-type=\"container\">\n\t\t\t\t<div class=\"elementor-element elementor-element-3fb7edf elementor-widget elementor-widget-heading\" data-id=\"3fb7edf\" data-element_type=\"widget\" data-e-type=\"widget\" data-widget_type=\"heading.default\">\n\t\t\t\t<div class=\"elementor-widget-container\">\n\t\t\t\t\t<h4 class=\"elementor-heading-title elementor-size-default\">Per i produttori italiani\n<\/h4>\t\t\t\t<\/div>\n\t\t\t\t<\/div>\n\t\t\t\t<div class=\"elementor-element elementor-element-dbc6b34 elementor-widget elementor-widget-text-editor\" data-id=\"dbc6b34\" data-element_type=\"widget\" data-e-type=\"widget\" data-widget_type=\"text-editor.default\">\n\t\t\t\t<div class=\"elementor-widget-container\">\n\t\t\t\t\t\t\t\t\t<ul><li>Valutazione opportunit\u00e0 di mercato e scelta entry strategy<\/li><li>Importazione privata per primo accreditamento sul mercato<\/li><li>Partecipazione saloni dell\u2019Importazione Privata<\/li><li>Iscrizione tender Monopoli provinciali del Qu\u00e9bec (SAQ)<\/li><li>Selezione agenzia di rappresentanza<\/li><li>Mini-saloni per agenti e media specializzati<\/li><li>Atelier tecnici<\/li><li>Formazione per Conseiller en Vin dei Monopoli provinciali del Qu\u00e9bec (SAQ)<\/li><li>Eventi di promozione e branding<\/li><li>Comunicazione e marketing<\/li><li>Incoming agenti, media ed influencer<\/li><li>Promozione enoturismo<\/li><\/ul>\t\t\t\t\t\t\t\t<\/div>\n\t\t\t\t<\/div>\n\t\t\t\t<\/div>\n\t\t<div class=\"elementor-element elementor-element-e7a0ce2 e-con-full e-flex e-con e-child\" data-id=\"e7a0ce2\" data-element_type=\"container\" data-e-type=\"container\">\n\t\t\t\t<div class=\"elementor-element elementor-element-ffcccb5 elementor-widget elementor-widget-heading\" data-id=\"ffcccb5\" data-element_type=\"widget\" data-e-type=\"widget\" data-widget_type=\"heading.default\">\n\t\t\t\t<div class=\"elementor-widget-container\">\n\t\t\t\t\t<h4 class=\"elementor-heading-title elementor-size-default\">Per le agenzie di rappresentanza quebecchesi e canadesi\n<\/h4>\t\t\t\t<\/div>\n\t\t\t\t<\/div>\n\t\t\t\t<div class=\"elementor-element elementor-element-95dcc41 elementor-widget elementor-widget-text-editor\" data-id=\"95dcc41\" data-element_type=\"widget\" data-e-type=\"widget\" data-widget_type=\"text-editor.default\">\n\t\t\t\t<div class=\"elementor-widget-container\">\n\t\t\t\t\t\t\t\t\t<ul><li>Identificazione nuovi prodotti e produttori coerenti con il portfolio aziendale<\/li><li>Missioni commerciali ed eductour<\/li><li>Eventi di promozione e branding<\/li><li>Comunicazione e marketing<\/li><li>Formazione<\/li><\/ul>\t\t\t\t\t\t\t\t<\/div>\n\t\t\t\t<\/div>\n\t\t\t\t<\/div>\n\t\t\t\t\t<\/div>\n\t\t\t\t<\/div>\n\t\t<div class=\"elementor-element elementor-element-6508904 e-flex e-con-boxed e-con e-child\" data-id=\"6508904\" data-element_type=\"container\" data-e-type=\"container\">\n\t\t\t\t\t<div class=\"e-con-inner\">\n\t\t<a class=\"elementor-element elementor-element-bd66f5f e-con-full e-flex e-con e-child\" data-id=\"bd66f5f\" data-element_type=\"container\" data-e-type=\"container\" data-settings=\"{&quot;background_background&quot;:&quot;classic&quot;}\" href=\"https:\/\/italchamber.qc.ca\/wp-content\/uploads\/2017\/01\/brochure-ccic-vino.pdf\">\n\t\t\t\t<\/a>\n\t\t<div class=\"elementor-element elementor-element-1052579 e-con-full e-flex e-con e-child\" data-id=\"1052579\" data-element_type=\"container\" data-e-type=\"container\" data-settings=\"{&quot;background_background&quot;:&quot;classic&quot;}\">\n\t\t\t\t<div class=\"elementor-element elementor-element-bac2382 elementor-widget elementor-widget-text-editor\" data-id=\"bac2382\" data-element_type=\"widget\" data-e-type=\"widget\" data-widget_type=\"text-editor.default\">\n\t\t\t\t<div class=\"elementor-widget-container\">\n\t\t\t\t\t\t\t\t\t<p><em>I wine lovers<\/em>\u00a0canadesi sono sempre pi\u00f9 anche appassionati enoturisti. Ed \u00e8 per wine lovers appassionati viaggiatori che abbiamo creato\u00a0<a href=\"http:\/\/www.wineandtravelitaly.com\/\" target=\"_blank\" rel=\"noopener\">Wine and Travel Italy<\/a>, una comunit\u00e0 virtuale che consente alle cantine di raccontarsi e di promuovere i propri attrattori enoturistici. Le cantine italiane della community accedono a servizi dedicati che includono: inserimento in pacchetti turistici, eventi, incoming.<\/p>\t\t\t\t\t\t\t\t<\/div>\n\t\t\t\t<\/div>\n\t\t\t\t<\/div>\n\t\t\t\t\t<\/div>\n\t\t\t\t<\/div>\n\t\t\t\t<\/div>\n\t\t<div class=\"elementor-element elementor-element-fcb242e e-con-full e-flex e-con e-child\" data-id=\"fcb242e\" data-element_type=\"container\" data-e-type=\"container\" data-settings=\"{&quot;background_background&quot;:&quot;classic&quot;}\">\n\t\t<div class=\"elementor-element elementor-element-26b505b e-flex e-con-boxed e-con e-child\" data-id=\"26b505b\" data-element_type=\"container\" data-e-type=\"container\">\n\t\t\t\t\t<div class=\"e-con-inner\">\n\t\t<div class=\"elementor-element elementor-element-33e9442 e-con-full e-flex e-con e-child\" data-id=\"33e9442\" data-element_type=\"container\" data-e-type=\"container\" data-settings=\"{&quot;background_background&quot;:&quot;classic&quot;}\">\n\t\t\t\t<div class=\"elementor-element elementor-element-aa797fe elementor-widget elementor-widget-heading\" data-id=\"aa797fe\" data-element_type=\"widget\" data-e-type=\"widget\" data-widget_type=\"heading.default\">\n\t\t\t\t<div class=\"elementor-widget-container\">\n\t\t\t\t\t<h4 class=\"elementor-heading-title elementor-size-default\">Eddy Fioretti \u2013 ClouDesire<\/h4>\t\t\t\t<\/div>\n\t\t\t\t<\/div>\n\t\t\t\t<div class=\"elementor-element elementor-element-1648791 elementor-widget elementor-widget-heading\" data-id=\"1648791\" data-element_type=\"widget\" data-e-type=\"widget\" data-widget_type=\"heading.default\">\n\t\t\t\t<div class=\"elementor-widget-container\">\n\t\t\t\t\t<h3 class=\"elementor-heading-title elementor-size-default\">\u2026l\u2019assistenza puntuale e costante, la costruzione personalizzata di opportunit\u00e0 di business, il \u201ctraining on the job \u00bb, l\u2019accompagnamento di profili estremamente senior della Camera durante ogni meeting (6 meeting in 3 giorni lavorativi, tutti con persone di alto livello), sono stati per ClouDesire un\u2019occasione veramente importante per conoscere da vicino il mercato canadese e costruire in brevissimo tempo relazioni che \u2013 speriamo \u2013 possano concretizzarsi al pi\u00f9 presto.<\/h3>\t\t\t\t<\/div>\n\t\t\t\t<\/div>\n\t\t\t\t<\/div>\n\t\t\t\t\t<\/div>\n\t\t\t\t<\/div>\n\t\t\t\t<\/div>\n\t\t\t\t<\/div>\n\t\t","protected":false},"excerpt":{"rendered":"<p>Wine Facilitare la crescita e la collaborazione attraverso una rete dinamica di risorse, partnership e opportunit\u00e0. Il Canada \u00e8 il quinto maggior paese di importazione a livello mondiale in termini di volume ed il trend di consumo di vino cresce tre volte pi\u00f9 velocemente della media mondiale. Il posizionamento competitivo dell\u2019Italia in Canada \u00e8 particolarmente [&hellip;]<\/p>\n","protected":false},"author":1,"featured_media":0,"parent":16217,"menu_order":0,"comment_status":"closed","ping_status":"closed","template":"","meta":{"_acf_changed":false,"inline_featured_image":false,"footnotes":""},"class_list":["post-16264","page","type-page","status-publish","hentry"],"acf":[],"yoast_head":"<!-- This site is optimized with the Yoast SEO plugin v27.2 - https:\/\/yoast.com\/product\/yoast-seo-wordpress\/ -->\n<title>Wine - ICCC<\/title>\n<meta name=\"robots\" content=\"index, follow, max-snippet:-1, max-image-preview:large, max-video-preview:-1\" \/>\n<link rel=\"canonical\" href=\"https:\/\/italchamber.qc.ca\/it\/services\/wine\/\" \/>\n<meta property=\"og:locale\" content=\"it_IT\" \/>\n<meta property=\"og:type\" content=\"article\" \/>\n<meta property=\"og:title\" content=\"Wine - ICCC\" \/>\n<meta property=\"og:description\" content=\"Wine Facilitare la crescita e la collaborazione attraverso una rete dinamica di risorse, partnership e opportunit\u00e0. Il Canada \u00e8 il quinto maggior paese di importazione a livello mondiale in termini di volume ed il trend di consumo di vino cresce tre volte pi\u00f9 velocemente della media mondiale. Il posizionamento competitivo dell\u2019Italia in Canada \u00e8 particolarmente [&hellip;]\" \/>\n<meta property=\"og:url\" content=\"https:\/\/italchamber.qc.ca\/it\/services\/wine\/\" \/>\n<meta property=\"og:site_name\" content=\"ICCC\" \/>\n<meta property=\"article:modified_time\" content=\"2025-05-15T17:12:59+00:00\" \/>\n<meta name=\"twitter:card\" content=\"summary_large_image\" \/>\n<meta name=\"twitter:label1\" content=\"Tempo di lettura stimato\" \/>\n\t<meta name=\"twitter:data1\" content=\"3 minuti\" \/>\n<script type=\"application\/ld+json\" class=\"yoast-schema-graph\">{\"@context\":\"https:\/\/schema.org\",\"@graph\":[{\"@type\":\"WebPage\",\"@id\":\"https:\/\/italchamber.qc.ca\/it\/services\/wine\/\",\"url\":\"https:\/\/italchamber.qc.ca\/it\/services\/wine\/\",\"name\":\"Wine - ICCC\",\"isPartOf\":{\"@id\":\"https:\/\/italchamber.qc.ca\/it\/#website\"},\"datePublished\":\"2024-10-10T14:09:50+00:00\",\"dateModified\":\"2025-05-15T17:12:59+00:00\",\"breadcrumb\":{\"@id\":\"https:\/\/italchamber.qc.ca\/it\/services\/wine\/#breadcrumb\"},\"inLanguage\":\"it-IT\",\"potentialAction\":[{\"@type\":\"ReadAction\",\"target\":[\"https:\/\/italchamber.qc.ca\/it\/services\/wine\/\"]}]},{\"@type\":\"BreadcrumbList\",\"@id\":\"https:\/\/italchamber.qc.ca\/it\/services\/wine\/#breadcrumb\",\"itemListElement\":[{\"@type\":\"ListItem\",\"position\":1,\"name\":\"Home\",\"item\":\"https:\/\/italchamber.qc.ca\/it\/home\/\"},{\"@type\":\"ListItem\",\"position\":2,\"name\":\"Servizi\",\"item\":\"https:\/\/italchamber.qc.ca\/it\/services\/\"},{\"@type\":\"ListItem\",\"position\":3,\"name\":\"Wine\"}]},{\"@type\":\"WebSite\",\"@id\":\"https:\/\/italchamber.qc.ca\/it\/#website\",\"url\":\"https:\/\/italchamber.qc.ca\/it\/\",\"name\":\"ICCC\",\"description\":\"Italian Chamber of Commerce in Canada\",\"publisher\":{\"@id\":\"https:\/\/italchamber.qc.ca\/it\/#organization\"},\"potentialAction\":[{\"@type\":\"SearchAction\",\"target\":{\"@type\":\"EntryPoint\",\"urlTemplate\":\"https:\/\/italchamber.qc.ca\/it\/?s={search_term_string}\"},\"query-input\":{\"@type\":\"PropertyValueSpecification\",\"valueRequired\":true,\"valueName\":\"search_term_string\"}}],\"inLanguage\":\"it-IT\"},{\"@type\":\"Organization\",\"@id\":\"https:\/\/italchamber.qc.ca\/it\/#organization\",\"name\":\"ICCC\",\"url\":\"https:\/\/italchamber.qc.ca\/it\/\",\"logo\":{\"@type\":\"ImageObject\",\"inLanguage\":\"it-IT\",\"@id\":\"https:\/\/italchamber.qc.ca\/it\/#\/schema\/logo\/image\/\",\"url\":\"https:\/\/italchamber.qc.ca\/wp-content\/uploads\/2025\/05\/ICCC-Logo-Italian.svg\",\"contentUrl\":\"https:\/\/italchamber.qc.ca\/wp-content\/uploads\/2025\/05\/ICCC-Logo-Italian.svg\",\"caption\":\"ICCC\"},\"image\":{\"@id\":\"https:\/\/italchamber.qc.ca\/it\/#\/schema\/logo\/image\/\"}}]}<\/script>\n<!-- \/ Yoast SEO plugin. -->","yoast_head_json":{"title":"Wine - ICCC","robots":{"index":"index","follow":"follow","max-snippet":"max-snippet:-1","max-image-preview":"max-image-preview:large","max-video-preview":"max-video-preview:-1"},"canonical":"https:\/\/italchamber.qc.ca\/it\/services\/wine\/","og_locale":"it_IT","og_type":"article","og_title":"Wine - ICCC","og_description":"Wine Facilitare la crescita e la collaborazione attraverso una rete dinamica di risorse, partnership e opportunit\u00e0. Il Canada \u00e8 il quinto maggior paese di importazione a livello mondiale in termini di volume ed il trend di consumo di vino cresce tre volte pi\u00f9 velocemente della media mondiale. Il posizionamento competitivo dell\u2019Italia in Canada \u00e8 particolarmente [&hellip;]","og_url":"https:\/\/italchamber.qc.ca\/it\/services\/wine\/","og_site_name":"ICCC","article_modified_time":"2025-05-15T17:12:59+00:00","twitter_card":"summary_large_image","twitter_misc":{"Tempo di lettura stimato":"3 minuti"},"schema":{"@context":"https:\/\/schema.org","@graph":[{"@type":"WebPage","@id":"https:\/\/italchamber.qc.ca\/it\/services\/wine\/","url":"https:\/\/italchamber.qc.ca\/it\/services\/wine\/","name":"Wine - ICCC","isPartOf":{"@id":"https:\/\/italchamber.qc.ca\/it\/#website"},"datePublished":"2024-10-10T14:09:50+00:00","dateModified":"2025-05-15T17:12:59+00:00","breadcrumb":{"@id":"https:\/\/italchamber.qc.ca\/it\/services\/wine\/#breadcrumb"},"inLanguage":"it-IT","potentialAction":[{"@type":"ReadAction","target":["https:\/\/italchamber.qc.ca\/it\/services\/wine\/"]}]},{"@type":"BreadcrumbList","@id":"https:\/\/italchamber.qc.ca\/it\/services\/wine\/#breadcrumb","itemListElement":[{"@type":"ListItem","position":1,"name":"Home","item":"https:\/\/italchamber.qc.ca\/it\/home\/"},{"@type":"ListItem","position":2,"name":"Servizi","item":"https:\/\/italchamber.qc.ca\/it\/services\/"},{"@type":"ListItem","position":3,"name":"Wine"}]},{"@type":"WebSite","@id":"https:\/\/italchamber.qc.ca\/it\/#website","url":"https:\/\/italchamber.qc.ca\/it\/","name":"ICCC","description":"Italian Chamber of Commerce in Canada","publisher":{"@id":"https:\/\/italchamber.qc.ca\/it\/#organization"},"potentialAction":[{"@type":"SearchAction","target":{"@type":"EntryPoint","urlTemplate":"https:\/\/italchamber.qc.ca\/it\/?s={search_term_string}"},"query-input":{"@type":"PropertyValueSpecification","valueRequired":true,"valueName":"search_term_string"}}],"inLanguage":"it-IT"},{"@type":"Organization","@id":"https:\/\/italchamber.qc.ca\/it\/#organization","name":"ICCC","url":"https:\/\/italchamber.qc.ca\/it\/","logo":{"@type":"ImageObject","inLanguage":"it-IT","@id":"https:\/\/italchamber.qc.ca\/it\/#\/schema\/logo\/image\/","url":"https:\/\/italchamber.qc.ca\/wp-content\/uploads\/2025\/05\/ICCC-Logo-Italian.svg","contentUrl":"https:\/\/italchamber.qc.ca\/wp-content\/uploads\/2025\/05\/ICCC-Logo-Italian.svg","caption":"ICCC"},"image":{"@id":"https:\/\/italchamber.qc.ca\/it\/#\/schema\/logo\/image\/"}}]}},"_links":{"self":[{"href":"https:\/\/italchamber.qc.ca\/it\/wp-json\/wp\/v2\/pages\/16264","targetHints":{"allow":["GET"]}}],"collection":[{"href":"https:\/\/italchamber.qc.ca\/it\/wp-json\/wp\/v2\/pages"}],"about":[{"href":"https:\/\/italchamber.qc.ca\/it\/wp-json\/wp\/v2\/types\/page"}],"author":[{"embeddable":true,"href":"https:\/\/italchamber.qc.ca\/it\/wp-json\/wp\/v2\/users\/1"}],"replies":[{"embeddable":true,"href":"https:\/\/italchamber.qc.ca\/it\/wp-json\/wp\/v2\/comments?post=16264"}],"version-history":[{"count":13,"href":"https:\/\/italchamber.qc.ca\/it\/wp-json\/wp\/v2\/pages\/16264\/revisions"}],"predecessor-version":[{"id":16323,"href":"https:\/\/italchamber.qc.ca\/it\/wp-json\/wp\/v2\/pages\/16264\/revisions\/16323"}],"up":[{"embeddable":true,"href":"https:\/\/italchamber.qc.ca\/it\/wp-json\/wp\/v2\/pages\/16217"}],"wp:attachment":[{"href":"https:\/\/italchamber.qc.ca\/it\/wp-json\/wp\/v2\/media?parent=16264"}],"curies":[{"name":"wp","href":"https:\/\/api.w.org\/{rel}","templated":true}]}}