{"id":16258,"date":"2024-10-10T14:10:00","date_gmt":"2024-10-10T14:10:00","guid":{"rendered":"https:\/\/italchamber.qc.ca\/services\/tourism\/"},"modified":"2025-05-15T20:29:59","modified_gmt":"2025-05-15T20:29:59","slug":"tourism","status":"publish","type":"page","link":"https:\/\/italchamber.qc.ca\/it\/services\/tourism\/","title":{"rendered":"Turismo"},"content":{"rendered":"\t\t<div data-elementor-type=\"wp-page\" data-elementor-id=\"16258\" class=\"elementor elementor-16258 elementor-3335\" data-elementor-post-type=\"page\">\n\t\t\t\t<div class=\"elementor-element elementor-element-d470567 e-con-full e-flex e-con e-parent\" data-id=\"d470567\" data-element_type=\"container\" data-e-type=\"container\">\n\t\t<div class=\"elementor-element elementor-element-05c4222 e-con-full e-flex e-con e-child\" data-id=\"05c4222\" data-element_type=\"container\" data-e-type=\"container\" data-settings=\"{&quot;background_background&quot;:&quot;classic&quot;}\">\n\t\t<div class=\"elementor-element elementor-element-99116e9 e-flex e-con-boxed e-con e-child\" data-id=\"99116e9\" data-element_type=\"container\" data-e-type=\"container\">\n\t\t\t\t\t<div class=\"e-con-inner\">\n\t\t<div class=\"elementor-element elementor-element-758e0bd e-con-full e-flex e-con e-child\" data-id=\"758e0bd\" data-element_type=\"container\" data-e-type=\"container\">\n\t\t\t\t<div class=\"elementor-element elementor-element-6608ad1 elementor-widget elementor-widget-heading\" data-id=\"6608ad1\" data-element_type=\"widget\" data-e-type=\"widget\" data-widget_type=\"heading.default\">\n\t\t\t\t<div class=\"elementor-widget-container\">\n\t\t\t\t\t<h1 class=\"elementor-heading-title elementor-size-default\">Turismo<\/h1>\t\t\t\t<\/div>\n\t\t\t\t<\/div>\n\t\t<div class=\"elementor-element elementor-element-75058ac e-con-full e-flex e-con e-child\" data-id=\"75058ac\" data-element_type=\"container\" data-e-type=\"container\">\n\t\t\t\t<div class=\"elementor-element elementor-element-0bf5d43 elementor-widget elementor-widget-text-editor\" data-id=\"0bf5d43\" data-element_type=\"widget\" data-e-type=\"widget\" data-widget_type=\"text-editor.default\">\n\t\t\t\t<div class=\"elementor-widget-container\">\n\t\t\t\t\t\t\t\t\t<p><strong>Efficienza<\/strong> e affidabilit\u00e0!<\/p>\n\t\t\t\t\t\t\t\t<\/div>\n\t\t\t\t<\/div>\n\t\t\t\t<\/div>\n\t\t\t\t<\/div>\n\t\t\t\t\t<\/div>\n\t\t\t\t<\/div>\n\t\t\t\t<\/div>\n\t\t\t\t<\/div>\n\t\t<div class=\"elementor-element elementor-element-3995b7b e-con-full e-flex e-con e-parent\" data-id=\"3995b7b\" data-element_type=\"container\" data-e-type=\"container\">\n\t\t<div class=\"elementor-element elementor-element-c6f07a2 e-flex e-con-boxed e-con e-child\" data-id=\"c6f07a2\" data-element_type=\"container\" data-e-type=\"container\">\n\t\t\t\t\t<div class=\"e-con-inner\">\n\t\t<div class=\"elementor-element elementor-element-e6e745a e-con-full e-flex e-con e-child\" data-id=\"e6e745a\" data-element_type=\"container\" data-e-type=\"container\" data-settings=\"{&quot;background_background&quot;:&quot;classic&quot;}\">\n\t\t\t\t<\/div>\n\t\t<div class=\"elementor-element elementor-element-d86abb9 e-con-full e-flex e-con e-child\" data-id=\"d86abb9\" data-element_type=\"container\" data-e-type=\"container\" data-settings=\"{&quot;background_background&quot;:&quot;classic&quot;}\">\n\t\t\t\t<div class=\"elementor-element elementor-element-45f974f elementor-widget elementor-widget-text-editor\" data-id=\"45f974f\" data-element_type=\"widget\" data-e-type=\"widget\" data-widget_type=\"text-editor.default\">\n\t\t\t\t<div class=\"elementor-widget-container\">\n\t\t\t\t\t\t\t\t\t<p>Il turismo \u00e8 uno dei settori a pi\u00f9 rapida crescita in tutto il mondo. Per i canadesi, l\u2019Italia \u00e8 meta di grande appeal ed i flussi turistici dal Canada sono in costante crescita.<\/p>\n<p>Per facilitare nuovi e qualificati flussi turistici dal Canada, abbiamo costruito partnership strategiche con Tour Operator e agenzie viaggio specializzate interessate ad integrare la propria offerta con nuovi itinerari e pacchetti dedicati all\u2019Italia. Le partnership ci consentono di monitorare l\u2019evoluzione della domanda, di identificare gli attrattori turistici dei territori italiani a maggior potenzialit\u00e0, di facilitare la costruzione e la promozione di nuovi pacchetti per i nostri clienti italiani.<\/p>\n<p>Abbiamo anche lanciato un\u2019iniziativa dedicata a promuovere uno dei segmenti di turismo esperenziale a pi\u00f9 rapida crescita: l\u2019enoturismo. Il portale <a href=\"http:\/\/www.wineandtravelitaly.com\/\" target=\"_blank\" rel=\"noopener\">Wine and Travel Italy <\/a>consente alle cantine ed ai \u201cterritori del vino\u201d di raccontarsi e di promuovere i propri attrattori enoturistici. Tour Operator e agenzie viaggio specializzate in Canada e USA utilizzano il portale per selezionare cantine e territori da includere nelle proprie offerte. I wine lovers utilizzano il portale direttamente per costruire il proprio itinerario.<\/p>\n\t\t\t\t\t\t\t\t<\/div>\n\t\t\t\t<\/div>\n\t\t\t\t<\/div>\n\t\t\t\t\t<\/div>\n\t\t\t\t<\/div>\n\t\t\t\t<\/div>\n\t\t<div class=\"elementor-element elementor-element-3fa0207 e-con-full e-flex e-con e-parent\" data-id=\"3fa0207\" data-element_type=\"container\" data-e-type=\"container\">\n\t\t<div class=\"elementor-element elementor-element-10a6588 e-flex e-con-boxed e-con e-child\" data-id=\"10a6588\" data-element_type=\"container\" data-e-type=\"container\">\n\t\t\t\t\t<div class=\"e-con-inner\">\n\t\t<div class=\"elementor-element elementor-element-8a19194 e-con-full e-flex e-con e-child\" data-id=\"8a19194\" data-element_type=\"container\" data-e-type=\"container\">\n\t\t<div class=\"elementor-element elementor-element-df9a8a8 e-con-full e-flex e-con e-child\" data-id=\"df9a8a8\" data-element_type=\"container\" data-e-type=\"container\" data-settings=\"{&quot;background_background&quot;:&quot;classic&quot;}\">\n\t\t<div class=\"elementor-element elementor-element-ac19d5f e-con-full e-flex e-con e-child\" data-id=\"ac19d5f\" data-element_type=\"container\" data-e-type=\"container\">\n\t\t\t\t<div class=\"elementor-element elementor-element-6382522 elementor-widget elementor-widget-heading\" data-id=\"6382522\" data-element_type=\"widget\" data-e-type=\"widget\" data-widget_type=\"heading.default\">\n\t\t\t\t<div class=\"elementor-widget-container\">\n\t\t\t\t\t<h3 class=\"elementor-heading-title elementor-size-default\">Per agenzie di sviluppo e stakeholder territoriali italiani\n<\/h3>\t\t\t\t<\/div>\n\t\t\t\t<\/div>\n\t\t\t\t<div class=\"elementor-element elementor-element-1115f3b elementor-widget elementor-widget-text-editor\" data-id=\"1115f3b\" data-element_type=\"widget\" data-e-type=\"widget\" data-widget_type=\"text-editor.default\">\n\t\t\t\t<div class=\"elementor-widget-container\">\n\t\t\t\t\t\t\t\t\t<ul><li>Identificazione attrattori turistici di maggior interesse per il mercato canadese<\/li><li>Attivazione partnership con Tour Operator canadesi per costruzione nuovi pacchetti turistici<\/li><li>Promozione e comunicazione nuovi pacchetti: workshop, marketing digitale, eventi, famtour<\/li><li>Azioni di promozione e comunicazione branding territoriale<\/li><li>Eductour per media di settore<\/li><li>Promozione diretta turismo enogastronomico attraverso il portale Wine and Travel Italy<\/li><\/ul>\t\t\t\t\t\t\t\t<\/div>\n\t\t\t\t<\/div>\n\t\t\t\t<\/div>\n\t\t<div class=\"elementor-element elementor-element-f69ff50 e-con-full e-flex e-con e-child\" data-id=\"f69ff50\" data-element_type=\"container\" data-e-type=\"container\">\n\t\t\t\t<div class=\"elementor-element elementor-element-9329a6e elementor-widget elementor-widget-heading\" data-id=\"9329a6e\" data-element_type=\"widget\" data-e-type=\"widget\" data-widget_type=\"heading.default\">\n\t\t\t\t<div class=\"elementor-widget-container\">\n\t\t\t\t\t<h3 class=\"elementor-heading-title elementor-size-default\">Per Tour Operator italiani\n<\/h3>\t\t\t\t<\/div>\n\t\t\t\t<\/div>\n\t\t\t\t<div class=\"elementor-element elementor-element-6eef6c1 elementor-widget elementor-widget-text-editor\" data-id=\"6eef6c1\" data-element_type=\"widget\" data-e-type=\"widget\" data-widget_type=\"text-editor.default\">\n\t\t\t\t<div class=\"elementor-widget-container\">\n\t\t\t\t\t\t\t\t\t<ul><li>Attivazione partnership con operatori canadesi<\/li><li>Eductour operatori canadesi per costruzione nuovi pacchetti ed itinerari<\/li><li>Promozione e comunicazione nuovi pacchetti in co-marketing con partner canadesi<\/li><li>Promozione diretta pacchetti enoturistici attraverso il portale Wine and Travel Italy<\/li><\/ul>\t\t\t\t\t\t\t\t<\/div>\n\t\t\t\t<\/div>\n\t\t\t\t<\/div>\n\t\t\t\t<\/div>\n\t\t<div class=\"elementor-element elementor-element-8bcfc6e e-con-full e-flex e-con e-child\" data-id=\"8bcfc6e\" data-element_type=\"container\" data-e-type=\"container\" data-settings=\"{&quot;background_background&quot;:&quot;classic&quot;}\">\n\t\t<div class=\"elementor-element elementor-element-59978d7 e-con-full e-flex e-con e-child\" data-id=\"59978d7\" data-element_type=\"container\" data-e-type=\"container\" data-settings=\"{&quot;background_background&quot;:&quot;classic&quot;}\">\n\t\t\t\t<\/div>\n\t\t<div class=\"elementor-element elementor-element-5e7e5f1 e-con-full e-flex e-con e-child\" data-id=\"5e7e5f1\" data-element_type=\"container\" data-e-type=\"container\" data-settings=\"{&quot;background_background&quot;:&quot;classic&quot;}\">\n\t\t\t\t<\/div>\n\t\t\t\t<\/div>\n\t\t\t\t<\/div>\n\t\t\t\t\t<\/div>\n\t\t\t\t<\/div>\n\t\t\t\t<\/div>\n\t\t<div class=\"elementor-element elementor-element-ff8bfc5 e-con-full e-flex e-con e-child\" data-id=\"ff8bfc5\" data-element_type=\"container\" data-e-type=\"container\" data-settings=\"{&quot;background_background&quot;:&quot;classic&quot;}\">\n\t\t<div class=\"elementor-element elementor-element-7d1772f e-flex e-con-boxed e-con e-child\" data-id=\"7d1772f\" data-element_type=\"container\" data-e-type=\"container\">\n\t\t\t\t\t<div class=\"e-con-inner\">\n\t\t<div class=\"elementor-element elementor-element-a0ec566 e-con-full e-flex e-con e-child\" data-id=\"a0ec566\" data-element_type=\"container\" data-e-type=\"container\" data-settings=\"{&quot;background_background&quot;:&quot;classic&quot;}\">\n\t\t\t\t<div class=\"elementor-element elementor-element-5748c2c elementor-widget elementor-widget-heading\" data-id=\"5748c2c\" data-element_type=\"widget\" data-e-type=\"widget\" data-widget_type=\"heading.default\">\n\t\t\t\t<div class=\"elementor-widget-container\">\n\t\t\t\t\t<h4 class=\"elementor-heading-title elementor-size-default\">Eddy Fioretti \u2013 ClouDesire<\/h4>\t\t\t\t<\/div>\n\t\t\t\t<\/div>\n\t\t\t\t<div class=\"elementor-element elementor-element-1c9c39d elementor-widget elementor-widget-heading\" data-id=\"1c9c39d\" data-element_type=\"widget\" data-e-type=\"widget\" data-widget_type=\"heading.default\">\n\t\t\t\t<div class=\"elementor-widget-container\">\n\t\t\t\t\t<h3 class=\"elementor-heading-title elementor-size-default\">\u2026l\u2019assistenza puntuale e costante, la costruzione personalizzata di opportunit\u00e0 di business, il \u201ctraining on the job \u00bb, l\u2019accompagnamento di profili estremamente senior della Camera durante ogni meeting (6 meeting in 3 giorni lavorativi, tutti con persone di alto livello), sono stati per ClouDesire un\u2019occasione veramente importante per conoscere da vicino il mercato canadese e costruire in brevissimo tempo relazioni che \u2013 speriamo \u2013 possano concretizzarsi al pi\u00f9 presto.\n<\/h3>\t\t\t\t<\/div>\n\t\t\t\t<\/div>\n\t\t\t\t<\/div>\n\t\t\t\t\t<\/div>\n\t\t\t\t<\/div>\n\t\t\t\t<\/div>\n\t\t\t\t<\/div>\n\t\t","protected":false},"excerpt":{"rendered":"<p>Turismo Efficienza e affidabilit\u00e0! Il turismo \u00e8 uno dei settori a pi\u00f9 rapida crescita in tutto il mondo. Per i canadesi, l\u2019Italia \u00e8 meta di grande appeal ed i flussi turistici dal Canada sono in costante crescita. Per facilitare nuovi e qualificati flussi turistici dal Canada, abbiamo costruito partnership strategiche con Tour Operator e agenzie [&hellip;]<\/p>\n","protected":false},"author":1,"featured_media":0,"parent":16217,"menu_order":0,"comment_status":"closed","ping_status":"closed","template":"","meta":{"_acf_changed":false,"inline_featured_image":false,"footnotes":""},"class_list":["post-16258","page","type-page","status-publish","hentry"],"acf":[],"yoast_head":"<!-- This site is optimized with the Yoast SEO plugin v27.2 - https:\/\/yoast.com\/product\/yoast-seo-wordpress\/ -->\n<title>Turismo - ICCC<\/title>\n<meta name=\"robots\" content=\"index, follow, max-snippet:-1, max-image-preview:large, max-video-preview:-1\" \/>\n<link rel=\"canonical\" href=\"https:\/\/italchamber.qc.ca\/it\/services\/tourism\/\" \/>\n<meta property=\"og:locale\" content=\"it_IT\" \/>\n<meta property=\"og:type\" content=\"article\" \/>\n<meta property=\"og:title\" content=\"Turismo - ICCC\" \/>\n<meta property=\"og:description\" content=\"Turismo Efficienza e affidabilit\u00e0! Il turismo \u00e8 uno dei settori a pi\u00f9 rapida crescita in tutto il mondo. Per i canadesi, l\u2019Italia \u00e8 meta di grande appeal ed i flussi turistici dal Canada sono in costante crescita. Per facilitare nuovi e qualificati flussi turistici dal Canada, abbiamo costruito partnership strategiche con Tour Operator e agenzie [&hellip;]\" \/>\n<meta property=\"og:url\" content=\"https:\/\/italchamber.qc.ca\/it\/services\/tourism\/\" \/>\n<meta property=\"og:site_name\" content=\"ICCC\" \/>\n<meta property=\"article:modified_time\" content=\"2025-05-15T20:29:59+00:00\" \/>\n<meta name=\"twitter:card\" content=\"summary_large_image\" \/>\n<meta name=\"twitter:label1\" content=\"Tempo di lettura stimato\" \/>\n\t<meta name=\"twitter:data1\" content=\"2 minuti\" \/>\n<script type=\"application\/ld+json\" class=\"yoast-schema-graph\">{\"@context\":\"https:\/\/schema.org\",\"@graph\":[{\"@type\":\"WebPage\",\"@id\":\"https:\/\/italchamber.qc.ca\/it\/services\/tourism\/\",\"url\":\"https:\/\/italchamber.qc.ca\/it\/services\/tourism\/\",\"name\":\"Turismo - ICCC\",\"isPartOf\":{\"@id\":\"https:\/\/italchamber.qc.ca\/it\/#website\"},\"datePublished\":\"2024-10-10T14:10:00+00:00\",\"dateModified\":\"2025-05-15T20:29:59+00:00\",\"breadcrumb\":{\"@id\":\"https:\/\/italchamber.qc.ca\/it\/services\/tourism\/#breadcrumb\"},\"inLanguage\":\"it-IT\",\"potentialAction\":[{\"@type\":\"ReadAction\",\"target\":[\"https:\/\/italchamber.qc.ca\/it\/services\/tourism\/\"]}]},{\"@type\":\"BreadcrumbList\",\"@id\":\"https:\/\/italchamber.qc.ca\/it\/services\/tourism\/#breadcrumb\",\"itemListElement\":[{\"@type\":\"ListItem\",\"position\":1,\"name\":\"Home\",\"item\":\"https:\/\/italchamber.qc.ca\/it\/home\/\"},{\"@type\":\"ListItem\",\"position\":2,\"name\":\"Servizi\",\"item\":\"https:\/\/italchamber.qc.ca\/it\/services\/\"},{\"@type\":\"ListItem\",\"position\":3,\"name\":\"Turismo\"}]},{\"@type\":\"WebSite\",\"@id\":\"https:\/\/italchamber.qc.ca\/it\/#website\",\"url\":\"https:\/\/italchamber.qc.ca\/it\/\",\"name\":\"ICCC\",\"description\":\"Italian Chamber of Commerce in Canada\",\"publisher\":{\"@id\":\"https:\/\/italchamber.qc.ca\/it\/#organization\"},\"potentialAction\":[{\"@type\":\"SearchAction\",\"target\":{\"@type\":\"EntryPoint\",\"urlTemplate\":\"https:\/\/italchamber.qc.ca\/it\/?s={search_term_string}\"},\"query-input\":{\"@type\":\"PropertyValueSpecification\",\"valueRequired\":true,\"valueName\":\"search_term_string\"}}],\"inLanguage\":\"it-IT\"},{\"@type\":\"Organization\",\"@id\":\"https:\/\/italchamber.qc.ca\/it\/#organization\",\"name\":\"ICCC\",\"url\":\"https:\/\/italchamber.qc.ca\/it\/\",\"logo\":{\"@type\":\"ImageObject\",\"inLanguage\":\"it-IT\",\"@id\":\"https:\/\/italchamber.qc.ca\/it\/#\/schema\/logo\/image\/\",\"url\":\"https:\/\/italchamber.qc.ca\/wp-content\/uploads\/2025\/05\/ICCC-Logo-Italian.svg\",\"contentUrl\":\"https:\/\/italchamber.qc.ca\/wp-content\/uploads\/2025\/05\/ICCC-Logo-Italian.svg\",\"caption\":\"ICCC\"},\"image\":{\"@id\":\"https:\/\/italchamber.qc.ca\/it\/#\/schema\/logo\/image\/\"}}]}<\/script>\n<!-- \/ Yoast SEO plugin. -->","yoast_head_json":{"title":"Turismo - ICCC","robots":{"index":"index","follow":"follow","max-snippet":"max-snippet:-1","max-image-preview":"max-image-preview:large","max-video-preview":"max-video-preview:-1"},"canonical":"https:\/\/italchamber.qc.ca\/it\/services\/tourism\/","og_locale":"it_IT","og_type":"article","og_title":"Turismo - ICCC","og_description":"Turismo Efficienza e affidabilit\u00e0! Il turismo \u00e8 uno dei settori a pi\u00f9 rapida crescita in tutto il mondo. Per i canadesi, l\u2019Italia \u00e8 meta di grande appeal ed i flussi turistici dal Canada sono in costante crescita. Per facilitare nuovi e qualificati flussi turistici dal Canada, abbiamo costruito partnership strategiche con Tour Operator e agenzie [&hellip;]","og_url":"https:\/\/italchamber.qc.ca\/it\/services\/tourism\/","og_site_name":"ICCC","article_modified_time":"2025-05-15T20:29:59+00:00","twitter_card":"summary_large_image","twitter_misc":{"Tempo di lettura stimato":"2 minuti"},"schema":{"@context":"https:\/\/schema.org","@graph":[{"@type":"WebPage","@id":"https:\/\/italchamber.qc.ca\/it\/services\/tourism\/","url":"https:\/\/italchamber.qc.ca\/it\/services\/tourism\/","name":"Turismo - ICCC","isPartOf":{"@id":"https:\/\/italchamber.qc.ca\/it\/#website"},"datePublished":"2024-10-10T14:10:00+00:00","dateModified":"2025-05-15T20:29:59+00:00","breadcrumb":{"@id":"https:\/\/italchamber.qc.ca\/it\/services\/tourism\/#breadcrumb"},"inLanguage":"it-IT","potentialAction":[{"@type":"ReadAction","target":["https:\/\/italchamber.qc.ca\/it\/services\/tourism\/"]}]},{"@type":"BreadcrumbList","@id":"https:\/\/italchamber.qc.ca\/it\/services\/tourism\/#breadcrumb","itemListElement":[{"@type":"ListItem","position":1,"name":"Home","item":"https:\/\/italchamber.qc.ca\/it\/home\/"},{"@type":"ListItem","position":2,"name":"Servizi","item":"https:\/\/italchamber.qc.ca\/it\/services\/"},{"@type":"ListItem","position":3,"name":"Turismo"}]},{"@type":"WebSite","@id":"https:\/\/italchamber.qc.ca\/it\/#website","url":"https:\/\/italchamber.qc.ca\/it\/","name":"ICCC","description":"Italian Chamber of Commerce in Canada","publisher":{"@id":"https:\/\/italchamber.qc.ca\/it\/#organization"},"potentialAction":[{"@type":"SearchAction","target":{"@type":"EntryPoint","urlTemplate":"https:\/\/italchamber.qc.ca\/it\/?s={search_term_string}"},"query-input":{"@type":"PropertyValueSpecification","valueRequired":true,"valueName":"search_term_string"}}],"inLanguage":"it-IT"},{"@type":"Organization","@id":"https:\/\/italchamber.qc.ca\/it\/#organization","name":"ICCC","url":"https:\/\/italchamber.qc.ca\/it\/","logo":{"@type":"ImageObject","inLanguage":"it-IT","@id":"https:\/\/italchamber.qc.ca\/it\/#\/schema\/logo\/image\/","url":"https:\/\/italchamber.qc.ca\/wp-content\/uploads\/2025\/05\/ICCC-Logo-Italian.svg","contentUrl":"https:\/\/italchamber.qc.ca\/wp-content\/uploads\/2025\/05\/ICCC-Logo-Italian.svg","caption":"ICCC"},"image":{"@id":"https:\/\/italchamber.qc.ca\/it\/#\/schema\/logo\/image\/"}}]}},"_links":{"self":[{"href":"https:\/\/italchamber.qc.ca\/it\/wp-json\/wp\/v2\/pages\/16258","targetHints":{"allow":["GET"]}}],"collection":[{"href":"https:\/\/italchamber.qc.ca\/it\/wp-json\/wp\/v2\/pages"}],"about":[{"href":"https:\/\/italchamber.qc.ca\/it\/wp-json\/wp\/v2\/types\/page"}],"author":[{"embeddable":true,"href":"https:\/\/italchamber.qc.ca\/it\/wp-json\/wp\/v2\/users\/1"}],"replies":[{"embeddable":true,"href":"https:\/\/italchamber.qc.ca\/it\/wp-json\/wp\/v2\/comments?post=16258"}],"version-history":[{"count":5,"href":"https:\/\/italchamber.qc.ca\/it\/wp-json\/wp\/v2\/pages\/16258\/revisions"}],"predecessor-version":[{"id":16565,"href":"https:\/\/italchamber.qc.ca\/it\/wp-json\/wp\/v2\/pages\/16258\/revisions\/16565"}],"up":[{"embeddable":true,"href":"https:\/\/italchamber.qc.ca\/it\/wp-json\/wp\/v2\/pages\/16217"}],"wp:attachment":[{"href":"https:\/\/italchamber.qc.ca\/it\/wp-json\/wp\/v2\/media?parent=16258"}],"curies":[{"name":"wp","href":"https:\/\/api.w.org\/{rel}","templated":true}]}}