{"id":16246,"date":"2024-10-10T14:10:40","date_gmt":"2024-10-10T14:10:40","guid":{"rendered":"https:\/\/italchamber.qc.ca\/services\/other-services\/"},"modified":"2025-05-15T17:37:57","modified_gmt":"2025-05-15T17:37:57","slug":"other-services","status":"publish","type":"page","link":"https:\/\/italchamber.qc.ca\/it\/services\/other-services\/","title":{"rendered":"Altri Servizi"},"content":{"rendered":"\t\t<div data-elementor-type=\"wp-page\" data-elementor-id=\"16246\" class=\"elementor elementor-16246 elementor-3341\" data-elementor-post-type=\"page\">\n\t\t\t\t<div class=\"elementor-element elementor-element-b5b287f e-con-full e-flex e-con e-parent\" data-id=\"b5b287f\" data-element_type=\"container\" data-e-type=\"container\" data-settings=\"{&quot;background_background&quot;:&quot;classic&quot;}\">\n\t\t<div class=\"elementor-element elementor-element-abb1fd4 e-flex e-con-boxed e-con e-child\" data-id=\"abb1fd4\" data-element_type=\"container\" data-e-type=\"container\">\n\t\t\t\t\t<div class=\"e-con-inner\">\n\t\t<div class=\"elementor-element elementor-element-1f2d720 e-con-full e-flex e-con e-child\" data-id=\"1f2d720\" data-element_type=\"container\" data-e-type=\"container\">\n\t\t\t\t<div class=\"elementor-element elementor-element-1914a35 elementor-widget elementor-widget-heading\" data-id=\"1914a35\" data-element_type=\"widget\" data-e-type=\"widget\" data-widget_type=\"heading.default\">\n\t\t\t\t<div class=\"elementor-widget-container\">\n\t\t\t\t\t<h1 class=\"elementor-heading-title elementor-size-default\"><span>Altri <\/span>Servizi<\/h1>\t\t\t\t<\/div>\n\t\t\t\t<\/div>\n\t\t<div class=\"elementor-element elementor-element-8a3fa71 e-con-full e-flex e-con e-child\" data-id=\"8a3fa71\" data-element_type=\"container\" data-e-type=\"container\">\n\t\t\t\t<div class=\"elementor-element elementor-element-1a37071 elementor-widget elementor-widget-text-editor\" data-id=\"1a37071\" data-element_type=\"widget\" data-e-type=\"widget\" data-widget_type=\"text-editor.default\">\n\t\t\t\t<div class=\"elementor-widget-container\">\n\t\t\t\t\t\t\t\t\t<p><strong>Efficienza<\/strong> e affidabilit\u00e0!<\/p>\n\t\t\t\t\t\t\t\t<\/div>\n\t\t\t\t<\/div>\n\t\t\t\t<\/div>\n\t\t\t\t<\/div>\n\t\t\t\t\t<\/div>\n\t\t\t\t<\/div>\n\t\t\t\t<\/div>\n\t\t<div class=\"elementor-element elementor-element-6a7155b e-con-full e-flex e-con e-parent\" data-id=\"6a7155b\" data-element_type=\"container\" data-e-type=\"container\">\n\t\t<div class=\"elementor-element elementor-element-d9f7b05 e-grid e-con-boxed e-con e-child\" data-id=\"d9f7b05\" data-element_type=\"container\" data-e-type=\"container\">\n\t\t\t\t\t<div class=\"e-con-inner\">\n\t\t<div class=\"elementor-element elementor-element-ba493bf e-con-full e-flex e-con e-child\" data-id=\"ba493bf\" data-element_type=\"container\" data-e-type=\"container\">\n\t\t\t\t<div class=\"elementor-element elementor-element-5e4dd91 elementor-widget elementor-widget-heading\" data-id=\"5e4dd91\" data-element_type=\"widget\" data-e-type=\"widget\" data-widget_type=\"heading.default\">\n\t\t\t\t<div class=\"elementor-widget-container\">\n\t\t\t\t\t<h3 class=\"elementor-heading-title elementor-size-default\">Missioni commerciali<\/h3>\t\t\t\t<\/div>\n\t\t\t\t<\/div>\n\t\t\t\t<div class=\"elementor-element elementor-element-9d92cfb elementor-widget elementor-widget-heading\" data-id=\"9d92cfb\" data-element_type=\"widget\" data-e-type=\"widget\" data-widget_type=\"heading.default\">\n\t\t\t\t<div class=\"elementor-widget-container\">\n\t\t\t\t\t<h5 class=\"elementor-heading-title elementor-size-default\">Non c\u2019\u00e8 niente di meglio che conoscere direttamente imprenditori ed attori locali per comprendere come fare affari sul nuovo mercato\u2026<\/h5>\t\t\t\t<\/div>\n\t\t\t\t<\/div>\n\t\t\t\t<div class=\"elementor-element elementor-element-b35228a elementor-widget elementor-widget-text-editor\" data-id=\"b35228a\" data-element_type=\"widget\" data-e-type=\"widget\" data-widget_type=\"text-editor.default\">\n\t\t\t\t<div class=\"elementor-widget-container\">\n\t\t\t\t\t\t\t\t\tOrganizziamo regolarmente missioni economiche e commerciali in Canada per i nostri clienti italiani. Nel corso della missione, sono previsti incontri d\u2019affari ed istituzionali, visite di studio, B2B individuali. \n\n\t\t\t\t\t\t\t\t<\/div>\n\t\t\t\t<\/div>\n\t\t\t\t<\/div>\n\t\t<div class=\"elementor-element elementor-element-db79af7 e-con-full e-flex e-con e-child\" data-id=\"db79af7\" data-element_type=\"container\" data-e-type=\"container\">\n\t\t\t\t<div class=\"elementor-element elementor-element-d9292d9 elementor-widget elementor-widget-heading\" data-id=\"d9292d9\" data-element_type=\"widget\" data-e-type=\"widget\" data-widget_type=\"heading.default\">\n\t\t\t\t<div class=\"elementor-widget-container\">\n\t\t\t\t\t<h3 class=\"elementor-heading-title elementor-size-default\">Viaggi d\u2019affari individuali in Canada\n<\/h3>\t\t\t\t<\/div>\n\t\t\t\t<\/div>\n\t\t\t\t<div class=\"elementor-element elementor-element-52a84f8 elementor-widget elementor-widget-text-editor\" data-id=\"52a84f8\" data-element_type=\"widget\" data-e-type=\"widget\" data-widget_type=\"text-editor.default\">\n\t\t\t\t<div class=\"elementor-widget-container\">\n\t\t\t\t\t\t\t\t\t<p>In Canada l\u2019ambiente d\u2019affari \u00e8 amichevole ed informale, ma professionalit\u00e0 ed affidabilit\u00e0 sono tutto per poter aver chance di successo\u2026 un team di professionisti canadesi ma di cultura italiana facilita ed accelera l\u2019accreditamento sul mercato<\/p><p>Possiamo costruire la tua agenda, assicurarti briefing preparatori, facilitare i tuoi incontri d\u2019affari, preparare il tuo materiale promozionale e una volta arrivato in Canada, il nostro team ti accompagner\u00e0 in ogni tappa del viaggio.<\/p>\t\t\t\t\t\t\t\t<\/div>\n\t\t\t\t<\/div>\n\t\t\t\t<\/div>\n\t\t<div class=\"elementor-element elementor-element-e4bc72d e-con-full e-flex e-con e-child\" data-id=\"e4bc72d\" data-element_type=\"container\" data-e-type=\"container\">\n\t\t\t\t<div class=\"elementor-element elementor-element-4e227b5 elementor-widget elementor-widget-heading\" data-id=\"4e227b5\" data-element_type=\"widget\" data-e-type=\"widget\" data-widget_type=\"heading.default\">\n\t\t\t\t<div class=\"elementor-widget-container\">\n\t\t\t\t\t<h3 class=\"elementor-heading-title elementor-size-default\">Attivit\u00e0 formative ed informative\n<\/h3>\t\t\t\t<\/div>\n\t\t\t\t<\/div>\n\t\t\t\t<div class=\"elementor-element elementor-element-e07b9e9 elementor-widget elementor-widget-heading\" data-id=\"e07b9e9\" data-element_type=\"widget\" data-e-type=\"widget\" data-widget_type=\"heading.default\">\n\t\t\t\t<div class=\"elementor-widget-container\">\n\t\t\t\t\t<h5 class=\"elementor-heading-title elementor-size-default\">Nell\u2019economia globale di oggi, \u00e8 imperativo essere costantemente aggiornati su tendenze, innovazioni, tecnologie, mercato.\n\n<\/h5>\t\t\t\t<\/div>\n\t\t\t\t<\/div>\n\t\t\t\t<div class=\"elementor-element elementor-element-439b65d elementor-widget elementor-widget-text-editor\" data-id=\"439b65d\" data-element_type=\"widget\" data-e-type=\"widget\" data-widget_type=\"text-editor.default\">\n\t\t\t\t<div class=\"elementor-widget-container\">\n\t\t\t\t\t\t\t\t\tRealizziamo una miriade di iniziative con l\u2019obiettivo di informare ad aggiornare costantemente aziende socie e clienti. Per far questo, coinvolgiamo leader autorevoli, felici di condividere la propria esperienza e la propria passione. \n\n\t\t\t\t\t\t\t\t<\/div>\n\t\t\t\t<\/div>\n\t\t\t\t<\/div>\n\t\t<div class=\"elementor-element elementor-element-5064b58 e-con-full e-flex e-con e-child\" data-id=\"5064b58\" data-element_type=\"container\" data-e-type=\"container\">\n\t\t\t\t<div class=\"elementor-element elementor-element-2ea85b5 elementor-widget elementor-widget-heading\" data-id=\"2ea85b5\" data-element_type=\"widget\" data-e-type=\"widget\" data-widget_type=\"heading.default\">\n\t\t\t\t<div class=\"elementor-widget-container\">\n\t\t\t\t\t<h3 class=\"elementor-heading-title elementor-size-default\">Rapporti di mercato\n<\/h3>\t\t\t\t<\/div>\n\t\t\t\t<\/div>\n\t\t\t\t<div class=\"elementor-element elementor-element-4db6406 elementor-widget elementor-widget-heading\" data-id=\"4db6406\" data-element_type=\"widget\" data-e-type=\"widget\" data-widget_type=\"heading.default\">\n\t\t\t\t<div class=\"elementor-widget-container\">\n\t\t\t\t\t<h5 class=\"elementor-heading-title elementor-size-default\">La conoscenza \u00e8 potere.\n\n\n<\/h5>\t\t\t\t<\/div>\n\t\t\t\t<\/div>\n\t\t\t\t<div class=\"elementor-element elementor-element-31268ca elementor-widget elementor-widget-text-editor\" data-id=\"31268ca\" data-element_type=\"widget\" data-e-type=\"widget\" data-widget_type=\"text-editor.default\">\n\t\t\t\t<div class=\"elementor-widget-container\">\n\t\t\t\t\t\t\t\t\tPossiamo preparare report settoriali con una mappatura dei trend di mercato in grado di indentificare le potenziali opportunit\u00e0.\n\n\t\t\t\t\t\t\t\t<\/div>\n\t\t\t\t<\/div>\n\t\t\t\t<\/div>\n\t\t<div class=\"elementor-element elementor-element-2f1a63a e-con-full e-flex e-con e-child\" data-id=\"2f1a63a\" data-element_type=\"container\" data-e-type=\"container\">\n\t\t\t\t<div class=\"elementor-element elementor-element-e653fa0 elementor-widget elementor-widget-heading\" data-id=\"e653fa0\" data-element_type=\"widget\" data-e-type=\"widget\" data-widget_type=\"heading.default\">\n\t\t\t\t<div class=\"elementor-widget-container\">\n\t\t\t\t\t<h3 class=\"elementor-heading-title elementor-size-default\">Un ufficio lontano da casa\n<\/h3>\t\t\t\t<\/div>\n\t\t\t\t<\/div>\n\t\t\t\t<div class=\"elementor-element elementor-element-89341e5 elementor-widget elementor-widget-text-editor\" data-id=\"89341e5\" data-element_type=\"widget\" data-e-type=\"widget\" data-widget_type=\"text-editor.default\">\n\t\t\t\t<div class=\"elementor-widget-container\">\n\t\t\t\t\t\t\t\t\tI nostri uffici sono nel centro di Montreal, vicino al bel campus dell\u2019Universit\u00e0 McGill. Possiamo facilmente attivare un ufficio temporaneo presso la nostra Camera di Commercio, in attesa che tu possa esplorare il nuovo mercato, creare una subsidiary o incontrare nuovi clienti o partner.  \n\n\t\t\t\t\t\t\t\t<\/div>\n\t\t\t\t<\/div>\n\t\t\t\t<\/div>\n\t\t<div class=\"elementor-element elementor-element-6b6a50c e-con-full e-flex e-con e-child\" data-id=\"6b6a50c\" data-element_type=\"container\" data-e-type=\"container\">\n\t\t\t\t<div class=\"elementor-element elementor-element-5f874f6 elementor-widget elementor-widget-heading\" data-id=\"5f874f6\" data-element_type=\"widget\" data-e-type=\"widget\" data-widget_type=\"heading.default\">\n\t\t\t\t<div class=\"elementor-widget-container\">\n\t\t\t\t\t<h3 class=\"elementor-heading-title elementor-size-default\">Mentoring<\/h3>\t\t\t\t<\/div>\n\t\t\t\t<\/div>\n\t\t\t\t<div class=\"elementor-element elementor-element-b2b3ff0 elementor-widget elementor-widget-heading\" data-id=\"b2b3ff0\" data-element_type=\"widget\" data-e-type=\"widget\" data-widget_type=\"heading.default\">\n\t\t\t\t<div class=\"elementor-widget-container\">\n\t\t\t\t\t<h5 class=\"elementor-heading-title elementor-size-default\">Spesso, quello di cui hai bisogno \u00e8 un buon consiglio da parte di chi ha pi\u00f9 esperienza.\n\n\n\n\n<\/h5>\t\t\t\t<\/div>\n\t\t\t\t<\/div>\n\t\t\t\t<div class=\"elementor-element elementor-element-2e0d458 elementor-widget elementor-widget-text-editor\" data-id=\"2e0d458\" data-element_type=\"widget\" data-e-type=\"widget\" data-widget_type=\"text-editor.default\">\n\t\t\t\t<div class=\"elementor-widget-container\">\n\t\t\t\t\t\t\t\t\tI nostri soci e gli amici della Camera sono sempre disponibili a fornire orientamenti e consigli! Che cerchiate di esportare o che cerchiate nuove tecnologie, il sostegno di imprenditori e manager con grande esperienza nel settore e sul mercato target, pu\u00f2 incoraggiarti ed aiutarti ad entrare con pi\u00f9 consapevolezza sul nuovo mercato.  \n\n\t\t\t\t\t\t\t\t<\/div>\n\t\t\t\t<\/div>\n\t\t\t\t<\/div>\n\t\t\t\t\t<\/div>\n\t\t\t\t<\/div>\n\t\t\t\t<\/div>\n\t\t<div class=\"elementor-element elementor-element-7398e07 e-con-full e-flex e-con e-child\" data-id=\"7398e07\" data-element_type=\"container\" data-e-type=\"container\" data-settings=\"{&quot;background_background&quot;:&quot;classic&quot;}\">\n\t\t<div class=\"elementor-element elementor-element-32a118a e-flex e-con-boxed e-con e-child\" data-id=\"32a118a\" data-element_type=\"container\" data-e-type=\"container\">\n\t\t\t\t\t<div class=\"e-con-inner\">\n\t\t<div class=\"elementor-element elementor-element-db8349e e-con-full e-flex e-con e-child\" data-id=\"db8349e\" data-element_type=\"container\" data-e-type=\"container\" data-settings=\"{&quot;background_background&quot;:&quot;classic&quot;}\">\n\t\t\t\t<div class=\"elementor-element elementor-element-d7166da elementor-widget elementor-widget-heading\" data-id=\"d7166da\" data-element_type=\"widget\" data-e-type=\"widget\" data-widget_type=\"heading.default\">\n\t\t\t\t<div class=\"elementor-widget-container\">\n\t\t\t\t\t<h4 class=\"elementor-heading-title elementor-size-default\">Eddy Fioretti \u2013 ClouDesire<\/h4>\t\t\t\t<\/div>\n\t\t\t\t<\/div>\n\t\t\t\t<div class=\"elementor-element elementor-element-0f7d840 elementor-widget elementor-widget-heading\" data-id=\"0f7d840\" data-element_type=\"widget\" data-e-type=\"widget\" data-widget_type=\"heading.default\">\n\t\t\t\t<div class=\"elementor-widget-container\">\n\t\t\t\t\t<h3 class=\"elementor-heading-title elementor-size-default\">\u2026l\u2019assistenza puntuale e costante, la costruzione personalizzata di opportunit\u00e0 di business, il \u201ctraining on the job \u00bb, l\u2019accompagnamento di profili estremamente senior della Camera durante ogni meeting (6 meeting in 3 giorni lavorativi, tutti con persone di alto livello), sono stati per ClouDesire un\u2019occasione veramente importante per conoscere da vicino il mercato canadese e costruire in brevissimo tempo relazioni che \u2013 speriamo \u2013 possano concretizzarsi al pi\u00f9 presto.<\/h3>\t\t\t\t<\/div>\n\t\t\t\t<\/div>\n\t\t\t\t<\/div>\n\t\t\t\t\t<\/div>\n\t\t\t\t<\/div>\n\t\t\t\t<\/div>\n\t\t\t\t<\/div>\n\t\t","protected":false},"excerpt":{"rendered":"<p>Altri Servizi Efficienza e affidabilit\u00e0! Missioni commerciali Non c\u2019\u00e8 niente di meglio che conoscere direttamente imprenditori ed attori locali per comprendere come fare affari sul nuovo mercato\u2026 Organizziamo regolarmente missioni economiche e commerciali in Canada per i nostri clienti italiani. Nel corso della missione, sono previsti incontri d\u2019affari ed istituzionali, visite di studio, B2B individuali. [&hellip;]<\/p>\n","protected":false},"author":1,"featured_media":0,"parent":16217,"menu_order":0,"comment_status":"closed","ping_status":"closed","template":"","meta":{"_acf_changed":false,"inline_featured_image":false,"footnotes":""},"class_list":["post-16246","page","type-page","status-publish","hentry"],"acf":[],"yoast_head":"<!-- This site is optimized with the Yoast SEO plugin v27.2 - https:\/\/yoast.com\/product\/yoast-seo-wordpress\/ -->\n<title>Altri Servizi - ICCC<\/title>\n<meta name=\"robots\" content=\"index, follow, max-snippet:-1, max-image-preview:large, max-video-preview:-1\" \/>\n<link rel=\"canonical\" href=\"https:\/\/italchamber.qc.ca\/it\/services\/other-services\/\" \/>\n<meta property=\"og:locale\" content=\"it_IT\" \/>\n<meta property=\"og:type\" content=\"article\" \/>\n<meta property=\"og:title\" content=\"Altri Servizi - ICCC\" \/>\n<meta property=\"og:description\" content=\"Altri Servizi Efficienza e affidabilit\u00e0! Missioni commerciali Non c\u2019\u00e8 niente di meglio che conoscere direttamente imprenditori ed attori locali per comprendere come fare affari sul nuovo mercato\u2026 Organizziamo regolarmente missioni economiche e commerciali in Canada per i nostri clienti italiani. Nel corso della missione, sono previsti incontri d\u2019affari ed istituzionali, visite di studio, B2B individuali. [&hellip;]\" \/>\n<meta property=\"og:url\" content=\"https:\/\/italchamber.qc.ca\/it\/services\/other-services\/\" \/>\n<meta property=\"og:site_name\" content=\"ICCC\" \/>\n<meta property=\"article:modified_time\" content=\"2025-05-15T17:37:57+00:00\" \/>\n<meta name=\"twitter:card\" content=\"summary_large_image\" \/>\n<meta name=\"twitter:label1\" content=\"Tempo di lettura stimato\" \/>\n\t<meta name=\"twitter:data1\" content=\"3 minuti\" \/>\n<script type=\"application\/ld+json\" class=\"yoast-schema-graph\">{\"@context\":\"https:\/\/schema.org\",\"@graph\":[{\"@type\":\"WebPage\",\"@id\":\"https:\/\/italchamber.qc.ca\/it\/services\/other-services\/\",\"url\":\"https:\/\/italchamber.qc.ca\/it\/services\/other-services\/\",\"name\":\"Altri Servizi - ICCC\",\"isPartOf\":{\"@id\":\"https:\/\/italchamber.qc.ca\/it\/#website\"},\"datePublished\":\"2024-10-10T14:10:40+00:00\",\"dateModified\":\"2025-05-15T17:37:57+00:00\",\"breadcrumb\":{\"@id\":\"https:\/\/italchamber.qc.ca\/it\/services\/other-services\/#breadcrumb\"},\"inLanguage\":\"it-IT\",\"potentialAction\":[{\"@type\":\"ReadAction\",\"target\":[\"https:\/\/italchamber.qc.ca\/it\/services\/other-services\/\"]}]},{\"@type\":\"BreadcrumbList\",\"@id\":\"https:\/\/italchamber.qc.ca\/it\/services\/other-services\/#breadcrumb\",\"itemListElement\":[{\"@type\":\"ListItem\",\"position\":1,\"name\":\"Home\",\"item\":\"https:\/\/italchamber.qc.ca\/it\/home\/\"},{\"@type\":\"ListItem\",\"position\":2,\"name\":\"Servizi\",\"item\":\"https:\/\/italchamber.qc.ca\/it\/services\/\"},{\"@type\":\"ListItem\",\"position\":3,\"name\":\"Altri Servizi\"}]},{\"@type\":\"WebSite\",\"@id\":\"https:\/\/italchamber.qc.ca\/it\/#website\",\"url\":\"https:\/\/italchamber.qc.ca\/it\/\",\"name\":\"ICCC\",\"description\":\"Italian Chamber of Commerce in Canada\",\"publisher\":{\"@id\":\"https:\/\/italchamber.qc.ca\/it\/#organization\"},\"potentialAction\":[{\"@type\":\"SearchAction\",\"target\":{\"@type\":\"EntryPoint\",\"urlTemplate\":\"https:\/\/italchamber.qc.ca\/it\/?s={search_term_string}\"},\"query-input\":{\"@type\":\"PropertyValueSpecification\",\"valueRequired\":true,\"valueName\":\"search_term_string\"}}],\"inLanguage\":\"it-IT\"},{\"@type\":\"Organization\",\"@id\":\"https:\/\/italchamber.qc.ca\/it\/#organization\",\"name\":\"ICCC\",\"url\":\"https:\/\/italchamber.qc.ca\/it\/\",\"logo\":{\"@type\":\"ImageObject\",\"inLanguage\":\"it-IT\",\"@id\":\"https:\/\/italchamber.qc.ca\/it\/#\/schema\/logo\/image\/\",\"url\":\"https:\/\/italchamber.qc.ca\/wp-content\/uploads\/2025\/05\/ICCC-Logo-Italian.svg\",\"contentUrl\":\"https:\/\/italchamber.qc.ca\/wp-content\/uploads\/2025\/05\/ICCC-Logo-Italian.svg\",\"caption\":\"ICCC\"},\"image\":{\"@id\":\"https:\/\/italchamber.qc.ca\/it\/#\/schema\/logo\/image\/\"}}]}<\/script>\n<!-- \/ Yoast SEO plugin. -->","yoast_head_json":{"title":"Altri Servizi - ICCC","robots":{"index":"index","follow":"follow","max-snippet":"max-snippet:-1","max-image-preview":"max-image-preview:large","max-video-preview":"max-video-preview:-1"},"canonical":"https:\/\/italchamber.qc.ca\/it\/services\/other-services\/","og_locale":"it_IT","og_type":"article","og_title":"Altri Servizi - ICCC","og_description":"Altri Servizi Efficienza e affidabilit\u00e0! Missioni commerciali Non c\u2019\u00e8 niente di meglio che conoscere direttamente imprenditori ed attori locali per comprendere come fare affari sul nuovo mercato\u2026 Organizziamo regolarmente missioni economiche e commerciali in Canada per i nostri clienti italiani. Nel corso della missione, sono previsti incontri d\u2019affari ed istituzionali, visite di studio, B2B individuali. [&hellip;]","og_url":"https:\/\/italchamber.qc.ca\/it\/services\/other-services\/","og_site_name":"ICCC","article_modified_time":"2025-05-15T17:37:57+00:00","twitter_card":"summary_large_image","twitter_misc":{"Tempo di lettura stimato":"3 minuti"},"schema":{"@context":"https:\/\/schema.org","@graph":[{"@type":"WebPage","@id":"https:\/\/italchamber.qc.ca\/it\/services\/other-services\/","url":"https:\/\/italchamber.qc.ca\/it\/services\/other-services\/","name":"Altri Servizi - ICCC","isPartOf":{"@id":"https:\/\/italchamber.qc.ca\/it\/#website"},"datePublished":"2024-10-10T14:10:40+00:00","dateModified":"2025-05-15T17:37:57+00:00","breadcrumb":{"@id":"https:\/\/italchamber.qc.ca\/it\/services\/other-services\/#breadcrumb"},"inLanguage":"it-IT","potentialAction":[{"@type":"ReadAction","target":["https:\/\/italchamber.qc.ca\/it\/services\/other-services\/"]}]},{"@type":"BreadcrumbList","@id":"https:\/\/italchamber.qc.ca\/it\/services\/other-services\/#breadcrumb","itemListElement":[{"@type":"ListItem","position":1,"name":"Home","item":"https:\/\/italchamber.qc.ca\/it\/home\/"},{"@type":"ListItem","position":2,"name":"Servizi","item":"https:\/\/italchamber.qc.ca\/it\/services\/"},{"@type":"ListItem","position":3,"name":"Altri Servizi"}]},{"@type":"WebSite","@id":"https:\/\/italchamber.qc.ca\/it\/#website","url":"https:\/\/italchamber.qc.ca\/it\/","name":"ICCC","description":"Italian Chamber of Commerce in Canada","publisher":{"@id":"https:\/\/italchamber.qc.ca\/it\/#organization"},"potentialAction":[{"@type":"SearchAction","target":{"@type":"EntryPoint","urlTemplate":"https:\/\/italchamber.qc.ca\/it\/?s={search_term_string}"},"query-input":{"@type":"PropertyValueSpecification","valueRequired":true,"valueName":"search_term_string"}}],"inLanguage":"it-IT"},{"@type":"Organization","@id":"https:\/\/italchamber.qc.ca\/it\/#organization","name":"ICCC","url":"https:\/\/italchamber.qc.ca\/it\/","logo":{"@type":"ImageObject","inLanguage":"it-IT","@id":"https:\/\/italchamber.qc.ca\/it\/#\/schema\/logo\/image\/","url":"https:\/\/italchamber.qc.ca\/wp-content\/uploads\/2025\/05\/ICCC-Logo-Italian.svg","contentUrl":"https:\/\/italchamber.qc.ca\/wp-content\/uploads\/2025\/05\/ICCC-Logo-Italian.svg","caption":"ICCC"},"image":{"@id":"https:\/\/italchamber.qc.ca\/it\/#\/schema\/logo\/image\/"}}]}},"_links":{"self":[{"href":"https:\/\/italchamber.qc.ca\/it\/wp-json\/wp\/v2\/pages\/16246","targetHints":{"allow":["GET"]}}],"collection":[{"href":"https:\/\/italchamber.qc.ca\/it\/wp-json\/wp\/v2\/pages"}],"about":[{"href":"https:\/\/italchamber.qc.ca\/it\/wp-json\/wp\/v2\/types\/page"}],"author":[{"embeddable":true,"href":"https:\/\/italchamber.qc.ca\/it\/wp-json\/wp\/v2\/users\/1"}],"replies":[{"embeddable":true,"href":"https:\/\/italchamber.qc.ca\/it\/wp-json\/wp\/v2\/comments?post=16246"}],"version-history":[{"count":5,"href":"https:\/\/italchamber.qc.ca\/it\/wp-json\/wp\/v2\/pages\/16246\/revisions"}],"predecessor-version":[{"id":16346,"href":"https:\/\/italchamber.qc.ca\/it\/wp-json\/wp\/v2\/pages\/16246\/revisions\/16346"}],"up":[{"embeddable":true,"href":"https:\/\/italchamber.qc.ca\/it\/wp-json\/wp\/v2\/pages\/16217"}],"wp:attachment":[{"href":"https:\/\/italchamber.qc.ca\/it\/wp-json\/wp\/v2\/media?parent=16246"}],"curies":[{"name":"wp","href":"https:\/\/api.w.org\/{rel}","templated":true}]}}