{"id":16240,"date":"2024-10-10T14:09:15","date_gmt":"2024-10-10T14:09:15","guid":{"rendered":"https:\/\/italchamber.qc.ca\/services\/marketing\/"},"modified":"2025-05-15T16:08:37","modified_gmt":"2025-05-15T16:08:37","slug":"marketing","status":"publish","type":"page","link":"https:\/\/italchamber.qc.ca\/it\/services\/marketing\/","title":{"rendered":"Marketing"},"content":{"rendered":"\t\t<div data-elementor-type=\"wp-page\" data-elementor-id=\"16240\" class=\"elementor elementor-16240 elementor-3326\" data-elementor-post-type=\"page\">\n\t\t\t\t<div class=\"elementor-element elementor-element-bbe7b02 e-con-full e-flex e-con e-parent\" data-id=\"bbe7b02\" data-element_type=\"container\" data-e-type=\"container\">\n\t\t<div class=\"elementor-element elementor-element-5dc39ab e-con-full e-flex e-con e-child\" data-id=\"5dc39ab\" data-element_type=\"container\" data-e-type=\"container\" data-settings=\"{&quot;background_background&quot;:&quot;classic&quot;}\">\n\t\t<div class=\"elementor-element elementor-element-9d9438f e-flex e-con-boxed e-con e-child\" data-id=\"9d9438f\" data-element_type=\"container\" data-e-type=\"container\">\n\t\t\t\t\t<div class=\"e-con-inner\">\n\t\t<div class=\"elementor-element elementor-element-85f56e8 e-con-full e-flex e-con e-child\" data-id=\"85f56e8\" data-element_type=\"container\" data-e-type=\"container\">\n\t\t\t\t<div class=\"elementor-element elementor-element-a978e16 elementor-widget elementor-widget-heading\" data-id=\"a978e16\" data-element_type=\"widget\" data-e-type=\"widget\" data-widget_type=\"heading.default\">\n\t\t\t\t<div class=\"elementor-widget-container\">\n\t\t\t\t\t<h1 class=\"elementor-heading-title elementor-size-default\">Marketing<\/h1>\t\t\t\t<\/div>\n\t\t\t\t<\/div>\n\t\t<div class=\"elementor-element elementor-element-a36b731 e-con-full e-flex e-con e-child\" data-id=\"a36b731\" data-element_type=\"container\" data-e-type=\"container\">\n\t\t\t\t<div class=\"elementor-element elementor-element-c2957f9 elementor-widget elementor-widget-text-editor\" data-id=\"c2957f9\" data-element_type=\"widget\" data-e-type=\"widget\" data-widget_type=\"text-editor.default\">\n\t\t\t\t<div class=\"elementor-widget-container\">\n\t\t\t\t\t\t\t\t\t<p><strong>Efficienza<\/strong> e affidabilit\u00e0!<\/p>\n\t\t\t\t\t\t\t\t<\/div>\n\t\t\t\t<\/div>\n\t\t\t\t<\/div>\n\t\t\t\t<\/div>\n\t\t\t\t\t<\/div>\n\t\t\t\t<\/div>\n\t\t\t\t<\/div>\n\t\t\t\t<\/div>\n\t\t<div class=\"elementor-element elementor-element-2d026ca e-con-full e-flex e-con e-parent\" data-id=\"2d026ca\" data-element_type=\"container\" data-e-type=\"container\">\n\t\t<div class=\"elementor-element elementor-element-d144068 e-flex e-con-boxed e-con e-child\" data-id=\"d144068\" data-element_type=\"container\" data-e-type=\"container\">\n\t\t\t\t\t<div class=\"e-con-inner\">\n\t\t\t\t<div class=\"elementor-element elementor-element-ecf2d62 elementor-widget elementor-widget-heading\" data-id=\"ecf2d62\" data-element_type=\"widget\" data-e-type=\"widget\" data-widget_type=\"heading.default\">\n\t\t\t\t<div class=\"elementor-widget-container\">\n\t\t\t\t\t<h2 class=\"elementor-heading-title elementor-size-default\">Marketing internazionale<\/h2>\t\t\t\t<\/div>\n\t\t\t\t<\/div>\n\t\t<div class=\"elementor-element elementor-element-ffcf66d e-grid e-con-full e-con e-child\" data-id=\"ffcf66d\" data-element_type=\"container\" data-e-type=\"container\">\n\t\t<div class=\"elementor-element elementor-element-99a78b8 e-con-full e-flex e-con e-child\" data-id=\"99a78b8\" data-element_type=\"container\" data-e-type=\"container\">\n\t\t\t\t<div class=\"elementor-element elementor-element-edab3b9 elementor-widget elementor-widget-text-editor\" data-id=\"edab3b9\" data-element_type=\"widget\" data-e-type=\"widget\" data-widget_type=\"text-editor.default\">\n\t\t\t\t<div class=\"elementor-widget-container\">\n\t\t\t\t\t\t\t\t\t\n\nIl primo passo cruciale quando si intraprende un percorso di espansione all\u2019estero \u00e8 quello della valutazione dei propri obiettivi strategici, delle proprie potenzialit\u00e0, delle opportunit\u00e0 che il mercato target pu\u00f2 offrire. Per definire la strategia di market entry pi\u00f9 efficace, forniamo alle imprese nostre clienti:\n\n\t\t\t\t\t\t\t\t<\/div>\n\t\t\t\t<\/div>\n\t\t\t\t<div class=\"elementor-element elementor-element-510dd0e elementor-widget elementor-widget-heading\" data-id=\"510dd0e\" data-element_type=\"widget\" data-e-type=\"widget\" data-widget_type=\"heading.default\">\n\t\t\t\t<div class=\"elementor-widget-container\">\n\t\t\t\t\t<h4 class=\"elementor-heading-title elementor-size-default\">Valutazione del mercato<\/h4>\t\t\t\t<\/div>\n\t\t\t\t<\/div>\n\t\t\t\t<div class=\"elementor-element elementor-element-851a867 elementor-widget elementor-widget-text-editor\" data-id=\"851a867\" data-element_type=\"widget\" data-e-type=\"widget\" data-widget_type=\"text-editor.default\">\n\t\t\t\t<div class=\"elementor-widget-container\">\n\t\t\t\t\t\t\t\t\t<ul>\n \t<li>Analisi di mercato<\/li>\n<li>Competitive Analysis<\/li>\n<li>Valutazione trend di mercato ed opportunit\u00e0<\/li>\n<li>Valutazione delle risorse e dei vincoli aziendali<\/li>\n<\/ul>\t\t\t\t\t\t\t\t<\/div>\n\t\t\t\t<\/div>\n\t\t\t\t<\/div>\n\t\t<div class=\"elementor-element elementor-element-61bee2e e-con-full e-flex e-con e-child\" data-id=\"61bee2e\" data-element_type=\"container\" data-e-type=\"container\">\n\t\t\t\t<div class=\"elementor-element elementor-element-6e02ef7 elementor-widget elementor-widget-heading\" data-id=\"6e02ef7\" data-element_type=\"widget\" data-e-type=\"widget\" data-widget_type=\"heading.default\">\n\t\t\t\t<div class=\"elementor-widget-container\">\n\t\t\t\t\t<h4 class=\"elementor-heading-title elementor-size-default\">Accesso e penetrazione del mercato\n\n\n\n\n<\/h4>\t\t\t\t<\/div>\n\t\t\t\t<\/div>\n\t\t\t\t<div class=\"elementor-element elementor-element-094505c elementor-widget elementor-widget-text-editor\" data-id=\"094505c\" data-element_type=\"widget\" data-e-type=\"widget\" data-widget_type=\"text-editor.default\">\n\t\t\t\t<div class=\"elementor-widget-container\">\n\t\t\t\t\t\t\t\t\tUna volta completata la valutazione del mercato e quando avrete stabilito che la vostra azienda \u00e8 pronta ad approcciare un nuovo mercato, andrete alla ricerca di partner, clienti, collaboratori. Per far questo, le relazioni sono il fattore-chiave di successo. Le relazioni sono basate su forti legami fiduciari e sulla condivisione di obiettivi d\u2019affari. Noi potremo aiutarvi ed identificare e a selezionare potenziali partner, clienti, fornitori.\n\nQuando sarete entrati sul nuovo mercato potremo aiutarvi a conquistare quote di mercato con una serie estremamente targettizzata di servizi di marketing. Attivit\u00e0 promozionali e di comunicazione, iniziative commerciali, workshop informativi: tutti servizi \u201csu misura\u201d per aiutarvi a radicare la vostra presenza sul nuovo mercato. Noi continueremo a monitorare il mercato per voi ed a fornirvi consigli e raccomandazioni su come rispondere velocemente ad ogni cambiamento.\n\nLavoriamo anche con esperti e consulenti qualificati che hanno esperienze pluriennali in azienda ed una capacit\u00e0 unica di visione strategica.\t\t\t\t\t\t\t\t<\/div>\n\t\t\t\t<\/div>\n\t\t\t\t<\/div>\n\t\t\t\t<\/div>\n\t\t\t\t\t<\/div>\n\t\t\t\t<\/div>\n\t\t<div class=\"elementor-element elementor-element-dd3af77 e-flex e-con-boxed e-con e-child\" data-id=\"dd3af77\" data-element_type=\"container\" data-e-type=\"container\" data-settings=\"{&quot;background_background&quot;:&quot;classic&quot;}\">\n\t\t\t\t\t<div class=\"e-con-inner\">\n\t\t<div class=\"elementor-element elementor-element-182f4db e-con-full e-flex e-con e-child\" data-id=\"182f4db\" data-element_type=\"container\" data-e-type=\"container\" data-settings=\"{&quot;background_background&quot;:&quot;classic&quot;}\">\n\t\t\t\t<div class=\"elementor-element elementor-element-183d439 elementor-widget elementor-widget-heading\" data-id=\"183d439\" data-element_type=\"widget\" data-e-type=\"widget\" data-widget_type=\"heading.default\">\n\t\t\t\t<div class=\"elementor-widget-container\">\n\t\t\t\t\t<h4 class=\"elementor-heading-title elementor-size-default\">Eddy Fioretti \u2013 ClouDesire<\/h4>\t\t\t\t<\/div>\n\t\t\t\t<\/div>\n\t\t\t\t<div class=\"elementor-element elementor-element-fe8f07f elementor-widget elementor-widget-heading\" data-id=\"fe8f07f\" data-element_type=\"widget\" data-e-type=\"widget\" data-widget_type=\"heading.default\">\n\t\t\t\t<div class=\"elementor-widget-container\">\n\t\t\t\t\t<h3 class=\"elementor-heading-title elementor-size-default\">\u2026l\u2019assistenza puntuale e costante, la costruzione personalizzata di opportunit\u00e0 di business, il \u201ctraining on the job \u00bb, l\u2019accompagnamento di profili estremamente senior della Camera durante ogni meeting (6 meeting in 3 giorni lavorativi, tutti con persone di alto livello), sono stati per ClouDesire un\u2019occasione veramente importante per conoscere da vicino il mercato canadese e costruire in brevissimo tempo relazioni che \u2013 speriamo \u2013 possano concretizzarsi al pi\u00f9 presto.\n<\/h3>\t\t\t\t<\/div>\n\t\t\t\t<\/div>\n\t\t\t\t<\/div>\n\t\t\t\t\t<\/div>\n\t\t\t\t<\/div>\n\t\t\t\t<\/div>\n\t\t\t\t<\/div>\n\t\t","protected":false},"excerpt":{"rendered":"<p>Marketing Efficienza e affidabilit\u00e0! Marketing internazionale Il primo passo cruciale quando si intraprende un percorso di espansione all\u2019estero \u00e8 quello della valutazione dei propri obiettivi strategici, delle proprie potenzialit\u00e0, delle opportunit\u00e0 che il mercato target pu\u00f2 offrire. Per definire la strategia di market entry pi\u00f9 efficace, forniamo alle imprese nostre clienti: Valutazione del mercato Analisi [&hellip;]<\/p>\n","protected":false},"author":1,"featured_media":0,"parent":16217,"menu_order":0,"comment_status":"closed","ping_status":"closed","template":"","meta":{"_acf_changed":false,"inline_featured_image":false,"footnotes":""},"class_list":["post-16240","page","type-page","status-publish","hentry"],"acf":[],"yoast_head":"<!-- This site is optimized with the Yoast SEO plugin v27.2 - https:\/\/yoast.com\/product\/yoast-seo-wordpress\/ -->\n<title>Marketing - ICCC<\/title>\n<meta name=\"robots\" content=\"index, follow, max-snippet:-1, max-image-preview:large, max-video-preview:-1\" \/>\n<link rel=\"canonical\" href=\"https:\/\/italchamber.qc.ca\/it\/services\/marketing\/\" \/>\n<meta property=\"og:locale\" content=\"it_IT\" \/>\n<meta property=\"og:type\" content=\"article\" \/>\n<meta property=\"og:title\" content=\"Marketing - ICCC\" \/>\n<meta property=\"og:description\" content=\"Marketing Efficienza e affidabilit\u00e0! Marketing internazionale Il primo passo cruciale quando si intraprende un percorso di espansione all\u2019estero \u00e8 quello della valutazione dei propri obiettivi strategici, delle proprie potenzialit\u00e0, delle opportunit\u00e0 che il mercato target pu\u00f2 offrire. Per definire la strategia di market entry pi\u00f9 efficace, forniamo alle imprese nostre clienti: Valutazione del mercato Analisi [&hellip;]\" \/>\n<meta property=\"og:url\" content=\"https:\/\/italchamber.qc.ca\/it\/services\/marketing\/\" \/>\n<meta property=\"og:site_name\" content=\"ICCC\" \/>\n<meta property=\"article:modified_time\" content=\"2025-05-15T16:08:37+00:00\" \/>\n<meta name=\"twitter:card\" content=\"summary_large_image\" \/>\n<meta name=\"twitter:label1\" content=\"Tempo di lettura stimato\" \/>\n\t<meta name=\"twitter:data1\" content=\"2 minuti\" \/>\n<script type=\"application\/ld+json\" class=\"yoast-schema-graph\">{\"@context\":\"https:\/\/schema.org\",\"@graph\":[{\"@type\":\"WebPage\",\"@id\":\"https:\/\/italchamber.qc.ca\/it\/services\/marketing\/\",\"url\":\"https:\/\/italchamber.qc.ca\/it\/services\/marketing\/\",\"name\":\"Marketing - ICCC\",\"isPartOf\":{\"@id\":\"https:\/\/italchamber.qc.ca\/it\/#website\"},\"datePublished\":\"2024-10-10T14:09:15+00:00\",\"dateModified\":\"2025-05-15T16:08:37+00:00\",\"breadcrumb\":{\"@id\":\"https:\/\/italchamber.qc.ca\/it\/services\/marketing\/#breadcrumb\"},\"inLanguage\":\"it-IT\",\"potentialAction\":[{\"@type\":\"ReadAction\",\"target\":[\"https:\/\/italchamber.qc.ca\/it\/services\/marketing\/\"]}]},{\"@type\":\"BreadcrumbList\",\"@id\":\"https:\/\/italchamber.qc.ca\/it\/services\/marketing\/#breadcrumb\",\"itemListElement\":[{\"@type\":\"ListItem\",\"position\":1,\"name\":\"Home\",\"item\":\"https:\/\/italchamber.qc.ca\/it\/home\/\"},{\"@type\":\"ListItem\",\"position\":2,\"name\":\"Servizi\",\"item\":\"https:\/\/italchamber.qc.ca\/it\/services\/\"},{\"@type\":\"ListItem\",\"position\":3,\"name\":\"Marketing\"}]},{\"@type\":\"WebSite\",\"@id\":\"https:\/\/italchamber.qc.ca\/it\/#website\",\"url\":\"https:\/\/italchamber.qc.ca\/it\/\",\"name\":\"ICCC\",\"description\":\"Italian Chamber of Commerce in Canada\",\"publisher\":{\"@id\":\"https:\/\/italchamber.qc.ca\/it\/#organization\"},\"potentialAction\":[{\"@type\":\"SearchAction\",\"target\":{\"@type\":\"EntryPoint\",\"urlTemplate\":\"https:\/\/italchamber.qc.ca\/it\/?s={search_term_string}\"},\"query-input\":{\"@type\":\"PropertyValueSpecification\",\"valueRequired\":true,\"valueName\":\"search_term_string\"}}],\"inLanguage\":\"it-IT\"},{\"@type\":\"Organization\",\"@id\":\"https:\/\/italchamber.qc.ca\/it\/#organization\",\"name\":\"ICCC\",\"url\":\"https:\/\/italchamber.qc.ca\/it\/\",\"logo\":{\"@type\":\"ImageObject\",\"inLanguage\":\"it-IT\",\"@id\":\"https:\/\/italchamber.qc.ca\/it\/#\/schema\/logo\/image\/\",\"url\":\"https:\/\/italchamber.qc.ca\/wp-content\/uploads\/2025\/05\/ICCC-Logo-Italian.svg\",\"contentUrl\":\"https:\/\/italchamber.qc.ca\/wp-content\/uploads\/2025\/05\/ICCC-Logo-Italian.svg\",\"caption\":\"ICCC\"},\"image\":{\"@id\":\"https:\/\/italchamber.qc.ca\/it\/#\/schema\/logo\/image\/\"}}]}<\/script>\n<!-- \/ Yoast SEO plugin. -->","yoast_head_json":{"title":"Marketing - ICCC","robots":{"index":"index","follow":"follow","max-snippet":"max-snippet:-1","max-image-preview":"max-image-preview:large","max-video-preview":"max-video-preview:-1"},"canonical":"https:\/\/italchamber.qc.ca\/it\/services\/marketing\/","og_locale":"it_IT","og_type":"article","og_title":"Marketing - ICCC","og_description":"Marketing Efficienza e affidabilit\u00e0! Marketing internazionale Il primo passo cruciale quando si intraprende un percorso di espansione all\u2019estero \u00e8 quello della valutazione dei propri obiettivi strategici, delle proprie potenzialit\u00e0, delle opportunit\u00e0 che il mercato target pu\u00f2 offrire. Per definire la strategia di market entry pi\u00f9 efficace, forniamo alle imprese nostre clienti: Valutazione del mercato Analisi [&hellip;]","og_url":"https:\/\/italchamber.qc.ca\/it\/services\/marketing\/","og_site_name":"ICCC","article_modified_time":"2025-05-15T16:08:37+00:00","twitter_card":"summary_large_image","twitter_misc":{"Tempo di lettura stimato":"2 minuti"},"schema":{"@context":"https:\/\/schema.org","@graph":[{"@type":"WebPage","@id":"https:\/\/italchamber.qc.ca\/it\/services\/marketing\/","url":"https:\/\/italchamber.qc.ca\/it\/services\/marketing\/","name":"Marketing - ICCC","isPartOf":{"@id":"https:\/\/italchamber.qc.ca\/it\/#website"},"datePublished":"2024-10-10T14:09:15+00:00","dateModified":"2025-05-15T16:08:37+00:00","breadcrumb":{"@id":"https:\/\/italchamber.qc.ca\/it\/services\/marketing\/#breadcrumb"},"inLanguage":"it-IT","potentialAction":[{"@type":"ReadAction","target":["https:\/\/italchamber.qc.ca\/it\/services\/marketing\/"]}]},{"@type":"BreadcrumbList","@id":"https:\/\/italchamber.qc.ca\/it\/services\/marketing\/#breadcrumb","itemListElement":[{"@type":"ListItem","position":1,"name":"Home","item":"https:\/\/italchamber.qc.ca\/it\/home\/"},{"@type":"ListItem","position":2,"name":"Servizi","item":"https:\/\/italchamber.qc.ca\/it\/services\/"},{"@type":"ListItem","position":3,"name":"Marketing"}]},{"@type":"WebSite","@id":"https:\/\/italchamber.qc.ca\/it\/#website","url":"https:\/\/italchamber.qc.ca\/it\/","name":"ICCC","description":"Italian Chamber of Commerce in Canada","publisher":{"@id":"https:\/\/italchamber.qc.ca\/it\/#organization"},"potentialAction":[{"@type":"SearchAction","target":{"@type":"EntryPoint","urlTemplate":"https:\/\/italchamber.qc.ca\/it\/?s={search_term_string}"},"query-input":{"@type":"PropertyValueSpecification","valueRequired":true,"valueName":"search_term_string"}}],"inLanguage":"it-IT"},{"@type":"Organization","@id":"https:\/\/italchamber.qc.ca\/it\/#organization","name":"ICCC","url":"https:\/\/italchamber.qc.ca\/it\/","logo":{"@type":"ImageObject","inLanguage":"it-IT","@id":"https:\/\/italchamber.qc.ca\/it\/#\/schema\/logo\/image\/","url":"https:\/\/italchamber.qc.ca\/wp-content\/uploads\/2025\/05\/ICCC-Logo-Italian.svg","contentUrl":"https:\/\/italchamber.qc.ca\/wp-content\/uploads\/2025\/05\/ICCC-Logo-Italian.svg","caption":"ICCC"},"image":{"@id":"https:\/\/italchamber.qc.ca\/it\/#\/schema\/logo\/image\/"}}]}},"_links":{"self":[{"href":"https:\/\/italchamber.qc.ca\/it\/wp-json\/wp\/v2\/pages\/16240","targetHints":{"allow":["GET"]}}],"collection":[{"href":"https:\/\/italchamber.qc.ca\/it\/wp-json\/wp\/v2\/pages"}],"about":[{"href":"https:\/\/italchamber.qc.ca\/it\/wp-json\/wp\/v2\/types\/page"}],"author":[{"embeddable":true,"href":"https:\/\/italchamber.qc.ca\/it\/wp-json\/wp\/v2\/users\/1"}],"replies":[{"embeddable":true,"href":"https:\/\/italchamber.qc.ca\/it\/wp-json\/wp\/v2\/comments?post=16240"}],"version-history":[{"count":5,"href":"https:\/\/italchamber.qc.ca\/it\/wp-json\/wp\/v2\/pages\/16240\/revisions"}],"predecessor-version":[{"id":16303,"href":"https:\/\/italchamber.qc.ca\/it\/wp-json\/wp\/v2\/pages\/16240\/revisions\/16303"}],"up":[{"embeddable":true,"href":"https:\/\/italchamber.qc.ca\/it\/wp-json\/wp\/v2\/pages\/16217"}],"wp:attachment":[{"href":"https:\/\/italchamber.qc.ca\/it\/wp-json\/wp\/v2\/media?parent=16240"}],"curies":[{"name":"wp","href":"https:\/\/api.w.org\/{rel}","templated":true}]}}