{"id":16249,"date":"2024-10-10T14:10:21","date_gmt":"2024-10-10T14:10:21","guid":{"rendered":"https:\/\/italchamber.qc.ca\/services\/technology\/"},"modified":"2025-05-14T02:14:59","modified_gmt":"2025-05-14T02:14:59","slug":"technology","status":"publish","type":"page","link":"https:\/\/italchamber.qc.ca\/fr\/services\/technology\/","title":{"rendered":"Technologie"},"content":{"rendered":"\t\t<div data-elementor-type=\"wp-page\" data-elementor-id=\"16249\" class=\"elementor elementor-16249 elementor-3338\" data-elementor-post-type=\"page\">\n\t\t\t\t<div class=\"elementor-element elementor-element-9d2c815 e-con-full e-flex e-con e-parent\" data-id=\"9d2c815\" data-element_type=\"container\" data-e-type=\"container\">\n\t\t<div class=\"elementor-element elementor-element-fca0b6a e-con-full e-flex e-con e-child\" data-id=\"fca0b6a\" data-element_type=\"container\" data-e-type=\"container\">\n\t\t<div class=\"elementor-element elementor-element-2b090fc e-con-full e-flex e-con e-child\" data-id=\"2b090fc\" data-element_type=\"container\" data-e-type=\"container\" data-settings=\"{&quot;background_background&quot;:&quot;classic&quot;}\">\n\t\t<div class=\"elementor-element elementor-element-0f94a1b e-flex e-con-boxed e-con e-child\" data-id=\"0f94a1b\" data-element_type=\"container\" data-e-type=\"container\">\n\t\t\t\t\t<div class=\"e-con-inner\">\n\t\t<div class=\"elementor-element elementor-element-545b04e e-con-full e-flex e-con e-child\" data-id=\"545b04e\" data-element_type=\"container\" data-e-type=\"container\">\n\t\t\t\t<div class=\"elementor-element elementor-element-c9458b2 elementor-widget elementor-widget-heading\" data-id=\"c9458b2\" data-element_type=\"widget\" data-e-type=\"widget\" data-widget_type=\"heading.default\">\n\t\t\t\t<div class=\"elementor-widget-container\">\n\t\t\t\t\t<h1 class=\"elementor-heading-title elementor-size-default\">Technologie<\/h1>\t\t\t\t<\/div>\n\t\t\t\t<\/div>\n\t\t<div class=\"elementor-element elementor-element-0d3b952 e-con-full e-flex e-con e-child\" data-id=\"0d3b952\" data-element_type=\"container\" data-e-type=\"container\">\n\t\t\t\t<div class=\"elementor-element elementor-element-40ce970 elementor-widget elementor-widget-text-editor\" data-id=\"40ce970\" data-element_type=\"widget\" data-e-type=\"widget\" data-widget_type=\"text-editor.default\">\n\t\t\t\t<div class=\"elementor-widget-container\">\n\t\t\t\t\t\t\t\t\t<p><strong>Faciliter la croissance<\/strong> et la collaboration \u00e0 travers un r\u00e9seau dynamique de ressources, de partenariats et d&rsquo;opportunit\u00e9s.<\/p>\n\t\t\t\t\t\t\t\t<\/div>\n\t\t\t\t<\/div>\n\t\t\t\t<\/div>\n\t\t\t\t<\/div>\n\t\t\t\t\t<\/div>\n\t\t\t\t<\/div>\n\t\t\t\t<\/div>\n\t\t\t\t<\/div>\n\t\t\t\t<\/div>\n\t\t<div class=\"elementor-element elementor-element-581528c e-con-full e-flex e-con e-parent\" data-id=\"581528c\" data-element_type=\"container\" data-e-type=\"container\">\n\t\t<div class=\"elementor-element elementor-element-652f45c e-flex e-con-boxed e-con e-child\" data-id=\"652f45c\" data-element_type=\"container\" data-e-type=\"container\">\n\t\t\t\t\t<div class=\"e-con-inner\">\n\t\t<div class=\"elementor-element elementor-element-a75d3b1 e-con-full e-flex e-con e-child\" data-id=\"a75d3b1\" data-element_type=\"container\" data-e-type=\"container\" data-settings=\"{&quot;background_background&quot;:&quot;classic&quot;}\">\n\t\t\t\t<\/div>\n\t\t<div class=\"elementor-element elementor-element-58692f6 e-con-full e-flex e-con e-child\" data-id=\"58692f6\" data-element_type=\"container\" data-e-type=\"container\" data-settings=\"{&quot;background_background&quot;:&quot;classic&quot;}\">\n\t\t\t\t<div class=\"elementor-element elementor-element-f08c381 elementor-widget elementor-widget-text-editor\" data-id=\"f08c381\" data-element_type=\"widget\" data-e-type=\"widget\" data-widget_type=\"text-editor.default\">\n\t\t\t\t<div class=\"elementor-widget-container\">\n\t\t\t\t\t\t\t\t\t<p>L\u2019Italie est un pays de technologie et de recherche. Les districts technologiques, similaires aux grappes technologiques canadiennes, cr\u00e9ent un environnement propice aux avanc\u00e9es innovatrices, aux alliances strat\u00e9giques et \u00e0 l\u2019excellence industrielle, pour les PME et les start-ups italiennes. Les districts technologiques en Italie forment un \u00e9cosyst\u00e8me qui repose sur l\u2019industrie, o\u00f9 le priv\u00e9 (les PME, les professionnels) et le public (le gouvernement, les instituts de R&amp;D et les universit\u00e9s) unissent leurs forces pour faire avancer l\u2019innovation.  <\/p>\n<p>Parmi les secteurs technologiques strat\u00e9giques italiens, on retrouve:<\/p>\n<ul>\n<li>A\u00e9ronautique, d\u00e9fense et avionique<\/li>\n<li>Biotechnologies<\/li>\n<li>Mat\u00e9riaux avanc\u00e9s<\/li>\n<li>Technologies de l\u2019information et des communications<\/li>\n<li>Sciences de la vie<\/li>\n<li>Transports<\/li>\n<li>Agroalimentaire et agroindustriel<\/li>\n<li>\u00c9nergies renouvelables<\/li>\n<li>Villes intelligentes<\/li>\n<li>D\u00e9veloppement durable<\/li>\n<\/ul>\n<p>La signature r\u00e9cente de l\u2019Accord \u00e9conomique et commercial global entre le Canada et l\u2019Union europ\u00e9enne offre des opportunit\u00e9s nouvelles aux entreprises canadiennes qui veulent faire des affaires en Europe. Pour les entreprises qui \u0153uvrent dans les industries de hautes technologies, l\u2019Italie peut \u00eatre votre porte d\u2019entr\u00e9e en Europe. Que nous consid\u00e9rions la fabrication technologique, les services \u00e0 contenu hautement technologique, les produits technologiques aux fins d\u2019importation et d\u2019exportation et que ce soit des opportunit\u00e9s d\u2019investissement, de transferts technologiques, des accords de licence ou de partenariat, l\u2019Italie se classe parmi les meilleurs pays europ\u00e9ens pour les technologies et pr\u00e9sente un potentiel d\u2019expansion important.  <\/p>\n\t\t\t\t\t\t\t\t<\/div>\n\t\t\t\t<\/div>\n\t\t\t\t<\/div>\n\t\t\t\t\t<\/div>\n\t\t\t\t<\/div>\n\t\t<div class=\"elementor-element elementor-element-119ab46 e-flex e-con-boxed e-con e-child\" data-id=\"119ab46\" data-element_type=\"container\" data-e-type=\"container\" data-settings=\"{&quot;background_background&quot;:&quot;classic&quot;}\">\n\t\t\t\t\t<div class=\"e-con-inner\">\n\t\t<div class=\"elementor-element elementor-element-5cd3e7f e-con-full e-flex e-con e-child\" data-id=\"5cd3e7f\" data-element_type=\"container\" data-e-type=\"container\" data-settings=\"{&quot;background_background&quot;:&quot;classic&quot;}\">\n\t\t\t\t<div class=\"elementor-element elementor-element-18a3b77 elementor-widget elementor-widget-heading\" data-id=\"18a3b77\" data-element_type=\"widget\" data-e-type=\"widget\" data-widget_type=\"heading.default\">\n\t\t\t\t<div class=\"elementor-widget-container\">\n\t\t\t\t\t<h4 class=\"elementor-heading-title elementor-size-default\">Antonio Conati Barbaro \u2013 Alleantia<\/h4>\t\t\t\t<\/div>\n\t\t\t\t<\/div>\n\t\t\t\t<div class=\"elementor-element elementor-element-1c410b5 elementor-widget elementor-widget-heading\" data-id=\"1c410b5\" data-element_type=\"widget\" data-e-type=\"widget\" data-widget_type=\"heading.default\">\n\t\t\t\t<div class=\"elementor-widget-container\">\n\t\t\t\t\t<h3 class=\"elementor-heading-title elementor-size-default\">La strategia del progetto di internazionalizzazione e la sua organizzazione si sono dimostrate molto efficaci nello sviluppo di nuove opportunit\u00e0 di business per Alleantia, e per il supporto alla definizione delle nostre startegie di sviluppo del mercato Nord-Americano.<\/h3>\t\t\t\t<\/div>\n\t\t\t\t<\/div>\n\t\t\t\t<\/div>\n\t\t\t\t\t<\/div>\n\t\t\t\t<\/div>\n\t\t\t\t<\/div>\n\t\t\t\t<\/div>\n\t\t","protected":false},"excerpt":{"rendered":"<p>Technologie Faciliter la croissance et la collaboration \u00e0 travers un r\u00e9seau dynamique de ressources, de partenariats et d&rsquo;opportunit\u00e9s. L\u2019Italie est un pays de technologie et de recherche. Les districts technologiques, similaires aux grappes technologiques canadiennes, cr\u00e9ent un environnement propice aux avanc\u00e9es innovatrices, aux alliances strat\u00e9giques et \u00e0 l\u2019excellence industrielle, pour les PME et les start-ups [&hellip;]<\/p>\n","protected":false},"author":1,"featured_media":0,"parent":16057,"menu_order":0,"comment_status":"closed","ping_status":"closed","template":"","meta":{"_acf_changed":false,"inline_featured_image":false,"footnotes":""},"class_list":["post-16249","page","type-page","status-publish","hentry"],"acf":[],"yoast_head":"<!-- This site is optimized with the Yoast SEO plugin v27.2 - https:\/\/yoast.com\/product\/yoast-seo-wordpress\/ -->\n<title>Technologie - ICCC<\/title>\n<meta name=\"robots\" content=\"index, follow, max-snippet:-1, max-image-preview:large, max-video-preview:-1\" \/>\n<link rel=\"canonical\" href=\"https:\/\/italchamber.qc.ca\/fr\/services\/technology\/\" \/>\n<meta property=\"og:locale\" content=\"fr_FR\" \/>\n<meta property=\"og:type\" content=\"article\" \/>\n<meta property=\"og:title\" content=\"Technologie - ICCC\" \/>\n<meta property=\"og:description\" content=\"Technologie Faciliter la croissance et la collaboration \u00e0 travers un r\u00e9seau dynamique de ressources, de partenariats et d&rsquo;opportunit\u00e9s. L\u2019Italie est un pays de technologie et de recherche. Les districts technologiques, similaires aux grappes technologiques canadiennes, cr\u00e9ent un environnement propice aux avanc\u00e9es innovatrices, aux alliances strat\u00e9giques et \u00e0 l\u2019excellence industrielle, pour les PME et les start-ups [&hellip;]\" \/>\n<meta property=\"og:url\" content=\"https:\/\/italchamber.qc.ca\/fr\/services\/technology\/\" \/>\n<meta property=\"og:site_name\" content=\"ICCC\" \/>\n<meta property=\"article:modified_time\" content=\"2025-05-14T02:14:59+00:00\" \/>\n<meta name=\"twitter:card\" content=\"summary_large_image\" \/>\n<meta name=\"twitter:label1\" content=\"Dur\u00e9e de lecture estim\u00e9e\" \/>\n\t<meta name=\"twitter:data1\" content=\"1 minute\" \/>\n<script type=\"application\/ld+json\" class=\"yoast-schema-graph\">{\"@context\":\"https:\/\/schema.org\",\"@graph\":[{\"@type\":\"WebPage\",\"@id\":\"https:\/\/italchamber.qc.ca\/fr\/services\/technology\/\",\"url\":\"https:\/\/italchamber.qc.ca\/fr\/services\/technology\/\",\"name\":\"Technologie - ICCC\",\"isPartOf\":{\"@id\":\"https:\/\/italchamber.qc.ca\/fr\/#website\"},\"datePublished\":\"2024-10-10T14:10:21+00:00\",\"dateModified\":\"2025-05-14T02:14:59+00:00\",\"breadcrumb\":{\"@id\":\"https:\/\/italchamber.qc.ca\/fr\/services\/technology\/#breadcrumb\"},\"inLanguage\":\"fr-FR\",\"potentialAction\":[{\"@type\":\"ReadAction\",\"target\":[\"https:\/\/italchamber.qc.ca\/fr\/services\/technology\/\"]}]},{\"@type\":\"BreadcrumbList\",\"@id\":\"https:\/\/italchamber.qc.ca\/fr\/services\/technology\/#breadcrumb\",\"itemListElement\":[{\"@type\":\"ListItem\",\"position\":1,\"name\":\"Home\",\"item\":\"https:\/\/italchamber.qc.ca\/fr\/accueil\/\"},{\"@type\":\"ListItem\",\"position\":2,\"name\":\"Services\",\"item\":\"https:\/\/italchamber.qc.ca\/fr\/services\/\"},{\"@type\":\"ListItem\",\"position\":3,\"name\":\"Technologie\"}]},{\"@type\":\"WebSite\",\"@id\":\"https:\/\/italchamber.qc.ca\/fr\/#website\",\"url\":\"https:\/\/italchamber.qc.ca\/fr\/\",\"name\":\"ICCC\",\"description\":\"Italian Chamber of Commerce in Canada\",\"publisher\":{\"@id\":\"https:\/\/italchamber.qc.ca\/fr\/#organization\"},\"potentialAction\":[{\"@type\":\"SearchAction\",\"target\":{\"@type\":\"EntryPoint\",\"urlTemplate\":\"https:\/\/italchamber.qc.ca\/fr\/?s={search_term_string}\"},\"query-input\":{\"@type\":\"PropertyValueSpecification\",\"valueRequired\":true,\"valueName\":\"search_term_string\"}}],\"inLanguage\":\"fr-FR\"},{\"@type\":\"Organization\",\"@id\":\"https:\/\/italchamber.qc.ca\/fr\/#organization\",\"name\":\"ICCC\",\"url\":\"https:\/\/italchamber.qc.ca\/fr\/\",\"logo\":{\"@type\":\"ImageObject\",\"inLanguage\":\"fr-FR\",\"@id\":\"https:\/\/italchamber.qc.ca\/fr\/#\/schema\/logo\/image\/\",\"url\":\"https:\/\/italchamber.qc.ca\/wp-content\/uploads\/2025\/05\/ICCC-Logo-French.svg\",\"contentUrl\":\"https:\/\/italchamber.qc.ca\/wp-content\/uploads\/2025\/05\/ICCC-Logo-French.svg\",\"caption\":\"ICCC\"},\"image\":{\"@id\":\"https:\/\/italchamber.qc.ca\/fr\/#\/schema\/logo\/image\/\"}}]}<\/script>\n<!-- \/ Yoast SEO plugin. -->","yoast_head_json":{"title":"Technologie - ICCC","robots":{"index":"index","follow":"follow","max-snippet":"max-snippet:-1","max-image-preview":"max-image-preview:large","max-video-preview":"max-video-preview:-1"},"canonical":"https:\/\/italchamber.qc.ca\/fr\/services\/technology\/","og_locale":"fr_FR","og_type":"article","og_title":"Technologie - ICCC","og_description":"Technologie Faciliter la croissance et la collaboration \u00e0 travers un r\u00e9seau dynamique de ressources, de partenariats et d&rsquo;opportunit\u00e9s. L\u2019Italie est un pays de technologie et de recherche. Les districts technologiques, similaires aux grappes technologiques canadiennes, cr\u00e9ent un environnement propice aux avanc\u00e9es innovatrices, aux alliances strat\u00e9giques et \u00e0 l\u2019excellence industrielle, pour les PME et les start-ups [&hellip;]","og_url":"https:\/\/italchamber.qc.ca\/fr\/services\/technology\/","og_site_name":"ICCC","article_modified_time":"2025-05-14T02:14:59+00:00","twitter_card":"summary_large_image","twitter_misc":{"Dur\u00e9e de lecture estim\u00e9e":"1 minute"},"schema":{"@context":"https:\/\/schema.org","@graph":[{"@type":"WebPage","@id":"https:\/\/italchamber.qc.ca\/fr\/services\/technology\/","url":"https:\/\/italchamber.qc.ca\/fr\/services\/technology\/","name":"Technologie - ICCC","isPartOf":{"@id":"https:\/\/italchamber.qc.ca\/fr\/#website"},"datePublished":"2024-10-10T14:10:21+00:00","dateModified":"2025-05-14T02:14:59+00:00","breadcrumb":{"@id":"https:\/\/italchamber.qc.ca\/fr\/services\/technology\/#breadcrumb"},"inLanguage":"fr-FR","potentialAction":[{"@type":"ReadAction","target":["https:\/\/italchamber.qc.ca\/fr\/services\/technology\/"]}]},{"@type":"BreadcrumbList","@id":"https:\/\/italchamber.qc.ca\/fr\/services\/technology\/#breadcrumb","itemListElement":[{"@type":"ListItem","position":1,"name":"Home","item":"https:\/\/italchamber.qc.ca\/fr\/accueil\/"},{"@type":"ListItem","position":2,"name":"Services","item":"https:\/\/italchamber.qc.ca\/fr\/services\/"},{"@type":"ListItem","position":3,"name":"Technologie"}]},{"@type":"WebSite","@id":"https:\/\/italchamber.qc.ca\/fr\/#website","url":"https:\/\/italchamber.qc.ca\/fr\/","name":"ICCC","description":"Italian Chamber of Commerce in Canada","publisher":{"@id":"https:\/\/italchamber.qc.ca\/fr\/#organization"},"potentialAction":[{"@type":"SearchAction","target":{"@type":"EntryPoint","urlTemplate":"https:\/\/italchamber.qc.ca\/fr\/?s={search_term_string}"},"query-input":{"@type":"PropertyValueSpecification","valueRequired":true,"valueName":"search_term_string"}}],"inLanguage":"fr-FR"},{"@type":"Organization","@id":"https:\/\/italchamber.qc.ca\/fr\/#organization","name":"ICCC","url":"https:\/\/italchamber.qc.ca\/fr\/","logo":{"@type":"ImageObject","inLanguage":"fr-FR","@id":"https:\/\/italchamber.qc.ca\/fr\/#\/schema\/logo\/image\/","url":"https:\/\/italchamber.qc.ca\/wp-content\/uploads\/2025\/05\/ICCC-Logo-French.svg","contentUrl":"https:\/\/italchamber.qc.ca\/wp-content\/uploads\/2025\/05\/ICCC-Logo-French.svg","caption":"ICCC"},"image":{"@id":"https:\/\/italchamber.qc.ca\/fr\/#\/schema\/logo\/image\/"}}]}},"_links":{"self":[{"href":"https:\/\/italchamber.qc.ca\/fr\/wp-json\/wp\/v2\/pages\/16249","targetHints":{"allow":["GET"]}}],"collection":[{"href":"https:\/\/italchamber.qc.ca\/fr\/wp-json\/wp\/v2\/pages"}],"about":[{"href":"https:\/\/italchamber.qc.ca\/fr\/wp-json\/wp\/v2\/types\/page"}],"author":[{"embeddable":true,"href":"https:\/\/italchamber.qc.ca\/fr\/wp-json\/wp\/v2\/users\/1"}],"replies":[{"embeddable":true,"href":"https:\/\/italchamber.qc.ca\/fr\/wp-json\/wp\/v2\/comments?post=16249"}],"version-history":[{"count":2,"href":"https:\/\/italchamber.qc.ca\/fr\/wp-json\/wp\/v2\/pages\/16249\/revisions"}],"predecessor-version":[{"id":16251,"href":"https:\/\/italchamber.qc.ca\/fr\/wp-json\/wp\/v2\/pages\/16249\/revisions\/16251"}],"up":[{"embeddable":true,"href":"https:\/\/italchamber.qc.ca\/fr\/wp-json\/wp\/v2\/pages\/16057"}],"wp:attachment":[{"href":"https:\/\/italchamber.qc.ca\/fr\/wp-json\/wp\/v2\/media?parent=16249"}],"curies":[{"name":"wp","href":"https:\/\/api.w.org\/{rel}","templated":true}]}}