{"id":16243,"date":"2024-10-10T14:10:40","date_gmt":"2024-10-10T14:10:40","guid":{"rendered":"https:\/\/italchamber.qc.ca\/services\/other-services\/"},"modified":"2025-05-14T02:04:27","modified_gmt":"2025-05-14T02:04:27","slug":"other-services","status":"publish","type":"page","link":"https:\/\/italchamber.qc.ca\/fr\/services\/other-services\/","title":{"rendered":"Services connexes"},"content":{"rendered":"\t\t<div data-elementor-type=\"wp-page\" data-elementor-id=\"16243\" class=\"elementor elementor-16243 elementor-3341\" data-elementor-post-type=\"page\">\n\t\t\t\t<div class=\"elementor-element elementor-element-b5b287f e-con-full e-flex e-con e-parent\" data-id=\"b5b287f\" data-element_type=\"container\" data-e-type=\"container\" data-settings=\"{&quot;background_background&quot;:&quot;classic&quot;}\">\n\t\t<div class=\"elementor-element elementor-element-abb1fd4 e-flex e-con-boxed e-con e-child\" data-id=\"abb1fd4\" data-element_type=\"container\" data-e-type=\"container\">\n\t\t\t\t\t<div class=\"e-con-inner\">\n\t\t<div class=\"elementor-element elementor-element-1f2d720 e-con-full e-flex e-con e-child\" data-id=\"1f2d720\" data-element_type=\"container\" data-e-type=\"container\">\n\t\t\t\t<div class=\"elementor-element elementor-element-1914a35 elementor-widget elementor-widget-heading\" data-id=\"1914a35\" data-element_type=\"widget\" data-e-type=\"widget\" data-widget_type=\"heading.default\">\n\t\t\t\t<div class=\"elementor-widget-container\">\n\t\t\t\t\t<h1 class=\"elementor-heading-title elementor-size-default\"><span>Services<\/span> connexes<\/h1>\t\t\t\t<\/div>\n\t\t\t\t<\/div>\n\t\t<div class=\"elementor-element elementor-element-8a3fa71 e-con-full e-flex e-con e-child\" data-id=\"8a3fa71\" data-element_type=\"container\" data-e-type=\"container\">\n\t\t\t\t<div class=\"elementor-element elementor-element-1a37071 elementor-widget elementor-widget-text-editor\" data-id=\"1a37071\" data-element_type=\"widget\" data-e-type=\"widget\" data-widget_type=\"text-editor.default\">\n\t\t\t\t<div class=\"elementor-widget-container\">\n\t\t\t\t\t\t\t\t\t<p><strong>Faciliter la croissance<\/strong> et la collaboration \u00e0 travers un r\u00e9seau dynamique de ressources, de partenariats et d&rsquo;opportunit\u00e9s.<\/p>\n\t\t\t\t\t\t\t\t<\/div>\n\t\t\t\t<\/div>\n\t\t\t\t<\/div>\n\t\t\t\t<\/div>\n\t\t\t\t\t<\/div>\n\t\t\t\t<\/div>\n\t\t\t\t<\/div>\n\t\t<div class=\"elementor-element elementor-element-6a7155b e-con-full e-flex e-con e-parent\" data-id=\"6a7155b\" data-element_type=\"container\" data-e-type=\"container\">\n\t\t<div class=\"elementor-element elementor-element-d9f7b05 e-grid e-con-boxed e-con e-child\" data-id=\"d9f7b05\" data-element_type=\"container\" data-e-type=\"container\">\n\t\t\t\t\t<div class=\"e-con-inner\">\n\t\t<div class=\"elementor-element elementor-element-ba493bf e-con-full e-flex e-con e-child\" data-id=\"ba493bf\" data-element_type=\"container\" data-e-type=\"container\">\n\t\t\t\t<div class=\"elementor-element elementor-element-5e4dd91 elementor-widget elementor-widget-heading\" data-id=\"5e4dd91\" data-element_type=\"widget\" data-e-type=\"widget\" data-widget_type=\"heading.default\">\n\t\t\t\t<div class=\"elementor-widget-container\">\n\t\t\t\t\t<h3 class=\"elementor-heading-title elementor-size-default\">Missions commerciales<\/h3>\t\t\t\t<\/div>\n\t\t\t\t<\/div>\n\t\t\t\t<div class=\"elementor-element elementor-element-9d92cfb elementor-widget elementor-widget-heading\" data-id=\"9d92cfb\" data-element_type=\"widget\" data-e-type=\"widget\" data-widget_type=\"heading.default\">\n\t\t\t\t<div class=\"elementor-widget-container\">\n\t\t\t\t\t<h5 class=\"elementor-heading-title elementor-size-default\">Il n\u2019y a rien de mieux que de voir pour comprendre\u2026parler directement aux propri\u00e9taires et s\u2019orienter sur l\u2019environnement d\u2019affaires.<\/h5>\t\t\t\t<\/div>\n\t\t\t\t<\/div>\n\t\t\t\t<div class=\"elementor-element elementor-element-b35228a elementor-widget elementor-widget-text-editor\" data-id=\"b35228a\" data-element_type=\"widget\" data-e-type=\"widget\" data-widget_type=\"text-editor.default\">\n\t\t\t\t<div class=\"elementor-widget-container\">\n\t\t\t\t\t\t\t\t\tNous organisons r\u00e9guli\u00e8rement des missions \u00e9conomiques et commerciales en Italie pour nos clients canadiens. Celles-ci incluent des rencontres d\u2019affaires et des rencontres avec des repr\u00e9sentants gouvernementaux italiens, des visites aux districts industriels et des rencontres cibl\u00e9es individuelles pour les participants.\n\n\t\t\t\t\t\t\t\t<\/div>\n\t\t\t\t<\/div>\n\t\t\t\t<\/div>\n\t\t<div class=\"elementor-element elementor-element-db79af7 e-con-full e-flex e-con e-child\" data-id=\"db79af7\" data-element_type=\"container\" data-e-type=\"container\">\n\t\t\t\t<div class=\"elementor-element elementor-element-d9292d9 elementor-widget elementor-widget-heading\" data-id=\"d9292d9\" data-element_type=\"widget\" data-e-type=\"widget\" data-widget_type=\"heading.default\">\n\t\t\t\t<div class=\"elementor-widget-container\">\n\t\t\t\t\t<h3 class=\"elementor-heading-title elementor-size-default\">Voyages d\u2019affaires individuels en Italie\n<\/h3>\t\t\t\t<\/div>\n\t\t\t\t<\/div>\n\t\t\t\t<div class=\"elementor-element elementor-element-4dc4829 elementor-widget elementor-widget-heading\" data-id=\"4dc4829\" data-element_type=\"widget\" data-e-type=\"widget\" data-widget_type=\"heading.default\">\n\t\t\t\t<div class=\"elementor-widget-container\">\n\t\t\t\t\t<h5 class=\"elementor-heading-title elementor-size-default\">En Italie, on accomplit les affaires plus rapidement avec un Italien dans l\u2019\u00e9quipe!\n\n<\/h5>\t\t\t\t<\/div>\n\t\t\t\t<\/div>\n\t\t\t\t<div class=\"elementor-element elementor-element-52a84f8 elementor-widget elementor-widget-text-editor\" data-id=\"52a84f8\" data-element_type=\"widget\" data-e-type=\"widget\" data-widget_type=\"text-editor.default\">\n\t\t\t\t<div class=\"elementor-widget-container\">\n\t\t\t\t\t\t\t\t\tNous pouvons pr\u00e9parer votre agenda, coordonner vos rendez-vous avec les entreprises que vous souhaitez rencontrer, pr\u00e9parer votre mat\u00e9riel promotionnel en italien, et un de nos coll\u00e8gues italiens peut vous accompagner tout au long de votre s\u00e9jour en Italie.\n\n\t\t\t\t\t\t\t\t<\/div>\n\t\t\t\t<\/div>\n\t\t\t\t<\/div>\n\t\t<div class=\"elementor-element elementor-element-e4bc72d e-con-full e-flex e-con e-child\" data-id=\"e4bc72d\" data-element_type=\"container\" data-e-type=\"container\">\n\t\t\t\t<div class=\"elementor-element elementor-element-4e227b5 elementor-widget elementor-widget-heading\" data-id=\"4e227b5\" data-element_type=\"widget\" data-e-type=\"widget\" data-widget_type=\"heading.default\">\n\t\t\t\t<div class=\"elementor-widget-container\">\n\t\t\t\t\t<h3 class=\"elementor-heading-title elementor-size-default\">Conf\u00e9rences, s\u00e9minaires, forums\n<\/h3>\t\t\t\t<\/div>\n\t\t\t\t<\/div>\n\t\t\t\t<div class=\"elementor-element elementor-element-e07b9e9 elementor-widget elementor-widget-heading\" data-id=\"e07b9e9\" data-element_type=\"widget\" data-e-type=\"widget\" data-widget_type=\"heading.default\">\n\t\t\t\t<div class=\"elementor-widget-container\">\n\t\t\t\t\t<h5 class=\"elementor-heading-title elementor-size-default\">Dans l\u2019\u00e9conomie globale d\u2019aujourd\u2019hui, il est imp\u00e9ratif de rester inform\u00e9 sur les tendances, les innovations, les technologies et le marketing.\n\n<\/h5>\t\t\t\t<\/div>\n\t\t\t\t<\/div>\n\t\t\t\t<div class=\"elementor-element elementor-element-439b65d elementor-widget elementor-widget-text-editor\" data-id=\"439b65d\" data-element_type=\"widget\" data-e-type=\"widget\" data-widget_type=\"text-editor.default\">\n\t\t\t\t<div class=\"elementor-widget-container\">\n\t\t\t\t\t\t\t\t\tNous organisons une vari\u00e9t\u00e9 d\u2019activit\u00e9s con\u00e7ues sp\u00e9cifiquement pour informer les entreprises et garder nos clients \u00e0 l\u2019aff\u00fbt des enjeux qui peuvent affecter leurs entreprises. Nos conf\u00e9renciers sont des leaders dans leur domaine respectif et heureux de partager leur passion avec notre public.\n\n\t\t\t\t\t\t\t\t<\/div>\n\t\t\t\t<\/div>\n\t\t\t\t<\/div>\n\t\t<div class=\"elementor-element elementor-element-5064b58 e-con-full e-flex e-con e-child\" data-id=\"5064b58\" data-element_type=\"container\" data-e-type=\"container\">\n\t\t\t\t<div class=\"elementor-element elementor-element-2ea85b5 elementor-widget elementor-widget-heading\" data-id=\"2ea85b5\" data-element_type=\"widget\" data-e-type=\"widget\" data-widget_type=\"heading.default\">\n\t\t\t\t<div class=\"elementor-widget-container\">\n\t\t\t\t\t<h3 class=\"elementor-heading-title elementor-size-default\">Rapports de march\u00e9\n<\/h3>\t\t\t\t<\/div>\n\t\t\t\t<\/div>\n\t\t\t\t<div class=\"elementor-element elementor-element-4db6406 elementor-widget elementor-widget-heading\" data-id=\"4db6406\" data-element_type=\"widget\" data-e-type=\"widget\" data-widget_type=\"heading.default\">\n\t\t\t\t<div class=\"elementor-widget-container\">\n\t\t\t\t\t<h5 class=\"elementor-heading-title elementor-size-default\">Savoir, c\u2019est pouvoir.\n\n\n<\/h5>\t\t\t\t<\/div>\n\t\t\t\t<\/div>\n\t\t\t\t<div class=\"elementor-element elementor-element-31268ca elementor-widget elementor-widget-text-editor\" data-id=\"31268ca\" data-element_type=\"widget\" data-e-type=\"widget\" data-widget_type=\"text-editor.default\">\n\t\t\t\t<div class=\"elementor-widget-container\">\n\t\t\t\t\t\t\t\t\tNous pr\u00e9parons des rapports de march\u00e9 pour des secteurs sp\u00e9cifiques, avec une analyse des tendances et des d\u00e9veloppements, afin d\u2019identifier des opportunit\u00e9s potentielles.\n\n\t\t\t\t\t\t\t\t<\/div>\n\t\t\t\t<\/div>\n\t\t\t\t<\/div>\n\t\t<div class=\"elementor-element elementor-element-2f1a63a e-con-full e-flex e-con e-child\" data-id=\"2f1a63a\" data-element_type=\"container\" data-e-type=\"container\">\n\t\t\t\t<div class=\"elementor-element elementor-element-e653fa0 elementor-widget elementor-widget-heading\" data-id=\"e653fa0\" data-element_type=\"widget\" data-e-type=\"widget\" data-widget_type=\"heading.default\">\n\t\t\t\t<div class=\"elementor-widget-container\">\n\t\t\t\t\t<h3 class=\"elementor-heading-title elementor-size-default\">Un bureau \u00e0 votre port\u00e9e\n<\/h3>\t\t\t\t<\/div>\n\t\t\t\t<\/div>\n\t\t\t\t<div class=\"elementor-element elementor-element-89341e5 elementor-widget elementor-widget-text-editor\" data-id=\"89341e5\" data-element_type=\"widget\" data-e-type=\"widget\" data-widget_type=\"text-editor.default\">\n\t\t\t\t<div class=\"elementor-widget-container\">\n\t\t\t\t\t\t\t\t\tNous sommes situ\u00e9s en plein c\u0153ur du centre-ville de Montr\u00e9al, en face du campus de l\u2019Universit\u00e9 McGill. Vous pouvez facilement vous installer, de fa\u00e7on provisoire, dans notre Chambre de commerce, alors que vous explorez votre nouveau march\u00e9, \u00e9tablissez votre filiale ou rencontrez de nouveaux clients ou partenaires. Nos clients italiens ont longtemps utilis\u00e9 ce service, qu\u2019ils appr\u00e9cient \u00e9norm\u00e9ment.\n\n\t\t\t\t\t\t\t\t<\/div>\n\t\t\t\t<\/div>\n\t\t\t\t<\/div>\n\t\t<div class=\"elementor-element elementor-element-6b6a50c e-con-full e-flex e-con e-child\" data-id=\"6b6a50c\" data-element_type=\"container\" data-e-type=\"container\">\n\t\t\t\t<div class=\"elementor-element elementor-element-5f874f6 elementor-widget elementor-widget-heading\" data-id=\"5f874f6\" data-element_type=\"widget\" data-e-type=\"widget\" data-widget_type=\"heading.default\">\n\t\t\t\t<div class=\"elementor-widget-container\">\n\t\t\t\t\t<h3 class=\"elementor-heading-title elementor-size-default\">Mentorat<\/h3>\t\t\t\t<\/div>\n\t\t\t\t<\/div>\n\t\t\t\t<div class=\"elementor-element elementor-element-b2b3ff0 elementor-widget elementor-widget-heading\" data-id=\"b2b3ff0\" data-element_type=\"widget\" data-e-type=\"widget\" data-widget_type=\"heading.default\">\n\t\t\t\t<div class=\"elementor-widget-container\">\n\t\t\t\t\t<h5 class=\"elementor-heading-title elementor-size-default\">Souvent, il est n\u00e9cessaire de s\u2019appuyer sur les bons conseils de quelqu\u2019un qui a d\u00e9j\u00e0 v\u00e9cu l\u2019exp\u00e9rience.\n\n\n\n\n<\/h5>\t\t\t\t<\/div>\n\t\t\t\t<\/div>\n\t\t\t\t<div class=\"elementor-element elementor-element-2e0d458 elementor-widget elementor-widget-text-editor\" data-id=\"2e0d458\" data-element_type=\"widget\" data-e-type=\"widget\" data-widget_type=\"text-editor.default\">\n\t\t\t\t<div class=\"elementor-widget-container\">\n\t\t\t\t\t\t\t\t\tIl n\u2019y a rien de mieux que l\u2019aide de nos amis ! Le support est fondamental lorsqu\u2019on tente de percer un nouveau march\u00e9. Que vous cherchiez \u00e0 exporter ou recherchez une nouvelle technologie pour am\u00e9liorer vos proc\u00e9d\u00e9s de fabrication, nous pouvons tous b\u00e9n\u00e9ficier des pr\u00e9cieux conseils de gens d\u2019exp\u00e9rience.\n\n\t\t\t\t\t\t\t\t<\/div>\n\t\t\t\t<\/div>\n\t\t\t\t<\/div>\n\t\t\t\t\t<\/div>\n\t\t\t\t<\/div>\n\t\t\t\t<\/div>\n\t\t<div class=\"elementor-element elementor-element-7398e07 e-con-full e-flex e-con e-child\" data-id=\"7398e07\" data-element_type=\"container\" data-e-type=\"container\" data-settings=\"{&quot;background_background&quot;:&quot;classic&quot;}\">\n\t\t<div class=\"elementor-element elementor-element-32a118a e-flex e-con-boxed e-con e-child\" data-id=\"32a118a\" data-element_type=\"container\" data-e-type=\"container\">\n\t\t\t\t\t<div class=\"e-con-inner\">\n\t\t<div class=\"elementor-element elementor-element-db8349e e-con-full e-flex e-con e-child\" data-id=\"db8349e\" data-element_type=\"container\" data-e-type=\"container\" data-settings=\"{&quot;background_background&quot;:&quot;classic&quot;}\">\n\t\t\t\t<div class=\"elementor-element elementor-element-d7166da elementor-widget elementor-widget-heading\" data-id=\"d7166da\" data-element_type=\"widget\" data-e-type=\"widget\" data-widget_type=\"heading.default\">\n\t\t\t\t<div class=\"elementor-widget-container\">\n\t\t\t\t\t<h4 class=\"elementor-heading-title elementor-size-default\">- Nico Ferrari \u2013 Societ\u00e0 Agricola Faccioli Enzo<\/h4>\t\t\t\t<\/div>\n\t\t\t\t<\/div>\n\t\t\t\t<div class=\"elementor-element elementor-element-0f7d840 elementor-widget elementor-widget-heading\" data-id=\"0f7d840\" data-element_type=\"widget\" data-e-type=\"widget\" data-widget_type=\"heading.default\">\n\t\t\t\t<div class=\"elementor-widget-container\">\n\t\t\t\t\t<h3 class=\"elementor-heading-title elementor-size-default\">J\u2019ai d\u00e9j\u00e0 eu l\u2019opportunit\u00e9 de participer \u00e0 plusieurs missions de scouting, organis\u00e9es par des organismes publics et priv\u00e9s. Lors de ces missions, l\u2019accent a \u00e9t\u00e9 mis sur la rencontre d\u2019un tr\u00e8s grand nombre de contacts. L\u2019exp\u00e9rience \u00e0 Montr\u00e9al est v\u00e9ritablement unique, puisque la CCIC mise sur une approche cibl\u00e9e et s\u00e9lective des partenaires potentiels, qui donne lieu \u00e0 des discussions plus concr\u00e8tes et prometteuses.<\/h3>\t\t\t\t<\/div>\n\t\t\t\t<\/div>\n\t\t\t\t<\/div>\n\t\t\t\t\t<\/div>\n\t\t\t\t<\/div>\n\t\t\t\t<\/div>\n\t\t\t\t<\/div>\n\t\t","protected":false},"excerpt":{"rendered":"<p>Services connexes Faciliter la croissance et la collaboration \u00e0 travers un r\u00e9seau dynamique de ressources, de partenariats et d&rsquo;opportunit\u00e9s. Missions commerciales Il n\u2019y a rien de mieux que de voir pour comprendre\u2026parler directement aux propri\u00e9taires et s\u2019orienter sur l\u2019environnement d\u2019affaires. Nous organisons r\u00e9guli\u00e8rement des missions \u00e9conomiques et commerciales en Italie pour nos clients canadiens. Celles-ci [&hellip;]<\/p>\n","protected":false},"author":1,"featured_media":0,"parent":16057,"menu_order":0,"comment_status":"closed","ping_status":"closed","template":"","meta":{"_acf_changed":false,"inline_featured_image":false,"footnotes":""},"class_list":["post-16243","page","type-page","status-publish","hentry"],"acf":[],"yoast_head":"<!-- This site is optimized with the Yoast SEO plugin v27.2 - https:\/\/yoast.com\/product\/yoast-seo-wordpress\/ -->\n<title>Services connexes - ICCC<\/title>\n<meta name=\"robots\" content=\"index, follow, max-snippet:-1, max-image-preview:large, max-video-preview:-1\" \/>\n<link rel=\"canonical\" href=\"https:\/\/italchamber.qc.ca\/fr\/services\/other-services\/\" \/>\n<meta property=\"og:locale\" content=\"fr_FR\" \/>\n<meta property=\"og:type\" content=\"article\" \/>\n<meta property=\"og:title\" content=\"Services connexes - ICCC\" \/>\n<meta property=\"og:description\" content=\"Services connexes Faciliter la croissance et la collaboration \u00e0 travers un r\u00e9seau dynamique de ressources, de partenariats et d&rsquo;opportunit\u00e9s. Missions commerciales Il n\u2019y a rien de mieux que de voir pour comprendre\u2026parler directement aux propri\u00e9taires et s\u2019orienter sur l\u2019environnement d\u2019affaires. Nous organisons r\u00e9guli\u00e8rement des missions \u00e9conomiques et commerciales en Italie pour nos clients canadiens. Celles-ci [&hellip;]\" \/>\n<meta property=\"og:url\" content=\"https:\/\/italchamber.qc.ca\/fr\/services\/other-services\/\" \/>\n<meta property=\"og:site_name\" content=\"ICCC\" \/>\n<meta property=\"article:modified_time\" content=\"2025-05-14T02:04:27+00:00\" \/>\n<meta name=\"twitter:card\" content=\"summary_large_image\" \/>\n<meta name=\"twitter:label1\" content=\"Dur\u00e9e de lecture estim\u00e9e\" \/>\n\t<meta name=\"twitter:data1\" content=\"2 minutes\" \/>\n<script type=\"application\/ld+json\" class=\"yoast-schema-graph\">{\"@context\":\"https:\/\/schema.org\",\"@graph\":[{\"@type\":\"WebPage\",\"@id\":\"https:\/\/italchamber.qc.ca\/fr\/services\/other-services\/\",\"url\":\"https:\/\/italchamber.qc.ca\/fr\/services\/other-services\/\",\"name\":\"Services connexes - ICCC\",\"isPartOf\":{\"@id\":\"https:\/\/italchamber.qc.ca\/fr\/#website\"},\"datePublished\":\"2024-10-10T14:10:40+00:00\",\"dateModified\":\"2025-05-14T02:04:27+00:00\",\"breadcrumb\":{\"@id\":\"https:\/\/italchamber.qc.ca\/fr\/services\/other-services\/#breadcrumb\"},\"inLanguage\":\"fr-FR\",\"potentialAction\":[{\"@type\":\"ReadAction\",\"target\":[\"https:\/\/italchamber.qc.ca\/fr\/services\/other-services\/\"]}]},{\"@type\":\"BreadcrumbList\",\"@id\":\"https:\/\/italchamber.qc.ca\/fr\/services\/other-services\/#breadcrumb\",\"itemListElement\":[{\"@type\":\"ListItem\",\"position\":1,\"name\":\"Home\",\"item\":\"https:\/\/italchamber.qc.ca\/fr\/accueil\/\"},{\"@type\":\"ListItem\",\"position\":2,\"name\":\"Services\",\"item\":\"https:\/\/italchamber.qc.ca\/fr\/services\/\"},{\"@type\":\"ListItem\",\"position\":3,\"name\":\"Services connexes\"}]},{\"@type\":\"WebSite\",\"@id\":\"https:\/\/italchamber.qc.ca\/fr\/#website\",\"url\":\"https:\/\/italchamber.qc.ca\/fr\/\",\"name\":\"ICCC\",\"description\":\"Italian Chamber of Commerce in Canada\",\"publisher\":{\"@id\":\"https:\/\/italchamber.qc.ca\/fr\/#organization\"},\"potentialAction\":[{\"@type\":\"SearchAction\",\"target\":{\"@type\":\"EntryPoint\",\"urlTemplate\":\"https:\/\/italchamber.qc.ca\/fr\/?s={search_term_string}\"},\"query-input\":{\"@type\":\"PropertyValueSpecification\",\"valueRequired\":true,\"valueName\":\"search_term_string\"}}],\"inLanguage\":\"fr-FR\"},{\"@type\":\"Organization\",\"@id\":\"https:\/\/italchamber.qc.ca\/fr\/#organization\",\"name\":\"ICCC\",\"url\":\"https:\/\/italchamber.qc.ca\/fr\/\",\"logo\":{\"@type\":\"ImageObject\",\"inLanguage\":\"fr-FR\",\"@id\":\"https:\/\/italchamber.qc.ca\/fr\/#\/schema\/logo\/image\/\",\"url\":\"https:\/\/italchamber.qc.ca\/wp-content\/uploads\/2025\/05\/ICCC-Logo-French.svg\",\"contentUrl\":\"https:\/\/italchamber.qc.ca\/wp-content\/uploads\/2025\/05\/ICCC-Logo-French.svg\",\"caption\":\"ICCC\"},\"image\":{\"@id\":\"https:\/\/italchamber.qc.ca\/fr\/#\/schema\/logo\/image\/\"}}]}<\/script>\n<!-- \/ Yoast SEO plugin. -->","yoast_head_json":{"title":"Services connexes - ICCC","robots":{"index":"index","follow":"follow","max-snippet":"max-snippet:-1","max-image-preview":"max-image-preview:large","max-video-preview":"max-video-preview:-1"},"canonical":"https:\/\/italchamber.qc.ca\/fr\/services\/other-services\/","og_locale":"fr_FR","og_type":"article","og_title":"Services connexes - ICCC","og_description":"Services connexes Faciliter la croissance et la collaboration \u00e0 travers un r\u00e9seau dynamique de ressources, de partenariats et d&rsquo;opportunit\u00e9s. Missions commerciales Il n\u2019y a rien de mieux que de voir pour comprendre\u2026parler directement aux propri\u00e9taires et s\u2019orienter sur l\u2019environnement d\u2019affaires. Nous organisons r\u00e9guli\u00e8rement des missions \u00e9conomiques et commerciales en Italie pour nos clients canadiens. Celles-ci [&hellip;]","og_url":"https:\/\/italchamber.qc.ca\/fr\/services\/other-services\/","og_site_name":"ICCC","article_modified_time":"2025-05-14T02:04:27+00:00","twitter_card":"summary_large_image","twitter_misc":{"Dur\u00e9e de lecture estim\u00e9e":"2 minutes"},"schema":{"@context":"https:\/\/schema.org","@graph":[{"@type":"WebPage","@id":"https:\/\/italchamber.qc.ca\/fr\/services\/other-services\/","url":"https:\/\/italchamber.qc.ca\/fr\/services\/other-services\/","name":"Services connexes - ICCC","isPartOf":{"@id":"https:\/\/italchamber.qc.ca\/fr\/#website"},"datePublished":"2024-10-10T14:10:40+00:00","dateModified":"2025-05-14T02:04:27+00:00","breadcrumb":{"@id":"https:\/\/italchamber.qc.ca\/fr\/services\/other-services\/#breadcrumb"},"inLanguage":"fr-FR","potentialAction":[{"@type":"ReadAction","target":["https:\/\/italchamber.qc.ca\/fr\/services\/other-services\/"]}]},{"@type":"BreadcrumbList","@id":"https:\/\/italchamber.qc.ca\/fr\/services\/other-services\/#breadcrumb","itemListElement":[{"@type":"ListItem","position":1,"name":"Home","item":"https:\/\/italchamber.qc.ca\/fr\/accueil\/"},{"@type":"ListItem","position":2,"name":"Services","item":"https:\/\/italchamber.qc.ca\/fr\/services\/"},{"@type":"ListItem","position":3,"name":"Services connexes"}]},{"@type":"WebSite","@id":"https:\/\/italchamber.qc.ca\/fr\/#website","url":"https:\/\/italchamber.qc.ca\/fr\/","name":"ICCC","description":"Italian Chamber of Commerce in Canada","publisher":{"@id":"https:\/\/italchamber.qc.ca\/fr\/#organization"},"potentialAction":[{"@type":"SearchAction","target":{"@type":"EntryPoint","urlTemplate":"https:\/\/italchamber.qc.ca\/fr\/?s={search_term_string}"},"query-input":{"@type":"PropertyValueSpecification","valueRequired":true,"valueName":"search_term_string"}}],"inLanguage":"fr-FR"},{"@type":"Organization","@id":"https:\/\/italchamber.qc.ca\/fr\/#organization","name":"ICCC","url":"https:\/\/italchamber.qc.ca\/fr\/","logo":{"@type":"ImageObject","inLanguage":"fr-FR","@id":"https:\/\/italchamber.qc.ca\/fr\/#\/schema\/logo\/image\/","url":"https:\/\/italchamber.qc.ca\/wp-content\/uploads\/2025\/05\/ICCC-Logo-French.svg","contentUrl":"https:\/\/italchamber.qc.ca\/wp-content\/uploads\/2025\/05\/ICCC-Logo-French.svg","caption":"ICCC"},"image":{"@id":"https:\/\/italchamber.qc.ca\/fr\/#\/schema\/logo\/image\/"}}]}},"_links":{"self":[{"href":"https:\/\/italchamber.qc.ca\/fr\/wp-json\/wp\/v2\/pages\/16243","targetHints":{"allow":["GET"]}}],"collection":[{"href":"https:\/\/italchamber.qc.ca\/fr\/wp-json\/wp\/v2\/pages"}],"about":[{"href":"https:\/\/italchamber.qc.ca\/fr\/wp-json\/wp\/v2\/types\/page"}],"author":[{"embeddable":true,"href":"https:\/\/italchamber.qc.ca\/fr\/wp-json\/wp\/v2\/users\/1"}],"replies":[{"embeddable":true,"href":"https:\/\/italchamber.qc.ca\/fr\/wp-json\/wp\/v2\/comments?post=16243"}],"version-history":[{"count":2,"href":"https:\/\/italchamber.qc.ca\/fr\/wp-json\/wp\/v2\/pages\/16243\/revisions"}],"predecessor-version":[{"id":16245,"href":"https:\/\/italchamber.qc.ca\/fr\/wp-json\/wp\/v2\/pages\/16243\/revisions\/16245"}],"up":[{"embeddable":true,"href":"https:\/\/italchamber.qc.ca\/fr\/wp-json\/wp\/v2\/pages\/16057"}],"wp:attachment":[{"href":"https:\/\/italchamber.qc.ca\/fr\/wp-json\/wp\/v2\/media?parent=16243"}],"curies":[{"name":"wp","href":"https:\/\/api.w.org\/{rel}","templated":true}]}}