{"id":16235,"date":"2024-10-10T14:09:15","date_gmt":"2024-10-10T14:09:15","guid":{"rendered":"https:\/\/italchamber.qc.ca\/services\/marketing\/"},"modified":"2025-05-14T01:32:27","modified_gmt":"2025-05-14T01:32:27","slug":"marketing","status":"publish","type":"page","link":"https:\/\/italchamber.qc.ca\/fr\/services\/marketing\/","title":{"rendered":"Marketing"},"content":{"rendered":"\t\t<div data-elementor-type=\"wp-page\" data-elementor-id=\"16235\" class=\"elementor elementor-16235 elementor-3326\" data-elementor-post-type=\"page\">\n\t\t\t\t<div class=\"elementor-element elementor-element-bbe7b02 e-con-full e-flex e-con e-parent\" data-id=\"bbe7b02\" data-element_type=\"container\" data-e-type=\"container\">\n\t\t<div class=\"elementor-element elementor-element-5dc39ab e-con-full e-flex e-con e-child\" data-id=\"5dc39ab\" data-element_type=\"container\" data-e-type=\"container\" data-settings=\"{&quot;background_background&quot;:&quot;classic&quot;}\">\n\t\t<div class=\"elementor-element elementor-element-9d9438f e-flex e-con-boxed e-con e-child\" data-id=\"9d9438f\" data-element_type=\"container\" data-e-type=\"container\">\n\t\t\t\t\t<div class=\"e-con-inner\">\n\t\t<div class=\"elementor-element elementor-element-85f56e8 e-con-full e-flex e-con e-child\" data-id=\"85f56e8\" data-element_type=\"container\" data-e-type=\"container\">\n\t\t\t\t<div class=\"elementor-element elementor-element-a978e16 elementor-widget elementor-widget-heading\" data-id=\"a978e16\" data-element_type=\"widget\" data-e-type=\"widget\" data-widget_type=\"heading.default\">\n\t\t\t\t<div class=\"elementor-widget-container\">\n\t\t\t\t\t<h1 class=\"elementor-heading-title elementor-size-default\">Marketing<\/h1>\t\t\t\t<\/div>\n\t\t\t\t<\/div>\n\t\t<div class=\"elementor-element elementor-element-a36b731 e-con-full e-flex e-con e-child\" data-id=\"a36b731\" data-element_type=\"container\" data-e-type=\"container\">\n\t\t\t\t<div class=\"elementor-element elementor-element-c2957f9 elementor-widget elementor-widget-text-editor\" data-id=\"c2957f9\" data-element_type=\"widget\" data-e-type=\"widget\" data-widget_type=\"text-editor.default\">\n\t\t\t\t<div class=\"elementor-widget-container\">\n\t\t\t\t\t\t\t\t\t<p><strong>Faciliter la croissance<\/strong> et la collaboration \u00e0 travers un r\u00e9seau dynamique de ressources, de partenariats et d&rsquo;opportunit\u00e9s.<\/p>\n\t\t\t\t\t\t\t\t<\/div>\n\t\t\t\t<\/div>\n\t\t\t\t<\/div>\n\t\t\t\t<\/div>\n\t\t\t\t\t<\/div>\n\t\t\t\t<\/div>\n\t\t\t\t<\/div>\n\t\t\t\t<\/div>\n\t\t<div class=\"elementor-element elementor-element-2d026ca e-con-full e-flex e-con e-parent\" data-id=\"2d026ca\" data-element_type=\"container\" data-e-type=\"container\">\n\t\t<div class=\"elementor-element elementor-element-d144068 e-flex e-con-boxed e-con e-child\" data-id=\"d144068\" data-element_type=\"container\" data-e-type=\"container\">\n\t\t\t\t\t<div class=\"e-con-inner\">\n\t\t\t\t<div class=\"elementor-element elementor-element-ecf2d62 elementor-widget elementor-widget-heading\" data-id=\"ecf2d62\" data-element_type=\"widget\" data-e-type=\"widget\" data-widget_type=\"heading.default\">\n\t\t\t\t<div class=\"elementor-widget-container\">\n\t\t\t\t\t<h2 class=\"elementor-heading-title elementor-size-default\">D\u00c9VELOPPEMENT COMMERCE INTERNATIONAL<\/h2>\t\t\t\t<\/div>\n\t\t\t\t<\/div>\n\t\t<div class=\"elementor-element elementor-element-ffcf66d e-grid e-con-full e-con e-child\" data-id=\"ffcf66d\" data-element_type=\"container\" data-e-type=\"container\">\n\t\t<div class=\"elementor-element elementor-element-99a78b8 e-con-full e-flex e-con e-child\" data-id=\"99a78b8\" data-element_type=\"container\" data-e-type=\"container\">\n\t\t\t\t<div class=\"elementor-element elementor-element-cb7be5e elementor-widget elementor-widget-heading\" data-id=\"cb7be5e\" data-element_type=\"widget\" data-e-type=\"widget\" data-widget_type=\"heading.default\">\n\t\t\t\t<div class=\"elementor-widget-container\">\n\t\t\t\t\t<h4 class=\"elementor-heading-title elementor-size-default\">\u00c9VALUATION, ACC\u00c8S ET P\u00c9N\u00c9TRATION DU MARCH\u00c9<\/h4>\t\t\t\t<\/div>\n\t\t\t\t<\/div>\n\t\t\t\t<div class=\"elementor-element elementor-element-edab3b9 elementor-widget elementor-widget-text-editor\" data-id=\"edab3b9\" data-element_type=\"widget\" data-e-type=\"widget\" data-widget_type=\"text-editor.default\">\n\t\t\t\t<div class=\"elementor-widget-container\">\n\t\t\t\t\t\t\t\t\t\n\nUne \u00e9tape d\u00e9terminante lorsqu\u2019on entreprend un processus d\u2019expansion est l\u2019\u00e9valuation de vos objectifs strat\u00e9giques, du potentiel de votre entreprise et des opportunit\u00e9s qu\u2019offre un march\u00e9 \u00e9tranger. En d\u00e9finissant et d\u00e9veloppant la strat\u00e9gie la plus efficace pour p\u00e9n\u00e9trer un nouveau march\u00e9, nous offrons aux clients :\n\n\t\t\t\t\t\t\t\t<\/div>\n\t\t\t\t<\/div>\n\t\t\t\t<div class=\"elementor-element elementor-element-510dd0e elementor-widget elementor-widget-heading\" data-id=\"510dd0e\" data-element_type=\"widget\" data-e-type=\"widget\" data-widget_type=\"heading.default\">\n\t\t\t\t<div class=\"elementor-widget-container\">\n\t\t\t\t\t<h4 class=\"elementor-heading-title elementor-size-default\">\u00c9VALUATION DU MARCH\u00c9<\/h4>\t\t\t\t<\/div>\n\t\t\t\t<\/div>\n\t\t\t\t<div class=\"elementor-element elementor-element-851a867 elementor-widget elementor-widget-text-editor\" data-id=\"851a867\" data-element_type=\"widget\" data-e-type=\"widget\" data-widget_type=\"text-editor.default\">\n\t\t\t\t<div class=\"elementor-widget-container\">\n\t\t\t\t\t\t\t\t\t<ul>\n \t<li>Analyse du march\u00e9<\/li>\n<li>Analyse concurrentielle<\/li>\n<li>R\u00e9vision des tendances et \u00e9valuation des opportunit\u00e9s<\/li>\n<li>\u00c9valuation des ressources et contraintes de l\u2019entreprise<\/li>\n<\/ul>\t\t\t\t\t\t\t\t<\/div>\n\t\t\t\t<\/div>\n\t\t\t\t<\/div>\n\t\t<div class=\"elementor-element elementor-element-61bee2e e-con-full e-flex e-con e-child\" data-id=\"61bee2e\" data-element_type=\"container\" data-e-type=\"container\">\n\t\t\t\t<div class=\"elementor-element elementor-element-6e02ef7 elementor-widget elementor-widget-heading\" data-id=\"6e02ef7\" data-element_type=\"widget\" data-e-type=\"widget\" data-widget_type=\"heading.default\">\n\t\t\t\t<div class=\"elementor-widget-container\">\n\t\t\t\t\t<h4 class=\"elementor-heading-title elementor-size-default\">ACC\u00c8S ET P\u00c9N\u00c9TRATION DU MARCH\u00c9\n<\/h4>\t\t\t\t<\/div>\n\t\t\t\t<\/div>\n\t\t\t\t<div class=\"elementor-element elementor-element-094505c elementor-widget elementor-widget-text-editor\" data-id=\"094505c\" data-element_type=\"widget\" data-e-type=\"widget\" data-widget_type=\"text-editor.default\">\n\t\t\t\t<div class=\"elementor-widget-container\">\n\t\t\t\t\t\t\t\t\tUne fois que la premi\u00e8re \u00e9tape sera compl\u00e9t\u00e9e et que vous avez d\u00e9termin\u00e9 que votre entreprise est pr\u00eate \u00e0 aborder un nouveau march\u00e9, vous allez chercher les partenaires, collaborateurs et clients appropri\u00e9s. Les relations sont la cl\u00e9 du succ\u00e8s, des relations bas\u00e9es sur la confiance mutuelle et sur des objectifs d\u2019affaires partag\u00e9s. Nous pouvons vous aider \u00e0 identifier et s\u00e9lectionner les partenaires, clients ou fournisseurs potentiels.\n\nLorsque vous aurez p\u00e9n\u00e9tr\u00e9 un nouveau march\u00e9, nous pouvons vous aider \u00e0 accroitre vos parts de march\u00e9 avec une gamme de services marketing tr\u00e8s cibl\u00e9s. Des activit\u00e9s promotionnelles, des initiatives commerciales et des ateliers d\u2019information, tous sur mesure, pour vous aider \u00e0 \u00e9tablir une pr\u00e9sence \u00e0 long terme sur votre nouveau march\u00e9. Naturellement, nous continuons \u00e0 surveiller le march\u00e9 et vous conseillons sur la meilleure fa\u00e7on de r\u00e9agir rapidement \u00e0 tout changement.\n\nNous collaborons \u00e9galement avec des consultants d\u2019affaires qualifi\u00e9s, qui poss\u00e8dent des ann\u00e9es d\u2019exp\u00e9rience dans l\u2019industrie et qui jouissent d\u2019une vision culturelle unique.\t\t\t\t\t\t\t\t<\/div>\n\t\t\t\t<\/div>\n\t\t\t\t<\/div>\n\t\t\t\t<\/div>\n\t\t\t\t\t<\/div>\n\t\t\t\t<\/div>\n\t\t<div class=\"elementor-element elementor-element-dd3af77 e-flex e-con-boxed e-con e-child\" data-id=\"dd3af77\" data-element_type=\"container\" data-e-type=\"container\" data-settings=\"{&quot;background_background&quot;:&quot;classic&quot;}\">\n\t\t\t\t\t<div class=\"e-con-inner\">\n\t\t<div class=\"elementor-element elementor-element-182f4db e-con-full e-flex e-con e-child\" data-id=\"182f4db\" data-element_type=\"container\" data-e-type=\"container\" data-settings=\"{&quot;background_background&quot;:&quot;classic&quot;}\">\n\t\t\t\t<div class=\"elementor-element elementor-element-183d439 elementor-widget elementor-widget-heading\" data-id=\"183d439\" data-element_type=\"widget\" data-e-type=\"widget\" data-widget_type=\"heading.default\">\n\t\t\t\t<div class=\"elementor-widget-container\">\n\t\t\t\t\t<h4 class=\"elementor-heading-title elementor-size-default\">- Nico Ferrari \u2013 Societ\u00e0 Agricola Faccioli Enzo<\/h4>\t\t\t\t<\/div>\n\t\t\t\t<\/div>\n\t\t\t\t<div class=\"elementor-element elementor-element-fe8f07f elementor-widget elementor-widget-heading\" data-id=\"fe8f07f\" data-element_type=\"widget\" data-e-type=\"widget\" data-widget_type=\"heading.default\">\n\t\t\t\t<div class=\"elementor-widget-container\">\n\t\t\t\t\t<h3 class=\"elementor-heading-title elementor-size-default\">J\u2019ai d\u00e9j\u00e0 eu l\u2019opportunit\u00e9 de participer \u00e0 plusieurs missions de scouting, organis\u00e9es par des organismes publics et priv\u00e9s. Lors de ces missions, l\u2019accent a \u00e9t\u00e9 mis sur la rencontre d\u2019un tr\u00e8s grand nombre de contacts. L\u2019exp\u00e9rience \u00e0 Montr\u00e9al est v\u00e9ritablement unique, puisque la CCIC mise sur une approche cibl\u00e9e et s\u00e9lective des partenaires potentiels, qui donne lieu \u00e0 des discussions plus concr\u00e8tes et prometteuses.\n<\/h3>\t\t\t\t<\/div>\n\t\t\t\t<\/div>\n\t\t\t\t<\/div>\n\t\t\t\t\t<\/div>\n\t\t\t\t<\/div>\n\t\t\t\t<\/div>\n\t\t\t\t<\/div>\n\t\t","protected":false},"excerpt":{"rendered":"<p>Marketing Faciliter la croissance et la collaboration \u00e0 travers un r\u00e9seau dynamique de ressources, de partenariats et d&rsquo;opportunit\u00e9s. D\u00c9VELOPPEMENT COMMERCE INTERNATIONAL \u00c9VALUATION, ACC\u00c8S ET P\u00c9N\u00c9TRATION DU MARCH\u00c9 Une \u00e9tape d\u00e9terminante lorsqu\u2019on entreprend un processus d\u2019expansion est l\u2019\u00e9valuation de vos objectifs strat\u00e9giques, du potentiel de votre entreprise et des opportunit\u00e9s qu\u2019offre un march\u00e9 \u00e9tranger. En d\u00e9finissant [&hellip;]<\/p>\n","protected":false},"author":1,"featured_media":0,"parent":16057,"menu_order":0,"comment_status":"closed","ping_status":"closed","template":"","meta":{"_acf_changed":false,"inline_featured_image":false,"footnotes":""},"class_list":["post-16235","page","type-page","status-publish","hentry"],"acf":[],"yoast_head":"<!-- This site is optimized with the Yoast SEO plugin v27.2 - https:\/\/yoast.com\/product\/yoast-seo-wordpress\/ -->\n<title>Marketing - ICCC<\/title>\n<meta name=\"robots\" content=\"index, follow, max-snippet:-1, max-image-preview:large, max-video-preview:-1\" \/>\n<link rel=\"canonical\" href=\"https:\/\/italchamber.qc.ca\/fr\/services\/marketing\/\" \/>\n<meta property=\"og:locale\" content=\"fr_FR\" \/>\n<meta property=\"og:type\" content=\"article\" \/>\n<meta property=\"og:title\" content=\"Marketing - ICCC\" \/>\n<meta property=\"og:description\" content=\"Marketing Faciliter la croissance et la collaboration \u00e0 travers un r\u00e9seau dynamique de ressources, de partenariats et d&rsquo;opportunit\u00e9s. D\u00c9VELOPPEMENT COMMERCE INTERNATIONAL \u00c9VALUATION, ACC\u00c8S ET P\u00c9N\u00c9TRATION DU MARCH\u00c9 Une \u00e9tape d\u00e9terminante lorsqu\u2019on entreprend un processus d\u2019expansion est l\u2019\u00e9valuation de vos objectifs strat\u00e9giques, du potentiel de votre entreprise et des opportunit\u00e9s qu\u2019offre un march\u00e9 \u00e9tranger. En d\u00e9finissant [&hellip;]\" \/>\n<meta property=\"og:url\" content=\"https:\/\/italchamber.qc.ca\/fr\/services\/marketing\/\" \/>\n<meta property=\"og:site_name\" content=\"ICCC\" \/>\n<meta property=\"article:modified_time\" content=\"2025-05-14T01:32:27+00:00\" \/>\n<meta name=\"twitter:card\" content=\"summary_large_image\" \/>\n<meta name=\"twitter:label1\" content=\"Dur\u00e9e de lecture estim\u00e9e\" \/>\n\t<meta name=\"twitter:data1\" content=\"2 minutes\" \/>\n<script type=\"application\/ld+json\" class=\"yoast-schema-graph\">{\"@context\":\"https:\/\/schema.org\",\"@graph\":[{\"@type\":\"WebPage\",\"@id\":\"https:\/\/italchamber.qc.ca\/fr\/services\/marketing\/\",\"url\":\"https:\/\/italchamber.qc.ca\/fr\/services\/marketing\/\",\"name\":\"Marketing - ICCC\",\"isPartOf\":{\"@id\":\"https:\/\/italchamber.qc.ca\/fr\/#website\"},\"datePublished\":\"2024-10-10T14:09:15+00:00\",\"dateModified\":\"2025-05-14T01:32:27+00:00\",\"breadcrumb\":{\"@id\":\"https:\/\/italchamber.qc.ca\/fr\/services\/marketing\/#breadcrumb\"},\"inLanguage\":\"fr-FR\",\"potentialAction\":[{\"@type\":\"ReadAction\",\"target\":[\"https:\/\/italchamber.qc.ca\/fr\/services\/marketing\/\"]}]},{\"@type\":\"BreadcrumbList\",\"@id\":\"https:\/\/italchamber.qc.ca\/fr\/services\/marketing\/#breadcrumb\",\"itemListElement\":[{\"@type\":\"ListItem\",\"position\":1,\"name\":\"Home\",\"item\":\"https:\/\/italchamber.qc.ca\/fr\/accueil\/\"},{\"@type\":\"ListItem\",\"position\":2,\"name\":\"Services\",\"item\":\"https:\/\/italchamber.qc.ca\/fr\/services\/\"},{\"@type\":\"ListItem\",\"position\":3,\"name\":\"Marketing\"}]},{\"@type\":\"WebSite\",\"@id\":\"https:\/\/italchamber.qc.ca\/fr\/#website\",\"url\":\"https:\/\/italchamber.qc.ca\/fr\/\",\"name\":\"ICCC\",\"description\":\"Italian Chamber of Commerce in Canada\",\"publisher\":{\"@id\":\"https:\/\/italchamber.qc.ca\/fr\/#organization\"},\"potentialAction\":[{\"@type\":\"SearchAction\",\"target\":{\"@type\":\"EntryPoint\",\"urlTemplate\":\"https:\/\/italchamber.qc.ca\/fr\/?s={search_term_string}\"},\"query-input\":{\"@type\":\"PropertyValueSpecification\",\"valueRequired\":true,\"valueName\":\"search_term_string\"}}],\"inLanguage\":\"fr-FR\"},{\"@type\":\"Organization\",\"@id\":\"https:\/\/italchamber.qc.ca\/fr\/#organization\",\"name\":\"ICCC\",\"url\":\"https:\/\/italchamber.qc.ca\/fr\/\",\"logo\":{\"@type\":\"ImageObject\",\"inLanguage\":\"fr-FR\",\"@id\":\"https:\/\/italchamber.qc.ca\/fr\/#\/schema\/logo\/image\/\",\"url\":\"https:\/\/italchamber.qc.ca\/wp-content\/uploads\/2025\/05\/ICCC-Logo-French.svg\",\"contentUrl\":\"https:\/\/italchamber.qc.ca\/wp-content\/uploads\/2025\/05\/ICCC-Logo-French.svg\",\"caption\":\"ICCC\"},\"image\":{\"@id\":\"https:\/\/italchamber.qc.ca\/fr\/#\/schema\/logo\/image\/\"}}]}<\/script>\n<!-- \/ Yoast SEO plugin. -->","yoast_head_json":{"title":"Marketing - ICCC","robots":{"index":"index","follow":"follow","max-snippet":"max-snippet:-1","max-image-preview":"max-image-preview:large","max-video-preview":"max-video-preview:-1"},"canonical":"https:\/\/italchamber.qc.ca\/fr\/services\/marketing\/","og_locale":"fr_FR","og_type":"article","og_title":"Marketing - ICCC","og_description":"Marketing Faciliter la croissance et la collaboration \u00e0 travers un r\u00e9seau dynamique de ressources, de partenariats et d&rsquo;opportunit\u00e9s. D\u00c9VELOPPEMENT COMMERCE INTERNATIONAL \u00c9VALUATION, ACC\u00c8S ET P\u00c9N\u00c9TRATION DU MARCH\u00c9 Une \u00e9tape d\u00e9terminante lorsqu\u2019on entreprend un processus d\u2019expansion est l\u2019\u00e9valuation de vos objectifs strat\u00e9giques, du potentiel de votre entreprise et des opportunit\u00e9s qu\u2019offre un march\u00e9 \u00e9tranger. En d\u00e9finissant [&hellip;]","og_url":"https:\/\/italchamber.qc.ca\/fr\/services\/marketing\/","og_site_name":"ICCC","article_modified_time":"2025-05-14T01:32:27+00:00","twitter_card":"summary_large_image","twitter_misc":{"Dur\u00e9e de lecture estim\u00e9e":"2 minutes"},"schema":{"@context":"https:\/\/schema.org","@graph":[{"@type":"WebPage","@id":"https:\/\/italchamber.qc.ca\/fr\/services\/marketing\/","url":"https:\/\/italchamber.qc.ca\/fr\/services\/marketing\/","name":"Marketing - ICCC","isPartOf":{"@id":"https:\/\/italchamber.qc.ca\/fr\/#website"},"datePublished":"2024-10-10T14:09:15+00:00","dateModified":"2025-05-14T01:32:27+00:00","breadcrumb":{"@id":"https:\/\/italchamber.qc.ca\/fr\/services\/marketing\/#breadcrumb"},"inLanguage":"fr-FR","potentialAction":[{"@type":"ReadAction","target":["https:\/\/italchamber.qc.ca\/fr\/services\/marketing\/"]}]},{"@type":"BreadcrumbList","@id":"https:\/\/italchamber.qc.ca\/fr\/services\/marketing\/#breadcrumb","itemListElement":[{"@type":"ListItem","position":1,"name":"Home","item":"https:\/\/italchamber.qc.ca\/fr\/accueil\/"},{"@type":"ListItem","position":2,"name":"Services","item":"https:\/\/italchamber.qc.ca\/fr\/services\/"},{"@type":"ListItem","position":3,"name":"Marketing"}]},{"@type":"WebSite","@id":"https:\/\/italchamber.qc.ca\/fr\/#website","url":"https:\/\/italchamber.qc.ca\/fr\/","name":"ICCC","description":"Italian Chamber of Commerce in Canada","publisher":{"@id":"https:\/\/italchamber.qc.ca\/fr\/#organization"},"potentialAction":[{"@type":"SearchAction","target":{"@type":"EntryPoint","urlTemplate":"https:\/\/italchamber.qc.ca\/fr\/?s={search_term_string}"},"query-input":{"@type":"PropertyValueSpecification","valueRequired":true,"valueName":"search_term_string"}}],"inLanguage":"fr-FR"},{"@type":"Organization","@id":"https:\/\/italchamber.qc.ca\/fr\/#organization","name":"ICCC","url":"https:\/\/italchamber.qc.ca\/fr\/","logo":{"@type":"ImageObject","inLanguage":"fr-FR","@id":"https:\/\/italchamber.qc.ca\/fr\/#\/schema\/logo\/image\/","url":"https:\/\/italchamber.qc.ca\/wp-content\/uploads\/2025\/05\/ICCC-Logo-French.svg","contentUrl":"https:\/\/italchamber.qc.ca\/wp-content\/uploads\/2025\/05\/ICCC-Logo-French.svg","caption":"ICCC"},"image":{"@id":"https:\/\/italchamber.qc.ca\/fr\/#\/schema\/logo\/image\/"}}]}},"_links":{"self":[{"href":"https:\/\/italchamber.qc.ca\/fr\/wp-json\/wp\/v2\/pages\/16235","targetHints":{"allow":["GET"]}}],"collection":[{"href":"https:\/\/italchamber.qc.ca\/fr\/wp-json\/wp\/v2\/pages"}],"about":[{"href":"https:\/\/italchamber.qc.ca\/fr\/wp-json\/wp\/v2\/types\/page"}],"author":[{"embeddable":true,"href":"https:\/\/italchamber.qc.ca\/fr\/wp-json\/wp\/v2\/users\/1"}],"replies":[{"embeddable":true,"href":"https:\/\/italchamber.qc.ca\/fr\/wp-json\/wp\/v2\/comments?post=16235"}],"version-history":[{"count":4,"href":"https:\/\/italchamber.qc.ca\/fr\/wp-json\/wp\/v2\/pages\/16235\/revisions"}],"predecessor-version":[{"id":16239,"href":"https:\/\/italchamber.qc.ca\/fr\/wp-json\/wp\/v2\/pages\/16235\/revisions\/16239"}],"up":[{"embeddable":true,"href":"https:\/\/italchamber.qc.ca\/fr\/wp-json\/wp\/v2\/pages\/16057"}],"wp:attachment":[{"href":"https:\/\/italchamber.qc.ca\/fr\/wp-json\/wp\/v2\/media?parent=16235"}],"curies":[{"name":"wp","href":"https:\/\/api.w.org\/{rel}","templated":true}]}}