{"id":16208,"date":"2024-10-10T14:09:33","date_gmt":"2024-10-10T14:09:33","guid":{"rendered":"https:\/\/italchamber.qc.ca\/services\/agri-food\/"},"modified":"2025-05-14T16:57:49","modified_gmt":"2025-05-14T16:57:49","slug":"agri-food","status":"publish","type":"page","link":"https:\/\/italchamber.qc.ca\/fr\/services\/agri-food\/","title":{"rendered":"Agroalimentaire"},"content":{"rendered":"\t\t<div data-elementor-type=\"wp-page\" data-elementor-id=\"16208\" class=\"elementor elementor-16208 elementor-3329\" data-elementor-post-type=\"page\">\n\t\t\t\t<div class=\"elementor-element elementor-element-bdce1b2 e-con-full e-flex e-con e-parent\" data-id=\"bdce1b2\" data-element_type=\"container\" data-e-type=\"container\">\n\t\t<div class=\"elementor-element elementor-element-d74ad44 e-con-full e-flex e-con e-child\" data-id=\"d74ad44\" data-element_type=\"container\" data-e-type=\"container\" data-settings=\"{&quot;background_background&quot;:&quot;classic&quot;}\">\n\t\t<div class=\"elementor-element elementor-element-07c5d53 e-flex e-con-boxed e-con e-child\" data-id=\"07c5d53\" data-element_type=\"container\" data-e-type=\"container\">\n\t\t\t\t\t<div class=\"e-con-inner\">\n\t\t<div class=\"elementor-element elementor-element-ef54e47 e-con-full e-flex e-con e-child\" data-id=\"ef54e47\" data-element_type=\"container\" data-e-type=\"container\">\n\t\t\t\t<div class=\"elementor-element elementor-element-6a2fc70 elementor-widget elementor-widget-heading\" data-id=\"6a2fc70\" data-element_type=\"widget\" data-e-type=\"widget\" data-widget_type=\"heading.default\">\n\t\t\t\t<div class=\"elementor-widget-container\">\n\t\t\t\t\t<h1 class=\"elementor-heading-title elementor-size-default\">Agroalimentaire<\/h1>\t\t\t\t<\/div>\n\t\t\t\t<\/div>\n\t\t<div class=\"elementor-element elementor-element-1efb213 e-con-full e-flex e-con e-child\" data-id=\"1efb213\" data-element_type=\"container\" data-e-type=\"container\">\n\t\t\t\t<div class=\"elementor-element elementor-element-d55b6d4 elementor-widget elementor-widget-text-editor\" data-id=\"d55b6d4\" data-element_type=\"widget\" data-e-type=\"widget\" data-widget_type=\"text-editor.default\">\n\t\t\t\t<div class=\"elementor-widget-container\">\n\t\t\t\t\t\t\t\t\t<p><strong>Faciliter la croissance<\/strong> et la collaboration \u00e0 travers un r\u00e9seau dynamique de ressources, de partenariats et d&rsquo;opportunit\u00e9s.<\/p>\n\t\t\t\t\t\t\t\t<\/div>\n\t\t\t\t<\/div>\n\t\t\t\t<\/div>\n\t\t\t\t<\/div>\n\t\t\t\t\t<\/div>\n\t\t\t\t<\/div>\n\t\t\t\t<\/div>\n\t\t\t\t<\/div>\n\t\t<div class=\"elementor-element elementor-element-236e15a e-con-full e-flex e-con e-parent\" data-id=\"236e15a\" data-element_type=\"container\" data-e-type=\"container\">\n\t\t<div class=\"elementor-element elementor-element-51207ed e-flex e-con-boxed e-con e-child\" data-id=\"51207ed\" data-element_type=\"container\" data-e-type=\"container\">\n\t\t\t\t\t<div class=\"e-con-inner\">\n\t\t<div class=\"elementor-element elementor-element-1cd94a8 e-con-full e-flex e-con e-child\" data-id=\"1cd94a8\" data-element_type=\"container\" data-e-type=\"container\" data-settings=\"{&quot;background_background&quot;:&quot;classic&quot;}\">\n\t\t\t\t<\/div>\n\t\t<div class=\"elementor-element elementor-element-772c839 e-con-full e-flex e-con e-child\" data-id=\"772c839\" data-element_type=\"container\" data-e-type=\"container\" data-settings=\"{&quot;background_background&quot;:&quot;classic&quot;}\">\n\t\t\t\t<div class=\"elementor-element elementor-element-5b66f49 elementor-widget elementor-widget-text-editor\" data-id=\"5b66f49\" data-element_type=\"widget\" data-e-type=\"widget\" data-widget_type=\"text-editor.default\">\n\t\t\t\t<div class=\"elementor-widget-container\">\n\t\t\t\t\t\t\t\t\t<p>Notre connaissance du march\u00e9 agroalimentaire est sans \u00e9gale. La CCIC b\u00e9n\u00e9ficie d\u2019une r\u00e9putation solide aupr\u00e8s des intervenants du secteur agroalimentaire au Canada et en Italie. Nous avons une compr\u00e9hension du potentiel de croissance du march\u00e9 canadien, des besoins des consommateurs, du r\u00e9seau de distribution et de l\u2019environnement concurrentiel. Nous comptons \u00e9galement sur des relations solides avec les producteurs italiens<\/p>\n<p>Nous sommes convaincus que le secteur agroalimentaire au Canada pr\u00e9sente de nombreuses opportunit\u00e9s d\u2019expansion.<\/p>\n<p>Les producteurs, importateurs, distributeurs et restaurateurs peuvent compter sur nous pour les aider \u00e0 rejoindre leurs objectifs strat\u00e9giques : de la recherche d\u2019un nouveau partenaire ou d\u2019un produit novateur jusqu\u2019\u00e0 l\u2019organisation d\u2019activit\u00e9s promotionnelles pour les professionnels ou les consommateurs.<\/p>\n\t\t\t\t\t\t\t\t<\/div>\n\t\t\t\t<\/div>\n\t\t\t\t<\/div>\n\t\t\t\t\t<\/div>\n\t\t\t\t<\/div>\n\t\t<div class=\"elementor-element elementor-element-cf3ae6d e-flex e-con-boxed e-con e-child\" data-id=\"cf3ae6d\" data-element_type=\"container\" data-e-type=\"container\">\n\t\t\t\t\t<div class=\"e-con-inner\">\n\t\t\t\t<div class=\"elementor-element elementor-element-b029b91 elementor-widget-divider--view-line elementor-widget elementor-widget-divider\" data-id=\"b029b91\" data-element_type=\"widget\" data-e-type=\"widget\" data-widget_type=\"divider.default\">\n\t\t\t\t<div class=\"elementor-widget-container\">\n\t\t\t\t\t\t\t<div class=\"elementor-divider\">\n\t\t\t<span class=\"elementor-divider-separator\">\n\t\t\t\t\t\t<\/span>\n\t\t<\/div>\n\t\t\t\t\t\t<\/div>\n\t\t\t\t<\/div>\n\t\t\t\t\t<\/div>\n\t\t\t\t<\/div>\n\t\t\t\t<\/div>\n\t\t<div class=\"elementor-element elementor-element-02c5b2f e-con-full e-flex e-con e-parent\" data-id=\"02c5b2f\" data-element_type=\"container\" data-e-type=\"container\">\n\t\t<div class=\"elementor-element elementor-element-b9c1299 e-flex e-con-boxed e-con e-child\" data-id=\"b9c1299\" data-element_type=\"container\" data-e-type=\"container\">\n\t\t\t\t\t<div class=\"e-con-inner\">\n\t\t\t\t<div class=\"elementor-element elementor-element-83c8b1c elementor-widget elementor-widget-heading\" data-id=\"83c8b1c\" data-element_type=\"widget\" data-e-type=\"widget\" data-widget_type=\"heading.default\">\n\t\t\t\t<div class=\"elementor-widget-container\">\n\t\t\t\t\t<h2 class=\"elementor-heading-title elementor-size-default\">Services<\/h2>\t\t\t\t<\/div>\n\t\t\t\t<\/div>\n\t\t<div class=\"elementor-element elementor-element-ec4f80a e-con-full e-flex e-con e-child\" data-id=\"ec4f80a\" data-element_type=\"container\" data-e-type=\"container\">\n\t\t<div class=\"elementor-element elementor-element-4c30af9 e-con-full e-flex e-con e-child\" data-id=\"4c30af9\" data-element_type=\"container\" data-e-type=\"container\" data-settings=\"{&quot;background_background&quot;:&quot;classic&quot;}\">\n\t\t\t\t<div class=\"elementor-element elementor-element-ec5a500 elementor-widget elementor-widget-heading\" data-id=\"ec5a500\" data-element_type=\"widget\" data-e-type=\"widget\" data-widget_type=\"heading.default\">\n\t\t\t\t<div class=\"elementor-widget-container\">\n\t\t\t\t\t<h4 class=\"elementor-heading-title elementor-size-default\">POUR LES CANADIENS CHERCHANT \u00c0 IMPORTER DE L\u2019ITALIE<\/h4>\t\t\t\t<\/div>\n\t\t\t\t<\/div>\n\t\t\t\t<div class=\"elementor-element elementor-element-ae4c731 elementor-widget elementor-widget-text-editor\" data-id=\"ae4c731\" data-element_type=\"widget\" data-e-type=\"widget\" data-widget_type=\"text-editor.default\">\n\t\t\t\t<div class=\"elementor-widget-container\">\n\t\t\t\t\t\t\t\t\t<ul>\n<li>Identification, \u00e9valuation et s\u00e9lection des partenaires\/fournisseurs<\/li>\n<li>Support pour les rencontres initiales et les n\u00e9gociations<\/li>\n<li>Organisation de campagnes promotionnelles<\/li>\n<li>Ateliers d\u2019information et d\u00e9gustations<\/li>\n<li>Activit\u00e9s exclusives d\u00e9di\u00e9es aux foodies et \u00e0 la communaut\u00e9 d\u2019affaires<\/li>\n<\/ul>\n\t\t\t\t\t\t\t\t<\/div>\n\t\t\t\t<\/div>\n\t\t\t\t<\/div>\n\t\t<div class=\"elementor-element elementor-element-6daf387 e-con-full e-flex e-con e-child\" data-id=\"6daf387\" data-element_type=\"container\" data-e-type=\"container\" data-settings=\"{&quot;background_background&quot;:&quot;classic&quot;}\">\n\t\t\t\t<\/div>\n\t\t\t\t<\/div>\n\t\t<div class=\"elementor-element elementor-element-d0daabd e-con-full e-flex e-con e-child\" data-id=\"d0daabd\" data-element_type=\"container\" data-e-type=\"container\">\n\t\t<div class=\"elementor-element elementor-element-efc4b3c e-con-full e-flex e-con e-child\" data-id=\"efc4b3c\" data-element_type=\"container\" data-e-type=\"container\" data-settings=\"{&quot;background_background&quot;:&quot;classic&quot;}\">\n\t\t\t\t<\/div>\n\t\t<div class=\"elementor-element elementor-element-db62957 e-con-full e-flex e-con e-child\" data-id=\"db62957\" data-element_type=\"container\" data-e-type=\"container\" data-settings=\"{&quot;background_background&quot;:&quot;classic&quot;}\">\n\t\t\t\t<div class=\"elementor-element elementor-element-9741855 elementor-widget elementor-widget-heading\" data-id=\"9741855\" data-element_type=\"widget\" data-e-type=\"widget\" data-widget_type=\"heading.default\">\n\t\t\t\t<div class=\"elementor-widget-container\">\n\t\t\t\t\t<h4 class=\"elementor-heading-title elementor-size-default\">POUR LES CANADIENS CHERCHANT \u00c0 EXPORTER EN L\u2019ITALIE\n<\/h4>\t\t\t\t<\/div>\n\t\t\t\t<\/div>\n\t\t\t\t<div class=\"elementor-element elementor-element-99867f6 elementor-widget elementor-widget-text-editor\" data-id=\"99867f6\" data-element_type=\"widget\" data-e-type=\"widget\" data-widget_type=\"text-editor.default\">\n\t\t\t\t<div class=\"elementor-widget-container\">\n\t\t\t\t\t\t\t\t\t<ul>\n \t<li>D\u00e9veloppement d\u2019un plan d\u2019internationalisation pour l\u2019Italie<\/li>\n \t<li>Ex\u00e9cution du plan en offrant l\u2019assistance requise<\/li>\n \t<li>Mission commerciale en Italie, individuelle ou en groupe<\/li>\n<\/ul>\t\t\t\t\t\t\t\t<\/div>\n\t\t\t\t<\/div>\n\t\t\t\t<\/div>\n\t\t\t\t<\/div>\n\t\t\t\t\t<\/div>\n\t\t\t\t<\/div>\n\t\t\t\t<\/div>\n\t\t<div class=\"elementor-element elementor-element-480fc1e e-con-full e-flex e-con e-child\" data-id=\"480fc1e\" data-element_type=\"container\" data-e-type=\"container\" data-settings=\"{&quot;background_background&quot;:&quot;classic&quot;}\">\n\t\t<div class=\"elementor-element elementor-element-8d559aa e-flex e-con-boxed e-con e-child\" data-id=\"8d559aa\" data-element_type=\"container\" data-e-type=\"container\">\n\t\t\t\t\t<div class=\"e-con-inner\">\n\t\t<div class=\"elementor-element elementor-element-39edb0a e-con-full e-flex e-con e-child\" data-id=\"39edb0a\" data-element_type=\"container\" data-e-type=\"container\" data-settings=\"{&quot;background_background&quot;:&quot;classic&quot;}\">\n\t\t\t\t<div class=\"elementor-element elementor-element-0fbdf47 elementor-widget elementor-widget-heading\" data-id=\"0fbdf47\" data-element_type=\"widget\" data-e-type=\"widget\" data-widget_type=\"heading.default\">\n\t\t\t\t<div class=\"elementor-widget-container\">\n\t\t\t\t\t<h4 class=\"elementor-heading-title elementor-size-default\">Antonio Conati Barbaro \u2013 Alleantia<\/h4>\t\t\t\t<\/div>\n\t\t\t\t<\/div>\n\t\t\t\t<div class=\"elementor-element elementor-element-3939e81 elementor-widget elementor-widget-heading\" data-id=\"3939e81\" data-element_type=\"widget\" data-e-type=\"widget\" data-widget_type=\"heading.default\">\n\t\t\t\t<div class=\"elementor-widget-container\">\n\t\t\t\t\t<h3 class=\"elementor-heading-title elementor-size-default\">La strategia del progetto di internazionalizzazione e la sua organizzazione si sono dimostrate molto efficaci nello sviluppo di nuove opportunit\u00e0 di business per Alleantia, e per il supporto alla definizione delle nostre startegie di sviluppo del mercato Nord-Americano.\n\n<\/h3>\t\t\t\t<\/div>\n\t\t\t\t<\/div>\n\t\t\t\t<\/div>\n\t\t\t\t\t<\/div>\n\t\t\t\t<\/div>\n\t\t\t\t<\/div>\n\t\t\t\t<\/div>\n\t\t","protected":false},"excerpt":{"rendered":"<p>Agroalimentaire Faciliter la croissance et la collaboration \u00e0 travers un r\u00e9seau dynamique de ressources, de partenariats et d&rsquo;opportunit\u00e9s. Notre connaissance du march\u00e9 agroalimentaire est sans \u00e9gale. La CCIC b\u00e9n\u00e9ficie d\u2019une r\u00e9putation solide aupr\u00e8s des intervenants du secteur agroalimentaire au Canada et en Italie. Nous avons une compr\u00e9hension du potentiel de croissance du march\u00e9 canadien, des [&hellip;]<\/p>\n","protected":false},"author":1,"featured_media":0,"parent":16057,"menu_order":0,"comment_status":"closed","ping_status":"closed","template":"","meta":{"_acf_changed":false,"inline_featured_image":false,"footnotes":""},"class_list":["post-16208","page","type-page","status-publish","hentry"],"acf":[],"yoast_head":"<!-- This site is optimized with the Yoast SEO plugin v27.2 - https:\/\/yoast.com\/product\/yoast-seo-wordpress\/ -->\n<title>Agroalimentaire - ICCC<\/title>\n<meta name=\"robots\" content=\"index, follow, max-snippet:-1, max-image-preview:large, max-video-preview:-1\" \/>\n<link rel=\"canonical\" href=\"https:\/\/italchamber.qc.ca\/fr\/services\/agri-food\/\" \/>\n<meta property=\"og:locale\" content=\"fr_FR\" \/>\n<meta property=\"og:type\" content=\"article\" \/>\n<meta property=\"og:title\" content=\"Agroalimentaire - ICCC\" \/>\n<meta property=\"og:description\" content=\"Agroalimentaire Faciliter la croissance et la collaboration \u00e0 travers un r\u00e9seau dynamique de ressources, de partenariats et d&rsquo;opportunit\u00e9s. Notre connaissance du march\u00e9 agroalimentaire est sans \u00e9gale. La CCIC b\u00e9n\u00e9ficie d\u2019une r\u00e9putation solide aupr\u00e8s des intervenants du secteur agroalimentaire au Canada et en Italie. Nous avons une compr\u00e9hension du potentiel de croissance du march\u00e9 canadien, des [&hellip;]\" \/>\n<meta property=\"og:url\" content=\"https:\/\/italchamber.qc.ca\/fr\/services\/agri-food\/\" \/>\n<meta property=\"og:site_name\" content=\"ICCC\" \/>\n<meta property=\"article:modified_time\" content=\"2025-05-14T16:57:49+00:00\" \/>\n<meta name=\"twitter:card\" content=\"summary_large_image\" \/>\n<meta name=\"twitter:label1\" content=\"Dur\u00e9e de lecture estim\u00e9e\" \/>\n\t<meta name=\"twitter:data1\" content=\"1 minute\" \/>\n<script type=\"application\/ld+json\" class=\"yoast-schema-graph\">{\"@context\":\"https:\/\/schema.org\",\"@graph\":[{\"@type\":\"WebPage\",\"@id\":\"https:\/\/italchamber.qc.ca\/fr\/services\/agri-food\/\",\"url\":\"https:\/\/italchamber.qc.ca\/fr\/services\/agri-food\/\",\"name\":\"Agroalimentaire - ICCC\",\"isPartOf\":{\"@id\":\"https:\/\/italchamber.qc.ca\/fr\/#website\"},\"datePublished\":\"2024-10-10T14:09:33+00:00\",\"dateModified\":\"2025-05-14T16:57:49+00:00\",\"breadcrumb\":{\"@id\":\"https:\/\/italchamber.qc.ca\/fr\/services\/agri-food\/#breadcrumb\"},\"inLanguage\":\"fr-FR\",\"potentialAction\":[{\"@type\":\"ReadAction\",\"target\":[\"https:\/\/italchamber.qc.ca\/fr\/services\/agri-food\/\"]}]},{\"@type\":\"BreadcrumbList\",\"@id\":\"https:\/\/italchamber.qc.ca\/fr\/services\/agri-food\/#breadcrumb\",\"itemListElement\":[{\"@type\":\"ListItem\",\"position\":1,\"name\":\"Home\",\"item\":\"https:\/\/italchamber.qc.ca\/fr\/accueil\/\"},{\"@type\":\"ListItem\",\"position\":2,\"name\":\"Services\",\"item\":\"https:\/\/italchamber.qc.ca\/fr\/services\/\"},{\"@type\":\"ListItem\",\"position\":3,\"name\":\"Agroalimentaire\"}]},{\"@type\":\"WebSite\",\"@id\":\"https:\/\/italchamber.qc.ca\/fr\/#website\",\"url\":\"https:\/\/italchamber.qc.ca\/fr\/\",\"name\":\"ICCC\",\"description\":\"Italian Chamber of Commerce in Canada\",\"publisher\":{\"@id\":\"https:\/\/italchamber.qc.ca\/fr\/#organization\"},\"potentialAction\":[{\"@type\":\"SearchAction\",\"target\":{\"@type\":\"EntryPoint\",\"urlTemplate\":\"https:\/\/italchamber.qc.ca\/fr\/?s={search_term_string}\"},\"query-input\":{\"@type\":\"PropertyValueSpecification\",\"valueRequired\":true,\"valueName\":\"search_term_string\"}}],\"inLanguage\":\"fr-FR\"},{\"@type\":\"Organization\",\"@id\":\"https:\/\/italchamber.qc.ca\/fr\/#organization\",\"name\":\"ICCC\",\"url\":\"https:\/\/italchamber.qc.ca\/fr\/\",\"logo\":{\"@type\":\"ImageObject\",\"inLanguage\":\"fr-FR\",\"@id\":\"https:\/\/italchamber.qc.ca\/fr\/#\/schema\/logo\/image\/\",\"url\":\"https:\/\/italchamber.qc.ca\/wp-content\/uploads\/2025\/05\/ICCC-Logo-French.svg\",\"contentUrl\":\"https:\/\/italchamber.qc.ca\/wp-content\/uploads\/2025\/05\/ICCC-Logo-French.svg\",\"caption\":\"ICCC\"},\"image\":{\"@id\":\"https:\/\/italchamber.qc.ca\/fr\/#\/schema\/logo\/image\/\"}}]}<\/script>\n<!-- \/ Yoast SEO plugin. -->","yoast_head_json":{"title":"Agroalimentaire - ICCC","robots":{"index":"index","follow":"follow","max-snippet":"max-snippet:-1","max-image-preview":"max-image-preview:large","max-video-preview":"max-video-preview:-1"},"canonical":"https:\/\/italchamber.qc.ca\/fr\/services\/agri-food\/","og_locale":"fr_FR","og_type":"article","og_title":"Agroalimentaire - ICCC","og_description":"Agroalimentaire Faciliter la croissance et la collaboration \u00e0 travers un r\u00e9seau dynamique de ressources, de partenariats et d&rsquo;opportunit\u00e9s. Notre connaissance du march\u00e9 agroalimentaire est sans \u00e9gale. La CCIC b\u00e9n\u00e9ficie d\u2019une r\u00e9putation solide aupr\u00e8s des intervenants du secteur agroalimentaire au Canada et en Italie. Nous avons une compr\u00e9hension du potentiel de croissance du march\u00e9 canadien, des [&hellip;]","og_url":"https:\/\/italchamber.qc.ca\/fr\/services\/agri-food\/","og_site_name":"ICCC","article_modified_time":"2025-05-14T16:57:49+00:00","twitter_card":"summary_large_image","twitter_misc":{"Dur\u00e9e de lecture estim\u00e9e":"1 minute"},"schema":{"@context":"https:\/\/schema.org","@graph":[{"@type":"WebPage","@id":"https:\/\/italchamber.qc.ca\/fr\/services\/agri-food\/","url":"https:\/\/italchamber.qc.ca\/fr\/services\/agri-food\/","name":"Agroalimentaire - ICCC","isPartOf":{"@id":"https:\/\/italchamber.qc.ca\/fr\/#website"},"datePublished":"2024-10-10T14:09:33+00:00","dateModified":"2025-05-14T16:57:49+00:00","breadcrumb":{"@id":"https:\/\/italchamber.qc.ca\/fr\/services\/agri-food\/#breadcrumb"},"inLanguage":"fr-FR","potentialAction":[{"@type":"ReadAction","target":["https:\/\/italchamber.qc.ca\/fr\/services\/agri-food\/"]}]},{"@type":"BreadcrumbList","@id":"https:\/\/italchamber.qc.ca\/fr\/services\/agri-food\/#breadcrumb","itemListElement":[{"@type":"ListItem","position":1,"name":"Home","item":"https:\/\/italchamber.qc.ca\/fr\/accueil\/"},{"@type":"ListItem","position":2,"name":"Services","item":"https:\/\/italchamber.qc.ca\/fr\/services\/"},{"@type":"ListItem","position":3,"name":"Agroalimentaire"}]},{"@type":"WebSite","@id":"https:\/\/italchamber.qc.ca\/fr\/#website","url":"https:\/\/italchamber.qc.ca\/fr\/","name":"ICCC","description":"Italian Chamber of Commerce in Canada","publisher":{"@id":"https:\/\/italchamber.qc.ca\/fr\/#organization"},"potentialAction":[{"@type":"SearchAction","target":{"@type":"EntryPoint","urlTemplate":"https:\/\/italchamber.qc.ca\/fr\/?s={search_term_string}"},"query-input":{"@type":"PropertyValueSpecification","valueRequired":true,"valueName":"search_term_string"}}],"inLanguage":"fr-FR"},{"@type":"Organization","@id":"https:\/\/italchamber.qc.ca\/fr\/#organization","name":"ICCC","url":"https:\/\/italchamber.qc.ca\/fr\/","logo":{"@type":"ImageObject","inLanguage":"fr-FR","@id":"https:\/\/italchamber.qc.ca\/fr\/#\/schema\/logo\/image\/","url":"https:\/\/italchamber.qc.ca\/wp-content\/uploads\/2025\/05\/ICCC-Logo-French.svg","contentUrl":"https:\/\/italchamber.qc.ca\/wp-content\/uploads\/2025\/05\/ICCC-Logo-French.svg","caption":"ICCC"},"image":{"@id":"https:\/\/italchamber.qc.ca\/fr\/#\/schema\/logo\/image\/"}}]}},"_links":{"self":[{"href":"https:\/\/italchamber.qc.ca\/fr\/wp-json\/wp\/v2\/pages\/16208","targetHints":{"allow":["GET"]}}],"collection":[{"href":"https:\/\/italchamber.qc.ca\/fr\/wp-json\/wp\/v2\/pages"}],"about":[{"href":"https:\/\/italchamber.qc.ca\/fr\/wp-json\/wp\/v2\/types\/page"}],"author":[{"embeddable":true,"href":"https:\/\/italchamber.qc.ca\/fr\/wp-json\/wp\/v2\/users\/1"}],"replies":[{"embeddable":true,"href":"https:\/\/italchamber.qc.ca\/fr\/wp-json\/wp\/v2\/comments?post=16208"}],"version-history":[{"count":2,"href":"https:\/\/italchamber.qc.ca\/fr\/wp-json\/wp\/v2\/pages\/16208\/revisions"}],"predecessor-version":[{"id":16234,"href":"https:\/\/italchamber.qc.ca\/fr\/wp-json\/wp\/v2\/pages\/16208\/revisions\/16234"}],"up":[{"embeddable":true,"href":"https:\/\/italchamber.qc.ca\/fr\/wp-json\/wp\/v2\/pages\/16057"}],"wp:attachment":[{"href":"https:\/\/italchamber.qc.ca\/fr\/wp-json\/wp\/v2\/media?parent=16208"}],"curies":[{"name":"wp","href":"https:\/\/api.w.org\/{rel}","templated":true}]}}